{"id":73519,"date":"2025-07-19T08:57:58","date_gmt":"2025-07-19T08:57:58","guid":{"rendered":"https:\/\/skinstudio.ee\/?post_type=product&#038;p=73519"},"modified":"2026-01-21T13:57:20","modified_gmt":"2026-01-21T13:57:20","slug":"pro-microbiome-dry-skin","status":"publish","type":"product","link":"https:\/\/skinstudio.ee\/lv\/catalog\/reviderm\/pro-microbiome-dry-skin\/","title":{"rendered":"Pro Microbiome Dry Skin"},"content":{"rendered":"<p data-start=\"175\" data-end=\"634\">Koncentr\u0101ts \u0101das mikrobiotas normaliz\u0113\u0161anai ar pre-, pro-, postbiotik\u0101m un CH a\u0123entiem.<br data-start=\"262\" data-end=\"265\" \/>Dehidrat\u0113tai un sausai \u0101dai, \u012bpa\u0161i \u0101dai ar boj\u0101tu barjeru un noslieci uz kairin\u0101jumu un iekaisumu, tostarp k\u0101 pavado\u0161\u0101 terapija neiroderm\u012bta un ekz\u0113mas gad\u012bjum\u0101.<br data-start=\"426\" data-end=\"429\" \/>Unik\u0101lais mikrobiotiskais komplekss <strong data-start=\"465\" data-end=\"474\">I.L.N<\/strong> izmanto daudzfaktoru pieeju, kas ir individu\u0101li piel\u0101gota \u0101das vajadz\u012bb\u0101m, lai atjaunotu dehidrat\u0113tas un sausas \u0101das mikrobioma ekosist\u0113mas optim\u0101lu l\u012bdzsvaru.<\/p>\n<p data-start=\"636\" data-end=\"1192\"><strong data-start=\"636\" data-end=\"651\">I \u2013 Inul\u012bns<\/strong> \u2013 prebiotika (polisahar\u012bdi \u2013 \u201cbar\u012bba\u201d bakt\u0113rij\u0101m).<br data-start=\"702\" data-end=\"705\" \/><strong data-start=\"705\" data-end=\"749\">L \u2013 fermenti laktobakt\u0113riju liz\u0101ta form\u0101<\/strong> (probiotika). Stiprina \u0101das mikrobiomu un stabiliz\u0113 floru.<br data-start=\"808\" data-end=\"811\" \/><strong data-start=\"811\" data-end=\"859\">N \u2013 inovat\u012bv\u0101 sast\u0101vda\u013ca NONI (cilmes \u0161\u016bnas)<\/strong> \u2013 komunik\u0101cijas \u201chakeris\u201d. Nov\u0113r\u0161 mikrobu mikropl\u0113vju veido\u0161anos un pal\u012bdz samazin\u0101t virulenci.<br data-start=\"955\" data-end=\"958\" \/><strong data-start=\"958\" data-end=\"988\">Hidroliz\u0113ts rauga prote\u012bns<\/strong> nosl\u0113dz iedarb\u012bbu k\u0101 uz indik\u0101cij\u0101m v\u0113rsts postbioti\u0137is un veicina vesel\u012bgu sausas \u0101das mikroklimatu. Tiek atjaunota bakt\u0113riju daudzveid\u012bba, uzlabojas keram\u012bdu sint\u0113ze un samazin\u0101s mitruma zudums (TEWL).<\/p>\n<p data-start=\"1194\" data-end=\"1667\">Mikrobiotiskais komplekss ir siner\u0123iska prebiotiku, probiotiku, postbiotiku un komunik\u0101cijas hakeru kombin\u0101cija, kas izstr\u0101d\u0101ta atbilsto\u0161i sausas \u0101das vajadz\u012bb\u0101m. Dabisk\u0101 mikroflor\u0101 tiek stabiliz\u0113ta, nov\u0113r\u0161ot p\u0101rm\u0113r\u012bgu atsevi\u0161\u0137u bakt\u0113riju vairo\u0161anos vai citu defic\u012btu, kas izraisa sausumu un dehidrat\u0101ciju. Pozit\u012bvi ietekm\u0113 mikroorganismu savstarp\u0113jo mijiedarb\u012bbu, samazin\u0101s biopl\u0113ves un kait\u012bg\u0101 aktivit\u0101te (virulence). Hidroliz\u0113ts rauga prote\u012bns pastiprina lip\u012bdu sint\u0113zi.<\/p>\n<p data-start=\"1669\" data-end=\"1687\"><strong data-start=\"1669\" data-end=\"1681\">Tilpums:<\/strong> 30 ml<\/p>\n","protected":false},"excerpt":{"rendered":"<p data-start=\"1996\" data-end=\"2038\">Intens\u012bvs kr\u0113ms sausai \u0101dai ar prebiotik\u0101m<\/p>\n<h2 data-start=\"2040\" data-end=\"2087\"><strong data-start=\"2040\" data-end=\"2087\">\u012apa\u0161\u012bbas Reviderm &#8211; Pro Microbiome Dry Skin<\/strong><\/h2>\n<p data-start=\"2089\" data-end=\"2316\">\u2714\ufe0f Atjauno un uztur vesel\u012bgu \u0101das mikrobiomu<br data-start=\"2133\" data-end=\"2136\" \/>\u2714\ufe0f Stiprina aizsargbarjeru un nov\u0113r\u0161 mitruma zudumu<br data-start=\"2187\" data-end=\"2190\" \/>\u2714\ufe0f Nomierina sausu, jut\u012bgu un kairin\u0101tu \u0101du<br data-start=\"2233\" data-end=\"2236\" \/>\u2714\ufe0f M\u012bkstina un dzi\u013ci mitrina<br data-start=\"2264\" data-end=\"2267\" \/>\u2714\ufe0f Aizsarg\u0101 no \u0101r\u0113jiem kairin\u0101t\u0101jiem un sausuma<\/p>\n","protected":false},"featured_media":39494,"template":"","meta":[],"pwb-brand":[703],"product_brand":[],"product_cat":[745,737,739,723],"product_tag":[],"giftcard-category":[],"class_list":{"0":"post-73519","1":"product","2":"type-product","3":"status-publish","4":"has-post-thumbnail","6":"pwb-brand-reviderm","7":"product_cat-jutigai-adai","8":"product_cat-mitrinasana","9":"product_cat-sausai-adai","10":"product_cat-serumi","12":"first","13":"instock","14":"taxable","15":"shipping-taxable","16":"purchasable","17":"product-type-simple"},"acf":[],"brands":[{"id":703,"name":"Reviderm","slug":"reviderm"}],"_links":{"self":[{"href":"https:\/\/skinstudio.ee\/lv\/wp-json\/wp\/v2\/product\/73519","targetHints":{"allow":["GET"]}}],"collection":[{"href":"https:\/\/skinstudio.ee\/lv\/wp-json\/wp\/v2\/product"}],"about":[{"href":"https:\/\/skinstudio.ee\/lv\/wp-json\/wp\/v2\/types\/product"}],"version-history":[{"count":1,"href":"https:\/\/skinstudio.ee\/lv\/wp-json\/wp\/v2\/product\/73519\/revisions"}],"predecessor-version":[{"id":73520,"href":"https:\/\/skinstudio.ee\/lv\/wp-json\/wp\/v2\/product\/73519\/revisions\/73520"}],"wp:featuredmedia":[{"embeddable":true,"href":"https:\/\/skinstudio.ee\/lv\/wp-json\/wp\/v2\/media\/39494"}],"wp:attachment":[{"href":"https:\/\/skinstudio.ee\/lv\/wp-json\/wp\/v2\/media?parent=73519"}],"wp:term":[{"taxonomy":"pwb-brand","embeddable":true,"href":"https:\/\/skinstudio.ee\/lv\/wp-json\/wp\/v2\/pwb-brand?post=73519"},{"taxonomy":"product_brand","embeddable":true,"href":"https:\/\/skinstudio.ee\/lv\/wp-json\/wp\/v2\/product_brand?post=73519"},{"taxonomy":"product_cat","embeddable":true,"href":"https:\/\/skinstudio.ee\/lv\/wp-json\/wp\/v2\/product_cat?post=73519"},{"taxonomy":"product_tag","embeddable":true,"href":"https:\/\/skinstudio.ee\/lv\/wp-json\/wp\/v2\/product_tag?post=73519"},{"taxonomy":"giftcard-category","embeddable":true,"href":"https:\/\/skinstudio.ee\/lv\/wp-json\/wp\/v2\/giftcard-category?post=73519"}],"curies":[{"name":"wp","href":"https:\/\/api.w.org\/{rel}","templated":true}]}}