{"id":73526,"date":"2025-07-19T08:18:06","date_gmt":"2025-07-19T08:18:06","guid":{"rendered":"https:\/\/skinstudio.ee\/?post_type=product&#038;p=73526"},"modified":"2026-01-21T13:57:20","modified_gmt":"2026-01-21T13:57:20","slug":"purity-roll-on-forte","status":"publish","type":"product","link":"https:\/\/skinstudio.ee\/lv\/catalog\/reviderm\/purity-roll-on-forte\/","title":{"rendered":"Purity Roll-On Forte"},"content":{"rendered":"<p data-start=\"177\" data-end=\"721\">Intens\u012bvs koncentr\u0101ts ar p\u012blinga efektu ar akt\u012bvo kompleksu <strong data-start=\"237\" data-end=\"252\">Kerabionic\u00ae<\/strong>, salicilsk\u0101bi un aug\u013csk\u0101b\u0113m nesatur lip\u012bdus, efekt\u012bvi c\u012bn\u0101s ar pinn\u0113m, no\u0146em net\u012brumu da\u013ci\u0146as un \u0101das sebumu, sa\u0161aurina poras.<br data-start=\"379\" data-end=\"382\" \/>Komplekss <strong data-start=\"392\" data-end=\"407\">Kerabionic\u00ae<\/strong> regul\u0113 \u0101das dabisko mikrofloru, inhib\u0113 patog\u0113nos mikrobus un atjauno pH l\u012bdzsvaru, neboj\u0101jot \u0101du.<br data-start=\"505\" data-end=\"508\" \/>Salicilsk\u0101be atbr\u012bvo poras no liek\u0101 sebuma, nov\u0113r\u0161 tauku aizb\u0101\u017e\u0146u un komedonu veido\u0161anos.<br data-start=\"597\" data-end=\"600\" \/>Aug\u013csk\u0101bes izl\u012bdzina \u0101das strukt\u016bru. Otr\u0101s paaudzes mande\u013csk\u0101be stimul\u0113 \u0161\u016bnu atjauno\u0161anos un uzlabo visas \u0101das funkcijas.<\/p>\n<p data-start=\"723\" data-end=\"741\"><strong data-start=\"723\" data-end=\"735\">Tilpums:<\/strong> 10 ml<\/p>\n","protected":false},"excerpt":{"rendered":"<p data-start=\"941\" data-end=\"980\">Intens\u012bvs koncentr\u0101ts ar p\u012blinga efektu<\/p>\n<h2 data-start=\"982\" data-end=\"1026\"><strong data-start=\"982\" data-end=\"1026\">\u012apa\u0161\u012bbas Reviderm &#8211; Purity Roll-On Forte<\/strong><\/h2>\n<p data-start=\"1028\" data-end=\"1184\">\u2714\ufe0f No\u0146em atmiru\u0161o \u0101das sl\u0101ni<br data-start=\"1056\" data-end=\"1059\" \/>\u2714\ufe0f Samazina iekaisumus<br data-start=\"1081\" data-end=\"1084\" \/>\u2714\ufe0f Samazina poru redzam\u012bbu<br data-start=\"1110\" data-end=\"1113\" \/>\u2714\ufe0f Kontrol\u0113 sebuma izdal\u012b\u0161anos<br data-start=\"1143\" data-end=\"1146\" \/>\u2714\ufe0f Uzlabo epidermas tekst\u016bru un toni<\/p>\n","protected":false},"featured_media":63990,"template":"","meta":[],"pwb-brand":[703],"product_brand":[],"product_cat":[741,745,749,751,723],"product_tag":[],"giftcard-category":[],"class_list":{"0":"post-73526","1":"product","2":"type-product","3":"status-publish","4":"has-post-thumbnail","6":"pwb-brand-reviderm","7":"product_cat-izsitumi","8":"product_cat-jutigai-adai","9":"product_cat-novecojosa-ada","10":"product_cat-pigmentacija-lv","11":"product_cat-serumi","13":"first","14":"instock","15":"taxable","16":"shipping-taxable","17":"purchasable","18":"product-type-simple"},"acf":[],"brands":[{"id":703,"name":"Reviderm","slug":"reviderm"}],"_links":{"self":[{"href":"https:\/\/skinstudio.ee\/lv\/wp-json\/wp\/v2\/product\/73526","targetHints":{"allow":["GET"]}}],"collection":[{"href":"https:\/\/skinstudio.ee\/lv\/wp-json\/wp\/v2\/product"}],"about":[{"href":"https:\/\/skinstudio.ee\/lv\/wp-json\/wp\/v2\/types\/product"}],"version-history":[{"count":1,"href":"https:\/\/skinstudio.ee\/lv\/wp-json\/wp\/v2\/product\/73526\/revisions"}],"predecessor-version":[{"id":73527,"href":"https:\/\/skinstudio.ee\/lv\/wp-json\/wp\/v2\/product\/73526\/revisions\/73527"}],"wp:featuredmedia":[{"embeddable":true,"href":"https:\/\/skinstudio.ee\/lv\/wp-json\/wp\/v2\/media\/63990"}],"wp:attachment":[{"href":"https:\/\/skinstudio.ee\/lv\/wp-json\/wp\/v2\/media?parent=73526"}],"wp:term":[{"taxonomy":"pwb-brand","embeddable":true,"href":"https:\/\/skinstudio.ee\/lv\/wp-json\/wp\/v2\/pwb-brand?post=73526"},{"taxonomy":"product_brand","embeddable":true,"href":"https:\/\/skinstudio.ee\/lv\/wp-json\/wp\/v2\/product_brand?post=73526"},{"taxonomy":"product_cat","embeddable":true,"href":"https:\/\/skinstudio.ee\/lv\/wp-json\/wp\/v2\/product_cat?post=73526"},{"taxonomy":"product_tag","embeddable":true,"href":"https:\/\/skinstudio.ee\/lv\/wp-json\/wp\/v2\/product_tag?post=73526"},{"taxonomy":"giftcard-category","embeddable":true,"href":"https:\/\/skinstudio.ee\/lv\/wp-json\/wp\/v2\/giftcard-category?post=73526"}],"curies":[{"name":"wp","href":"https:\/\/api.w.org\/{rel}","templated":true}]}}