{"id":73534,"date":"2025-07-18T13:51:53","date_gmt":"2025-07-18T13:51:53","guid":{"rendered":"https:\/\/skinstudio.ee\/?post_type=product&#038;p=73534"},"modified":"2026-01-21T13:57:20","modified_gmt":"2026-01-21T13:57:20","slug":"purity-roll-on","status":"publish","type":"product","link":"https:\/\/skinstudio.ee\/lv\/catalog\/reviderm\/purity-roll-on\/","title":{"rendered":"Purity Roll-On"},"content":{"rendered":"<p data-start=\"176\" data-end=\"832\">Akt\u012bv\u0101 sast\u0101vda\u013ca no savva\u013cas indigo s\u0113kl\u0101m mazina niezi un nov\u0113r\u0161 diskomfortu. T\u0101 dzied\u0113 un ilgsto\u0161i nomierina \u0101du. Mikrosudrabs piem\u012bt sp\u0113c\u012bgai antibakteri\u0101lai iedarb\u012bbai un inhib\u0113 patog\u0113nos mikrobus. Cinka glutam\u0101ts efekt\u012bvi c\u012bn\u0101s ar iekaisumiem. Pantenols un hialuronsk\u0101be veicina \u0101das \u0161\u016bnu re\u0123ener\u0101ciju. Koncentr\u0101ts dzied\u0113 iekaisumus, neboj\u0101jot un neiz\u017e\u0101v\u0113jot \u0101du. Tas nov\u0113r\u0161 lob\u012b\u0161an\u0101s, r\u0113tu un r\u0113tu veido\u0161anos. Koncentr\u0101tam ir viegla tekst\u016bra, un, pateicoties rull\u012b\u0161a aplikatoram, to var prec\u012bzi un \u0101tri uzkl\u0101t uz problem\u0101tiskaj\u0101m \u0101das viet\u0101m. Antibakteri\u0101lais SOS koncentr\u0101ts ar rull\u012bti ir ieteikts V\u0101cijas Atopisk\u0101 dermat\u012bta \u0101rst\u0113\u0161anas asoci\u0101cijas.<\/p>\n<p data-start=\"834\" data-end=\"852\"><strong data-start=\"834\" data-end=\"846\">Tilpums:<\/strong> 10 ml<\/p>\n","protected":false},"excerpt":{"rendered":"<p data-start=\"998\" data-end=\"1051\">SOS koncentr\u0101ts t\u016bl\u012bt\u0113jai lok\u0101lu iekaisumu \u0101rst\u0113\u0161anai<\/p>\n<h2 data-start=\"1053\" data-end=\"1091\"><strong data-start=\"1053\" data-end=\"1091\">\u012apa\u0161\u012bbas Reviderm &#8211; Purity Roll-On<\/strong><\/h2>\n<p data-start=\"1093\" data-end=\"1331\">\u2714\ufe0f \u0100tri samazina iekaisumu un aps\u0101rtumu<br data-start=\"1132\" data-end=\"1135\" \/>\u2714\ufe0f Sausina izsitumus, nov\u0113r\u0161ot to att\u012bst\u012bbu<br data-start=\"1178\" data-end=\"1181\" \/>\u2714\ufe0f Piem\u012bt antibakteri\u0101la un sebuma regul\u0113jo\u0161a iedarb\u012bba<br data-start=\"1236\" data-end=\"1239\" \/>\u2714\ufe0f Pa\u0101trina dz\u012b\u0161anu un samazina postaknes risku<br data-start=\"1286\" data-end=\"1289\" \/>\u2714\ufe0f \u0112rts prec\u012bzai uzkl\u0101\u0161anai dienas laik\u0101<\/p>\n","protected":false},"featured_media":64134,"template":"","meta":[],"pwb-brand":[703],"product_brand":[],"product_cat":[741,745,751,723],"product_tag":[],"giftcard-category":[],"class_list":{"0":"post-73534","1":"product","2":"type-product","3":"status-publish","4":"has-post-thumbnail","6":"pwb-brand-reviderm","7":"product_cat-izsitumi","8":"product_cat-jutigai-adai","9":"product_cat-pigmentacija-lv","10":"product_cat-serumi","12":"first","13":"instock","14":"taxable","15":"shipping-taxable","16":"purchasable","17":"product-type-simple"},"acf":[],"brands":[{"id":703,"name":"Reviderm","slug":"reviderm"}],"_links":{"self":[{"href":"https:\/\/skinstudio.ee\/lv\/wp-json\/wp\/v2\/product\/73534","targetHints":{"allow":["GET"]}}],"collection":[{"href":"https:\/\/skinstudio.ee\/lv\/wp-json\/wp\/v2\/product"}],"about":[{"href":"https:\/\/skinstudio.ee\/lv\/wp-json\/wp\/v2\/types\/product"}],"version-history":[{"count":1,"href":"https:\/\/skinstudio.ee\/lv\/wp-json\/wp\/v2\/product\/73534\/revisions"}],"predecessor-version":[{"id":73535,"href":"https:\/\/skinstudio.ee\/lv\/wp-json\/wp\/v2\/product\/73534\/revisions\/73535"}],"wp:featuredmedia":[{"embeddable":true,"href":"https:\/\/skinstudio.ee\/lv\/wp-json\/wp\/v2\/media\/64134"}],"wp:attachment":[{"href":"https:\/\/skinstudio.ee\/lv\/wp-json\/wp\/v2\/media?parent=73534"}],"wp:term":[{"taxonomy":"pwb-brand","embeddable":true,"href":"https:\/\/skinstudio.ee\/lv\/wp-json\/wp\/v2\/pwb-brand?post=73534"},{"taxonomy":"product_brand","embeddable":true,"href":"https:\/\/skinstudio.ee\/lv\/wp-json\/wp\/v2\/product_brand?post=73534"},{"taxonomy":"product_cat","embeddable":true,"href":"https:\/\/skinstudio.ee\/lv\/wp-json\/wp\/v2\/product_cat?post=73534"},{"taxonomy":"product_tag","embeddable":true,"href":"https:\/\/skinstudio.ee\/lv\/wp-json\/wp\/v2\/product_tag?post=73534"},{"taxonomy":"giftcard-category","embeddable":true,"href":"https:\/\/skinstudio.ee\/lv\/wp-json\/wp\/v2\/giftcard-category?post=73534"}],"curies":[{"name":"wp","href":"https:\/\/api.w.org\/{rel}","templated":true}]}}