{"id":73543,"date":"2025-07-18T13:45:45","date_gmt":"2025-07-18T13:45:45","guid":{"rendered":"https:\/\/skinstudio.ee\/?post_type=product&#038;p=73543"},"modified":"2026-01-21T13:57:19","modified_gmt":"2026-01-21T13:57:19","slug":"oleosa-control-serum","status":"publish","type":"product","link":"https:\/\/skinstudio.ee\/lv\/catalog\/reviderm\/oleosa-control-serum\/","title":{"rendered":"Oleosa Control Serum"},"content":{"rendered":"<p data-start=\"472\" data-end=\"764\">Koncentr\u0113ts serums ar pretiekaisuma iedarb\u012bbu. Akt\u012bv\u0101 sast\u0101vda\u013ca <strong data-start=\"537\" data-end=\"563\">Sebu Control Complex N<\/strong> normaliz\u0113 sebuma veido\u0161anos un nov\u0113r\u0161 nev\u0113lamu sp\u012bdumu. Piem\u012bt antibakteri\u0101la iedarb\u012bba, samazina jaunu iekaisuma procesu veido\u0161anos un att\u012bst\u012bbu, neiz\u017e\u0101v\u0113jot \u0101du. Serums att\u012bra \u0101du un samazina poras.<\/p>\n<p data-start=\"766\" data-end=\"784\"><strong data-start=\"766\" data-end=\"778\">Tilpums:<\/strong> 30 ml<\/p>\n","protected":false},"excerpt":{"rendered":"<p data-start=\"930\" data-end=\"954\">Sebuma regul\u0113jo\u0161s serums<\/p>\n<h2 data-start=\"956\" data-end=\"1000\"><strong data-start=\"956\" data-end=\"1000\">\u012apa\u0161\u012bbas Reviderm &#8211; Oleosa Control Serum<\/strong><\/h2>\n<p data-start=\"1002\" data-end=\"1219\">\u2714\ufe0f Regul\u0113 sebuma izdal\u012b\u0161anos<br data-start=\"1030\" data-end=\"1033\" \/>\u2714\ufe0f Mat\u0113 \u0101du un samazina taukaino sp\u012bdumu<br data-start=\"1073\" data-end=\"1076\" \/>\u2714\ufe0f Sa\u0161aurina poras un izl\u012bdzina \u0101das tekst\u016bru<br data-start=\"1121\" data-end=\"1124\" \/>\u2714\ufe0f Piem\u012bt antibakteri\u0101la un pretiekaisuma iedarb\u012bba<br data-start=\"1175\" data-end=\"1178\" \/>\u2714\ufe0f Nov\u0113r\u0161 iekaisumu un aknes veido\u0161anos<\/p>\n","protected":false},"featured_media":63995,"template":"","meta":[],"pwb-brand":[703],"product_brand":[],"product_cat":[745,743,723,747],"product_tag":[],"giftcard-category":[],"class_list":{"0":"post-73543","1":"product","2":"type-product","3":"status-publish","4":"has-post-thumbnail","6":"pwb-brand-reviderm","7":"product_cat-jutigai-adai","8":"product_cat-paplasinatas-poras","9":"product_cat-serumi","10":"product_cat-taukainai-adai","12":"first","13":"instock","14":"taxable","15":"shipping-taxable","16":"purchasable","17":"product-type-simple"},"acf":[],"brands":[{"id":703,"name":"Reviderm","slug":"reviderm"}],"_links":{"self":[{"href":"https:\/\/skinstudio.ee\/lv\/wp-json\/wp\/v2\/product\/73543","targetHints":{"allow":["GET"]}}],"collection":[{"href":"https:\/\/skinstudio.ee\/lv\/wp-json\/wp\/v2\/product"}],"about":[{"href":"https:\/\/skinstudio.ee\/lv\/wp-json\/wp\/v2\/types\/product"}],"version-history":[{"count":1,"href":"https:\/\/skinstudio.ee\/lv\/wp-json\/wp\/v2\/product\/73543\/revisions"}],"predecessor-version":[{"id":73544,"href":"https:\/\/skinstudio.ee\/lv\/wp-json\/wp\/v2\/product\/73543\/revisions\/73544"}],"wp:featuredmedia":[{"embeddable":true,"href":"https:\/\/skinstudio.ee\/lv\/wp-json\/wp\/v2\/media\/63995"}],"wp:attachment":[{"href":"https:\/\/skinstudio.ee\/lv\/wp-json\/wp\/v2\/media?parent=73543"}],"wp:term":[{"taxonomy":"pwb-brand","embeddable":true,"href":"https:\/\/skinstudio.ee\/lv\/wp-json\/wp\/v2\/pwb-brand?post=73543"},{"taxonomy":"product_brand","embeddable":true,"href":"https:\/\/skinstudio.ee\/lv\/wp-json\/wp\/v2\/product_brand?post=73543"},{"taxonomy":"product_cat","embeddable":true,"href":"https:\/\/skinstudio.ee\/lv\/wp-json\/wp\/v2\/product_cat?post=73543"},{"taxonomy":"product_tag","embeddable":true,"href":"https:\/\/skinstudio.ee\/lv\/wp-json\/wp\/v2\/product_tag?post=73543"},{"taxonomy":"giftcard-category","embeddable":true,"href":"https:\/\/skinstudio.ee\/lv\/wp-json\/wp\/v2\/giftcard-category?post=73543"}],"curies":[{"name":"wp","href":"https:\/\/api.w.org\/{rel}","templated":true}]}}