{"id":73550,"date":"2025-07-18T13:39:40","date_gmt":"2025-07-18T13:39:40","guid":{"rendered":"https:\/\/skinstudio.ee\/?post_type=product&#038;p=73550"},"modified":"2026-01-21T13:57:16","modified_gmt":"2026-01-21T13:57:16","slug":"cell-regeneration-serum","status":"publish","type":"product","link":"https:\/\/skinstudio.ee\/lv\/catalog\/reviderm\/cell-regeneration-serum\/","title":{"rendered":"Cell Regeneration Serum"},"content":{"rendered":"<p data-start=\"539\" data-end=\"942\">Serums atbalsta \u0101das dabiskos atjauno\u0161an\u0101s procesus, padara to tvirt\u0101ku un c\u012bn\u0101s ar priek\u0161laic\u012bg\u0101m noveco\u0161an\u0101s paz\u012bm\u0113m. Vitam\u012bnu B3, B5 un B6 komplekss optimiz\u0113 vielmai\u0146as procesus, piepilda \u0161\u016bnas ar ener\u0123iju un uzlabo \u0101das apg\u0101di ar sk\u0101bekli. Tas stimul\u0113 \u0161\u016bnu aug\u0161anu un padara epidermu bl\u012bv\u0101ku. B grupas vitam\u012bnu komplekss nov\u0113r\u0161 seborejisk\u0101 dermat\u012bta att\u012bst\u012bbu, kas bie\u017ei rodas vitam\u012bnu defic\u012bta d\u0113\u013c.<\/p>\n<p data-start=\"944\" data-end=\"1249\">Regul\u0101ra seruma lieto\u0161ana pasarg\u0101 no jaunu grumbu veido\u0161an\u0101s, padara \u0101du iev\u0113rojami glud\u0101ku un tvirt\u0101ku. Antioksidants <strong data-start=\"1063\" data-end=\"1070\">OPC<\/strong> neitraliz\u0113 br\u012bvo radik\u0101\u013cu negat\u012bvo ietekmi, aizsarg\u0101 \u0101das \u0161\u016bnas un stabiliz\u0113 kapil\u0101rus. <strong data-start=\"1159\" data-end=\"1173\">C vitam\u012bns<\/strong>stimul\u0113 kolag\u0113na sint\u0113zi. Serums stiprina \u0101du un izl\u012bdzina s\u012bk\u0101s krunci\u0146as.<\/p>\n<p data-start=\"1251\" data-end=\"1269\"><strong data-start=\"1251\" data-end=\"1263\">Tilpums:<\/strong> 30 ml<\/p>\n","protected":false},"excerpt":{"rendered":"<p data-start=\"1426\" data-end=\"1463\">Re\u0123ener\u0113jo\u0161s serums \u0161\u016bnu aizsardz\u012bbai<\/p>\n<h2 data-start=\"1465\" data-end=\"1512\"><strong data-start=\"1465\" data-end=\"1512\">\u012apa\u0161\u012bbas Reviderm &#8211; Cell Regeneration Serum<\/strong><\/h2>\n<p data-start=\"1514\" data-end=\"1771\">\u2714\ufe0f Aktiviz\u0113 \u0161\u016bnu atjauno\u0161anos un \u0101das re\u0123ener\u0101ciju<br data-start=\"1564\" data-end=\"1567\" \/>\u2714\ufe0f Stiprina \u0101du un palielina t\u0101s tvirtumu<br data-start=\"1608\" data-end=\"1611\" \/>\u2714\ufe0f Nomierina kairin\u0101jumus un samazina jut\u012bgumu<br data-start=\"1657\" data-end=\"1660\" \/>\u2714\ufe0f Mitrina un atjauno \u0101das aizsargbarjeru<br data-start=\"1701\" data-end=\"1704\" \/>\u2714\ufe0f Piem\u0113rots \u0101das atjauno\u0161anai p\u0113c proced\u016br\u0101m un stresa st\u0101vok\u013cos<\/p>\n","protected":false},"featured_media":64000,"template":"","meta":[],"pwb-brand":[703],"product_brand":[],"product_cat":[745,749,751,723],"product_tag":[],"giftcard-category":[],"class_list":{"0":"post-73550","1":"product","2":"type-product","3":"status-publish","4":"has-post-thumbnail","6":"pwb-brand-reviderm","7":"product_cat-jutigai-adai","8":"product_cat-novecojosa-ada","9":"product_cat-pigmentacija-lv","10":"product_cat-serumi","12":"first","13":"instock","14":"taxable","15":"shipping-taxable","16":"purchasable","17":"product-type-simple"},"acf":[],"brands":[{"id":703,"name":"Reviderm","slug":"reviderm"}],"_links":{"self":[{"href":"https:\/\/skinstudio.ee\/lv\/wp-json\/wp\/v2\/product\/73550","targetHints":{"allow":["GET"]}}],"collection":[{"href":"https:\/\/skinstudio.ee\/lv\/wp-json\/wp\/v2\/product"}],"about":[{"href":"https:\/\/skinstudio.ee\/lv\/wp-json\/wp\/v2\/types\/product"}],"version-history":[{"count":1,"href":"https:\/\/skinstudio.ee\/lv\/wp-json\/wp\/v2\/product\/73550\/revisions"}],"predecessor-version":[{"id":73551,"href":"https:\/\/skinstudio.ee\/lv\/wp-json\/wp\/v2\/product\/73550\/revisions\/73551"}],"wp:featuredmedia":[{"embeddable":true,"href":"https:\/\/skinstudio.ee\/lv\/wp-json\/wp\/v2\/media\/64000"}],"wp:attachment":[{"href":"https:\/\/skinstudio.ee\/lv\/wp-json\/wp\/v2\/media?parent=73550"}],"wp:term":[{"taxonomy":"pwb-brand","embeddable":true,"href":"https:\/\/skinstudio.ee\/lv\/wp-json\/wp\/v2\/pwb-brand?post=73550"},{"taxonomy":"product_brand","embeddable":true,"href":"https:\/\/skinstudio.ee\/lv\/wp-json\/wp\/v2\/product_brand?post=73550"},{"taxonomy":"product_cat","embeddable":true,"href":"https:\/\/skinstudio.ee\/lv\/wp-json\/wp\/v2\/product_cat?post=73550"},{"taxonomy":"product_tag","embeddable":true,"href":"https:\/\/skinstudio.ee\/lv\/wp-json\/wp\/v2\/product_tag?post=73550"},{"taxonomy":"giftcard-category","embeddable":true,"href":"https:\/\/skinstudio.ee\/lv\/wp-json\/wp\/v2\/giftcard-category?post=73550"}],"curies":[{"name":"wp","href":"https:\/\/api.w.org\/{rel}","templated":true}]}}