{"id":73558,"date":"2025-07-18T12:57:52","date_gmt":"2025-07-18T12:57:52","guid":{"rendered":"https:\/\/skinstudio.ee\/?post_type=product&#038;p=73558"},"modified":"2026-01-21T13:57:20","modified_gmt":"2026-01-21T13:57:20","slug":"ph-manager-forte","status":"publish","type":"product","link":"https:\/\/skinstudio.ee\/lv\/catalog\/reviderm\/ph-manager-forte\/","title":{"rendered":"pH Manager Forte"},"content":{"rendered":"<p data-start=\"446\" data-end=\"876\">Unik\u0101lais <strong data-start=\"456\" data-end=\"470\">Kerabionic<\/strong> komplekss normaliz\u0113 pH l\u012bmeni, uztur un saglab\u0101 vesel\u012bgu floru uz \u0101das virsmas. Koncentr\u0101ts stiprina aizsargbarjeru un palielina t\u0101s iztur\u012bbu. \u013boti efekt\u012bv\u0101s aug\u013csk\u0101bes un salicilsk\u0101be regul\u0113 eksfoli\u0101cijas procesu, iz\u0161\u0137\u012bdina net\u012brumus, att\u012bra un stimul\u0113 \u0161\u016bnu atjauno\u0161anos. Ar pH regul\u0113jo\u0161o koncentr\u0101tu ar p\u012blinga efektu \u0101das virsma k\u013c\u016bst glud\u0101ka un tiek restrukturiz\u0113ta. Grumbas samazin\u0101s, \u0101da atjaunojas.<\/p>\n<p data-start=\"878\" data-end=\"1017\"><strong data-start=\"878\" data-end=\"890\">Tilpums:<\/strong> 30 ml<\/p>\n","protected":false},"excerpt":{"rendered":"<p data-start=\"1019\" data-end=\"1037\">Regul\u0113jo\u0161s \u0161\u0137\u012bdums<\/p>\n<h2 data-start=\"1039\" data-end=\"1079\"><strong data-start=\"1039\" data-end=\"1079\">\u012apa\u0161\u012bbas Reviderm &#8211; pH Manager Forte<\/strong><\/h2>\n<p data-start=\"1081\" data-end=\"1343\">\u2714\ufe0f Atjauno \u0101das dabisko pH l\u012bdzsvaru<br data-start=\"1117\" data-end=\"1120\" \/>\u2714\ufe0f Pastiprina turpm\u0101ko akt\u012bvo sast\u0101vda\u013cu iek\u013c\u016b\u0161anu<br data-start=\"1170\" data-end=\"1173\" \/>\u2714\ufe0f Nodro\u0161ina antiseptisku un pretiekaisuma iedarb\u012bbu<br data-start=\"1225\" data-end=\"1228\" \/>\u2714\ufe0f Samazina kairin\u0101jumu un uzlabo proced\u016bru panesam\u012bbu<br data-start=\"1282\" data-end=\"1285\" \/>\u2714\ufe0f Nomierina un atsvaidzina \u0101du, sagatavojot to kop\u0161anai<\/p>\n","protected":false},"featured_media":64005,"template":"","meta":[],"pwb-brand":[703],"product_brand":[],"product_cat":[737,749,751,723],"product_tag":[],"giftcard-category":[],"class_list":{"0":"post-73558","1":"product","2":"type-product","3":"status-publish","4":"has-post-thumbnail","6":"pwb-brand-reviderm","7":"product_cat-mitrinasana","8":"product_cat-novecojosa-ada","9":"product_cat-pigmentacija-lv","10":"product_cat-serumi","12":"first","13":"instock","14":"taxable","15":"shipping-taxable","16":"purchasable","17":"product-type-simple"},"acf":[],"brands":[{"id":703,"name":"Reviderm","slug":"reviderm"}],"_links":{"self":[{"href":"https:\/\/skinstudio.ee\/lv\/wp-json\/wp\/v2\/product\/73558","targetHints":{"allow":["GET"]}}],"collection":[{"href":"https:\/\/skinstudio.ee\/lv\/wp-json\/wp\/v2\/product"}],"about":[{"href":"https:\/\/skinstudio.ee\/lv\/wp-json\/wp\/v2\/types\/product"}],"version-history":[{"count":1,"href":"https:\/\/skinstudio.ee\/lv\/wp-json\/wp\/v2\/product\/73558\/revisions"}],"predecessor-version":[{"id":73559,"href":"https:\/\/skinstudio.ee\/lv\/wp-json\/wp\/v2\/product\/73558\/revisions\/73559"}],"wp:featuredmedia":[{"embeddable":true,"href":"https:\/\/skinstudio.ee\/lv\/wp-json\/wp\/v2\/media\/64005"}],"wp:attachment":[{"href":"https:\/\/skinstudio.ee\/lv\/wp-json\/wp\/v2\/media?parent=73558"}],"wp:term":[{"taxonomy":"pwb-brand","embeddable":true,"href":"https:\/\/skinstudio.ee\/lv\/wp-json\/wp\/v2\/pwb-brand?post=73558"},{"taxonomy":"product_brand","embeddable":true,"href":"https:\/\/skinstudio.ee\/lv\/wp-json\/wp\/v2\/product_brand?post=73558"},{"taxonomy":"product_cat","embeddable":true,"href":"https:\/\/skinstudio.ee\/lv\/wp-json\/wp\/v2\/product_cat?post=73558"},{"taxonomy":"product_tag","embeddable":true,"href":"https:\/\/skinstudio.ee\/lv\/wp-json\/wp\/v2\/product_tag?post=73558"},{"taxonomy":"giftcard-category","embeddable":true,"href":"https:\/\/skinstudio.ee\/lv\/wp-json\/wp\/v2\/giftcard-category?post=73558"}],"curies":[{"name":"wp","href":"https:\/\/api.w.org\/{rel}","templated":true}]}}