{"id":73565,"date":"2025-07-18T12:49:30","date_gmt":"2025-07-18T12:49:30","guid":{"rendered":"https:\/\/skinstudio.ee\/?post_type=product&#038;p=73565"},"modified":"2026-01-21T13:57:16","modified_gmt":"2026-01-21T13:57:16","slug":"calming-silver-spray","status":"publish","type":"product","link":"https:\/\/skinstudio.ee\/lv\/catalog\/reviderm\/calming-silver-spray\/","title":{"rendered":"Calming Silver Spray"},"content":{"rendered":"<p data-start=\"670\" data-end=\"1137\">Nomierino\u0161s t\u016bl\u012bt\u0113jas iedarb\u012bbas aerosols. Sudraba joni un neirokosm\u0113tisk\u0101s sast\u0101vda\u013cas ar pretstresa efektu \u0101tri mazina kairin\u0101jumu un niezi, atvieglo diskomfortu, nodro\u0161ina ilgsto\u0161u nomierino\u0161u un pretmikrobu iedarb\u012bbu. Nomierino\u0161o SOS aerosolu ar sudraba joniem var lietot k\u0101 ikdienas kop\u0161anas l\u012bdzekli pat jut\u012bgai \u0101dai ar noslieci uz aler\u0123isk\u0101m reakcij\u0101m. SOS aerosols nekav\u0113joties nomierina \u0101du p\u0113c saules iedarb\u012bbas vai meh\u0101niskas ietekmes salonproced\u016bru laik\u0101.<\/p>\n<p data-start=\"1139\" data-end=\"1158\"><strong data-start=\"1139\" data-end=\"1151\">Tilpums:<\/strong> 100 ml<\/p>\n","protected":false},"excerpt":{"rendered":"<p data-start=\"1412\" data-end=\"1450\">Nomierino\u0161s aerosols ar sudraba joniem<\/p>\n<h2 data-start=\"1452\" data-end=\"1496\"><strong data-start=\"1452\" data-end=\"1496\">\u012apa\u0161\u012bbas Reviderm &#8211; Calming Silver Spray<\/strong><\/h2>\n<p data-start=\"1498\" data-end=\"1713\">\u2714\ufe0f Piem\u012bt sp\u0113c\u012bga pretiekaisuma un antibakteri\u0101la iedarb\u012bba<br data-start=\"1557\" data-end=\"1560\" \/>\u2714\ufe0f Nomierina kairin\u0101jumu un samazina \u0101das jut\u012bgumu<br data-start=\"1610\" data-end=\"1613\" \/>\u2714\ufe0f Veicina mikroboj\u0101jumu un aps\u0101rtuma dz\u012b\u0161anu<br data-start=\"1658\" data-end=\"1661\" \/>\u2714\ufe0f Atsvaidzina un mitrina \u0101du bez lip\u012bguma saj\u016btas<\/p>\n","protected":false},"featured_media":64010,"template":"","meta":[],"pwb-brand":[703],"product_brand":[],"product_cat":[745,723],"product_tag":[],"giftcard-category":[],"class_list":{"0":"post-73565","1":"product","2":"type-product","3":"status-publish","4":"has-post-thumbnail","6":"pwb-brand-reviderm","7":"product_cat-jutigai-adai","8":"product_cat-serumi","10":"first","11":"instock","12":"taxable","13":"shipping-taxable","14":"purchasable","15":"product-type-simple"},"acf":[],"brands":[{"id":703,"name":"Reviderm","slug":"reviderm"}],"_links":{"self":[{"href":"https:\/\/skinstudio.ee\/lv\/wp-json\/wp\/v2\/product\/73565","targetHints":{"allow":["GET"]}}],"collection":[{"href":"https:\/\/skinstudio.ee\/lv\/wp-json\/wp\/v2\/product"}],"about":[{"href":"https:\/\/skinstudio.ee\/lv\/wp-json\/wp\/v2\/types\/product"}],"version-history":[{"count":1,"href":"https:\/\/skinstudio.ee\/lv\/wp-json\/wp\/v2\/product\/73565\/revisions"}],"predecessor-version":[{"id":73566,"href":"https:\/\/skinstudio.ee\/lv\/wp-json\/wp\/v2\/product\/73565\/revisions\/73566"}],"wp:featuredmedia":[{"embeddable":true,"href":"https:\/\/skinstudio.ee\/lv\/wp-json\/wp\/v2\/media\/64010"}],"wp:attachment":[{"href":"https:\/\/skinstudio.ee\/lv\/wp-json\/wp\/v2\/media?parent=73565"}],"wp:term":[{"taxonomy":"pwb-brand","embeddable":true,"href":"https:\/\/skinstudio.ee\/lv\/wp-json\/wp\/v2\/pwb-brand?post=73565"},{"taxonomy":"product_brand","embeddable":true,"href":"https:\/\/skinstudio.ee\/lv\/wp-json\/wp\/v2\/product_brand?post=73565"},{"taxonomy":"product_cat","embeddable":true,"href":"https:\/\/skinstudio.ee\/lv\/wp-json\/wp\/v2\/product_cat?post=73565"},{"taxonomy":"product_tag","embeddable":true,"href":"https:\/\/skinstudio.ee\/lv\/wp-json\/wp\/v2\/product_tag?post=73565"},{"taxonomy":"giftcard-category","embeddable":true,"href":"https:\/\/skinstudio.ee\/lv\/wp-json\/wp\/v2\/giftcard-category?post=73565"}],"curies":[{"name":"wp","href":"https:\/\/api.w.org\/{rel}","templated":true}]}}