{"id":73574,"date":"2025-07-18T12:42:09","date_gmt":"2025-07-18T12:42:09","guid":{"rendered":"https:\/\/skinstudio.ee\/?post_type=product&#038;p=73574"},"modified":"2026-01-21T13:57:17","modified_gmt":"2026-01-21T13:57:17","slug":"daily-double-c-serum","status":"publish","type":"product","link":"https:\/\/skinstudio.ee\/lv\/catalog\/reviderm\/daily-double-c-serum\/","title":{"rendered":"Daily Double C Serum"},"content":{"rendered":"<p data-start=\"538\" data-end=\"698\">Samta-g\u0113la serums ar \u013coti zemu lip\u012bdu saturu apvieno mikrokapsul\u0113tu C vitam\u012bnu ar taukos \u0161\u0137\u012bsto\u0161u formu, kas nodro\u0161ina stabilu iek\u013c\u016b\u0161anu \u0101d\u0101 un dzi\u013cu iedarb\u012bbu.<\/p>\n<p data-start=\"700\" data-end=\"937\">Mikrokapsul\u0113tais C vitam\u012bns lieto\u0161anas laik\u0101 pak\u0101peniski atbr\u012bvojas, aktiviz\u0113 jauna kolag\u0113na veido\u0161anos, nostiprina audu strukt\u016bru un pal\u012bdz nov\u0113rst pigment\u0101cijas izmai\u0146as, jo inhib\u0113 tirozin\u0101zi (enz\u012bmu, kas kataliz\u0113 melan\u012bna veido\u0161anos).<\/p>\n<p data-start=\"939\" data-end=\"1259\">Akt\u012bv\u0101 sast\u0101vda\u013ca fit\u012bnsk\u0101be ar\u012b inhib\u0113 tirozin\u0101zi un piem\u012bt antiradik\u0101la iedarb\u012bba, kas kop\u0101 ar antioksidantu E vitam\u012bnu optimiz\u0113 \u0161\u016bnu aizsardz\u012bbu un rada lab\u0101ku pamatu seruma nostiprino\u0161ajai iedarb\u012bbai. Hialuronsk\u0101be palielina \u016bdens notur\u0113\u0161anu un t\u0101d\u0113j\u0101di kompens\u0113 apjoma zudumu. \u0100da izskat\u0101s l\u012bdzsvarota un starojo\u0161a.<\/p>\n<p data-start=\"1261\" data-end=\"1279\"><strong data-start=\"1261\" data-end=\"1273\">Tilpums:<\/strong> 30 ml<\/p>\n","protected":false},"excerpt":{"rendered":"<p data-start=\"1444\" data-end=\"1475\">Stiprino\u0161s serums ar C vitam\u012bnu<\/p>\n<h2 data-start=\"1477\" data-end=\"1521\"><strong data-start=\"1477\" data-end=\"1521\">\u012apa\u0161\u012bbas Reviderm &#8211; Daily Double C Serum<\/strong><\/h2>\n<p data-start=\"1523\" data-end=\"1726\">\u2714\ufe0f Stimul\u0113 kolag\u0113na sint\u0113zi<br data-start=\"1550\" data-end=\"1553\" \/>\u2714\ufe0f Samazina pigment\u0101ciju un postakni<br data-start=\"1589\" data-end=\"1592\" \/>\u2714\ufe0f Izgaismo un izl\u012bdzina \u0101das toni<br data-start=\"1626\" data-end=\"1629\" \/>\u2714\ufe0f Nodro\u0161ina dzi\u013cu mitrin\u0101\u0161anu<br data-start=\"1659\" data-end=\"1662\" \/>\u2714\ufe0f Nov\u0113r\u0161 fotonoveco\u0161anos un samazina UV staru kait\u012bgo ietekmi<\/p>\n","protected":false},"featured_media":39344,"template":"","meta":[],"pwb-brand":[703],"product_brand":[],"product_cat":[729,749,751,723],"product_tag":[],"giftcard-category":[],"class_list":{"0":"post-73574","1":"product","2":"type-product","3":"status-publish","4":"has-post-thumbnail","6":"pwb-brand-reviderm","7":"product_cat-c-vitamins","8":"product_cat-novecojosa-ada","9":"product_cat-pigmentacija-lv","10":"product_cat-serumi","12":"first","13":"instock","14":"taxable","15":"shipping-taxable","16":"purchasable","17":"product-type-simple"},"acf":[],"brands":[{"id":703,"name":"Reviderm","slug":"reviderm"}],"_links":{"self":[{"href":"https:\/\/skinstudio.ee\/lv\/wp-json\/wp\/v2\/product\/73574","targetHints":{"allow":["GET"]}}],"collection":[{"href":"https:\/\/skinstudio.ee\/lv\/wp-json\/wp\/v2\/product"}],"about":[{"href":"https:\/\/skinstudio.ee\/lv\/wp-json\/wp\/v2\/types\/product"}],"version-history":[{"count":1,"href":"https:\/\/skinstudio.ee\/lv\/wp-json\/wp\/v2\/product\/73574\/revisions"}],"predecessor-version":[{"id":73575,"href":"https:\/\/skinstudio.ee\/lv\/wp-json\/wp\/v2\/product\/73574\/revisions\/73575"}],"wp:featuredmedia":[{"embeddable":true,"href":"https:\/\/skinstudio.ee\/lv\/wp-json\/wp\/v2\/media\/39344"}],"wp:attachment":[{"href":"https:\/\/skinstudio.ee\/lv\/wp-json\/wp\/v2\/media?parent=73574"}],"wp:term":[{"taxonomy":"pwb-brand","embeddable":true,"href":"https:\/\/skinstudio.ee\/lv\/wp-json\/wp\/v2\/pwb-brand?post=73574"},{"taxonomy":"product_brand","embeddable":true,"href":"https:\/\/skinstudio.ee\/lv\/wp-json\/wp\/v2\/product_brand?post=73574"},{"taxonomy":"product_cat","embeddable":true,"href":"https:\/\/skinstudio.ee\/lv\/wp-json\/wp\/v2\/product_cat?post=73574"},{"taxonomy":"product_tag","embeddable":true,"href":"https:\/\/skinstudio.ee\/lv\/wp-json\/wp\/v2\/product_tag?post=73574"},{"taxonomy":"giftcard-category","embeddable":true,"href":"https:\/\/skinstudio.ee\/lv\/wp-json\/wp\/v2\/giftcard-category?post=73574"}],"curies":[{"name":"wp","href":"https:\/\/api.w.org\/{rel}","templated":true}]}}