{"id":73582,"date":"2025-07-17T14:09:26","date_gmt":"2025-07-17T14:09:26","guid":{"rendered":"https:\/\/skinstudio.ee\/?post_type=product&#038;p=73582"},"modified":"2026-01-21T13:57:17","modified_gmt":"2026-01-21T13:57:17","slug":"ecm-repair-concentrate-hd","status":"publish","type":"product","link":"https:\/\/skinstudio.ee\/lv\/catalog\/reviderm\/ecm-repair-concentrate-hd\/","title":{"rendered":"ECM Repair Concentrate HD"},"content":{"rendered":"<p data-start=\"579\" data-end=\"1511\">ECM Repair Concentrate HD ir stiprino\u0161s serums bez smar\u017eviel\u0101m, kura iedarb\u012bba ir v\u0113rsta uz \u0101das dabisk\u0101s atjauno\u0161an\u0101s sp\u0113jas stimul\u0113\u0161anu. Galven\u0101 akt\u012bv\u0101 sast\u0101vda\u013ca ir REVIDERM izstr\u0101d\u0101tais MatriBuild\u00a9 komplekss, kas optimiz\u0113 ekstracelul\u0101r\u0101 matriksa (ECM) strukt\u016bru k\u0101 \u012bsts \u201c\u0101das arhitekts\u201d. Tas stimul\u0113 visu ECM komponentu veido\u0161anos, tostarp polisahar\u012bdus, glikoprote\u012bnus, elektrol\u012btus, aminosk\u0101bes un proteoglik\u0101nus. Kompleksa iedarb\u012bbu pastiprina augstas molekulmasas hialuronsk\u0101be, kas atjauno \u0101das turgoru un saglab\u0101 t\u0101s piepild\u012bjumu, noturot mitrumu \u0101d\u0101. Jo augst\u0101ka ir ECM kvalit\u0101te, jo lab\u0101ka ir \u0101das kvalit\u0101te, jo visi atjauno\u0161anai svar\u012bgie elementi nodro\u0161ina dabisku \u0161\u016bnu savstarp\u0113jo komunik\u0101ciju. Reviderm ECM Repair Concentrate HD dzi\u013ci iek\u013c\u016bst \u0101d\u0101, uzlabo \u0161\u016bnu komunik\u0101ciju, atjauno dabisk\u0101s \u0101das funkcijas un uzlabo \u0161\u016bnu baro\u0161anu. Produkts mazina kairin\u0101jumu un aps\u0101rtumu, nodro\u0161inot l\u012bdzsvarotu un svaigu sejas toni.<\/p>\n<p data-start=\"1513\" data-end=\"1671\">Piem\u0113rots visiem \u0101das tipiem, kuriem nepiecie\u0161ama re\u0123ener\u0101cija, \u012bpa\u0161i \u0101dai ar redzam\u0101m vecuma izmai\u0146\u0101m ekstracelul\u0101r\u0101 matriksa strukt\u016br\u0101 un nevienm\u0113r\u012bgu toni.<\/p>\n<p data-start=\"1673\" data-end=\"1691\"><strong data-start=\"1673\" data-end=\"1685\">Tilpums:<\/strong> 30 ml<\/p>\n","protected":false},"excerpt":{"rendered":"<p data-start=\"1882\" data-end=\"1900\">Atjaunojo\u0161s serums<\/p>\n<h2 data-start=\"1902\" data-end=\"1951\"><strong data-start=\"1902\" data-end=\"1951\">\u012apa\u0161\u012bbas Reviderm &#8211; ECM Repair Concentrate HD<\/strong><\/h2>\n<p data-start=\"1953\" data-end=\"2179\">\u2714\ufe0f Stiprina ekstracelul\u0101ro matriksu un \u0101das strukt\u016bru<br data-start=\"2006\" data-end=\"2009\" \/>\u2714\ufe0f Palielina \u0101das bl\u012bvumu un elast\u012bbu<br data-start=\"2046\" data-end=\"2049\" \/>\u2714\ufe0f Stimul\u0113 kolag\u0113na un elast\u012bna sint\u0113zi<br data-start=\"2088\" data-end=\"2091\" \/>\u2714\ufe0f Atjauno \u0101du p\u0113c stresa un boj\u0101jumiem<br data-start=\"2130\" data-end=\"2133\" \/>\u2714\ufe0f Izl\u012bdzina grumbas un uzlabo \u0101das tekst\u016bru<\/p>\n","protected":false},"featured_media":64015,"template":"","meta":[],"pwb-brand":[703],"product_brand":[],"product_cat":[737,749,751,723],"product_tag":[],"giftcard-category":[],"class_list":{"0":"post-73582","1":"product","2":"type-product","3":"status-publish","4":"has-post-thumbnail","6":"pwb-brand-reviderm","7":"product_cat-mitrinasana","8":"product_cat-novecojosa-ada","9":"product_cat-pigmentacija-lv","10":"product_cat-serumi","12":"first","13":"instock","14":"taxable","15":"shipping-taxable","16":"purchasable","17":"product-type-simple"},"acf":[],"brands":[{"id":703,"name":"Reviderm","slug":"reviderm"}],"_links":{"self":[{"href":"https:\/\/skinstudio.ee\/lv\/wp-json\/wp\/v2\/product\/73582","targetHints":{"allow":["GET"]}}],"collection":[{"href":"https:\/\/skinstudio.ee\/lv\/wp-json\/wp\/v2\/product"}],"about":[{"href":"https:\/\/skinstudio.ee\/lv\/wp-json\/wp\/v2\/types\/product"}],"version-history":[{"count":1,"href":"https:\/\/skinstudio.ee\/lv\/wp-json\/wp\/v2\/product\/73582\/revisions"}],"predecessor-version":[{"id":73583,"href":"https:\/\/skinstudio.ee\/lv\/wp-json\/wp\/v2\/product\/73582\/revisions\/73583"}],"wp:featuredmedia":[{"embeddable":true,"href":"https:\/\/skinstudio.ee\/lv\/wp-json\/wp\/v2\/media\/64015"}],"wp:attachment":[{"href":"https:\/\/skinstudio.ee\/lv\/wp-json\/wp\/v2\/media?parent=73582"}],"wp:term":[{"taxonomy":"pwb-brand","embeddable":true,"href":"https:\/\/skinstudio.ee\/lv\/wp-json\/wp\/v2\/pwb-brand?post=73582"},{"taxonomy":"product_brand","embeddable":true,"href":"https:\/\/skinstudio.ee\/lv\/wp-json\/wp\/v2\/product_brand?post=73582"},{"taxonomy":"product_cat","embeddable":true,"href":"https:\/\/skinstudio.ee\/lv\/wp-json\/wp\/v2\/product_cat?post=73582"},{"taxonomy":"product_tag","embeddable":true,"href":"https:\/\/skinstudio.ee\/lv\/wp-json\/wp\/v2\/product_tag?post=73582"},{"taxonomy":"giftcard-category","embeddable":true,"href":"https:\/\/skinstudio.ee\/lv\/wp-json\/wp\/v2\/giftcard-category?post=73582"}],"curies":[{"name":"wp","href":"https:\/\/api.w.org\/{rel}","templated":true}]}}