{"id":73589,"date":"2025-07-17T13:29:56","date_gmt":"2025-07-17T13:29:56","guid":{"rendered":"https:\/\/skinstudio.ee\/?post_type=product&#038;p=73589"},"modified":"2026-01-21T13:57:18","modified_gmt":"2026-01-21T13:57:18","slug":"hyaluron-hydro-balance-hd","status":"publish","type":"product","link":"https:\/\/skinstudio.ee\/lv\/catalog\/reviderm\/hyaluron-hydro-balance-hd\/","title":{"rendered":"Hyaluron Hydro Balance HD"},"content":{"rendered":"<p data-start=\"518\" data-end=\"1193\">Serums intens\u012bvi un \u0101tri piepilda \u0101du ar mitrumu. T\u0101 rezult\u0101t\u0101 grumbas, ko izraisa sausums, uzreiz tiek izl\u012bdzin\u0101tas, samazin\u0101s sausuma un savilkuma saj\u016bta. Da\u017e\u0101das molekulmasas hialuronsk\u0101be kombin\u0101cij\u0101 ar biomim\u0113tisku aminosk\u0101bju kompleksu uzlabo \u0101das sp\u0113ju notur\u0113t mitrumu. \u0100da k\u013c\u016bst bl\u012bv\u0101ka un lab\u0101k mitrin\u0101ta, grumbas izl\u012bdzin\u0101s. Zemas molekulmasas hialuronsk\u0101bes un B3 vitam\u012bna kombin\u0101cija veicina keram\u012bdu sint\u0113zi un p\u0101rv\u0113r\u0161 filagr\u012bnu mitrino\u0161\u0101 faktor\u0101. \u0100das pa\u0161a \u016bdens l\u012bdzsvars tiek atjaunots uz ilgu laiku. Augstas molekulmasas hialuronsk\u0101be saista un notur mitrumu \u0101das virs\u0113j\u0101 \u2013 raga \u2013 sl\u0101n\u012b. \u0100das virsma uzreiz k\u013c\u016bst glud\u0101ka, un sausuma izrais\u012bt\u0101s grumbas izz\u016bd.<\/p>\n<p data-start=\"1195\" data-end=\"1213\"><strong data-start=\"1195\" data-end=\"1207\">Tilpums:<\/strong> 30 ml<\/p>\n","protected":false},"excerpt":{"rendered":"<p data-start=\"1384\" data-end=\"1417\">Mitrino\u0161s serums ar hialuronsk\u0101bi<\/p>\n<h2 data-start=\"1419\" data-end=\"1468\"><strong data-start=\"1419\" data-end=\"1468\">\u012apa\u0161\u012bbas Reviderm &#8211; Hyaluron Hydro Balance HD<\/strong><\/h2>\n<p data-start=\"1470\" data-end=\"1696\">\u2714\ufe0f Nodro\u0161ina ilgsto\u0161u un dzi\u013cu mitrin\u0101\u0161anu<br data-start=\"1512\" data-end=\"1515\" \/>\u2714\ufe0f Palielina \u0101das tvirtumu un elast\u012bbu<br data-start=\"1553\" data-end=\"1556\" \/>\u2714\ufe0f Samazina dehidrat\u0101cijas izrais\u012bt\u0101s grumbas<br data-start=\"1601\" data-end=\"1604\" \/>\u2714\ufe0f Atjauno \u016bdens balansu un saglab\u0101 mitrumu \u0101d\u0101<br data-start=\"1651\" data-end=\"1654\" \/>\u2714\ufe0f Padara \u0101du gludu, svaigu un starojo\u0161u<\/p>\n","protected":false},"featured_media":64020,"template":"","meta":[],"pwb-brand":[703],"product_brand":[],"product_cat":[737,749,723],"product_tag":[],"giftcard-category":[],"class_list":{"0":"post-73589","1":"product","2":"type-product","3":"status-publish","4":"has-post-thumbnail","6":"pwb-brand-reviderm","7":"product_cat-mitrinasana","8":"product_cat-novecojosa-ada","9":"product_cat-serumi","11":"first","12":"instock","13":"taxable","14":"shipping-taxable","15":"purchasable","16":"product-type-simple"},"acf":[],"brands":[{"id":703,"name":"Reviderm","slug":"reviderm"}],"_links":{"self":[{"href":"https:\/\/skinstudio.ee\/lv\/wp-json\/wp\/v2\/product\/73589","targetHints":{"allow":["GET"]}}],"collection":[{"href":"https:\/\/skinstudio.ee\/lv\/wp-json\/wp\/v2\/product"}],"about":[{"href":"https:\/\/skinstudio.ee\/lv\/wp-json\/wp\/v2\/types\/product"}],"version-history":[{"count":1,"href":"https:\/\/skinstudio.ee\/lv\/wp-json\/wp\/v2\/product\/73589\/revisions"}],"predecessor-version":[{"id":73590,"href":"https:\/\/skinstudio.ee\/lv\/wp-json\/wp\/v2\/product\/73589\/revisions\/73590"}],"wp:featuredmedia":[{"embeddable":true,"href":"https:\/\/skinstudio.ee\/lv\/wp-json\/wp\/v2\/media\/64020"}],"wp:attachment":[{"href":"https:\/\/skinstudio.ee\/lv\/wp-json\/wp\/v2\/media?parent=73589"}],"wp:term":[{"taxonomy":"pwb-brand","embeddable":true,"href":"https:\/\/skinstudio.ee\/lv\/wp-json\/wp\/v2\/pwb-brand?post=73589"},{"taxonomy":"product_brand","embeddable":true,"href":"https:\/\/skinstudio.ee\/lv\/wp-json\/wp\/v2\/product_brand?post=73589"},{"taxonomy":"product_cat","embeddable":true,"href":"https:\/\/skinstudio.ee\/lv\/wp-json\/wp\/v2\/product_cat?post=73589"},{"taxonomy":"product_tag","embeddable":true,"href":"https:\/\/skinstudio.ee\/lv\/wp-json\/wp\/v2\/product_tag?post=73589"},{"taxonomy":"giftcard-category","embeddable":true,"href":"https:\/\/skinstudio.ee\/lv\/wp-json\/wp\/v2\/giftcard-category?post=73589"}],"curies":[{"name":"wp","href":"https:\/\/api.w.org\/{rel}","templated":true}]}}