{"id":73596,"date":"2025-07-17T13:20:09","date_gmt":"2025-07-17T13:20:09","guid":{"rendered":"https:\/\/skinstudio.ee\/?post_type=product&#038;p=73596"},"modified":"2026-01-21T13:57:19","modified_gmt":"2026-01-21T13:57:19","slug":"opc-concentrate-anti-glication","status":"publish","type":"product","link":"https:\/\/skinstudio.ee\/lv\/catalog\/reviderm\/opc-concentrate-anti-glication\/","title":{"rendered":"OPC Concentrate Anti-Glication"},"content":{"rendered":"<p data-start=\"499\" data-end=\"2005\">OPC Concentrate Anti-Glication ir viegls, \u013coti efekt\u012bvs serums ar tr\u012bsk\u0101r\u0161u pretnoveco\u0161an\u0101s iedarb\u012bbu. Tas apvieno antiglik\u0101cijas akt\u012bv\u0101s vielas (dipept\u012bdu karnoz\u012bnu) ar sp\u0113c\u012bgu antioksidantu Pycnogenol\u00ae, lai aizsarg\u0101tu \u0161\u016bnas, saglab\u0101tu \u0101das un asinsvadu dabisko elast\u012bbu, nodro\u0161in\u0101tu vienm\u0113r\u012bgu sejas toni un pal\u0113nin\u0101tu noveco\u0161an\u0101s procesu progres\u0113\u0161anu. Glik\u0101cija izraisa olbaltumvielu strukt\u016bru, piem\u0113ram, kolag\u0113na un elast\u012bna, elast\u012bbas zudumu. \u0100das sp\u0113ja saist\u012bt \u016bdeni strauji samazin\u0101s, un \u201ccukuro\u0161an\u0101s\u201d k\u013c\u016bst par iemeslu pa\u0101trin\u0101tai un priek\u0161laic\u012bgai grumbu veido\u0161anai. Formula ar unik\u0101lu sast\u0101vu aizsarg\u0101 no galaproduktu uzkr\u0101\u0161an\u0101s (A.G.E.s \u2013 Advanced Glycation Endproducts) un priek\u0161laic\u012bgas cieto olbaltumvielu savienojumu veido\u0161an\u0101s: t\u0101 pagarina \u0161\u016bnu dz\u012bves ilgumu un samazina audu saciet\u0113\u0161anu. Karnoz\u012bnam piem\u012bt izteiktas antioksidanta \u012bpa\u0161\u012bbas \u2013 tas kav\u0113 \u0101das olbaltumvielu peroksidat\u012bvo modifik\u0101ciju, aizsarg\u0101 t\u0101s no glikozil\u0113\u0161anas, saista liekos met\u0101lu jonus, kas boj\u0101 \u0161\u016bnu membr\u0101nas, un nov\u0113r\u0161 priek\u0161laic\u012bgu noveco\u0161anos. Pycnogenol\u00ae (liposom\u0101l\u0101 form\u0101) pieder pie oligom\u0113rajiem proantocianid\u012bniem \u2013 augu bioflavono\u012bdiem, kas ieg\u016bti ar patent\u0113tu tehnolo\u0123iju. Tas tiek uzskat\u012bts par vienu no sp\u0113c\u012bg\u0101kajiem dabiskajiem antioksidantiem. Kombin\u0101cij\u0101 ar antiglik\u0101cijas formulu AGF un jap\u0101\u0146u aprikozes aug\u013cu ekstraktu tas neitraliz\u0113 br\u012bvos radik\u0101\u013cus, kas ir galvenais \u0101das noveco\u0161an\u0101s pa\u0101trin\u0101t\u0101js. Jap\u0101\u0146u aprikozes aug\u013cu ekstrakts ar\u012b pozit\u012bvi ietekm\u0113 pigment\u0101cijas procesus un izgaismo sejas toni.<\/p>\n<p data-start=\"2007\" data-end=\"2147\">Produkts piem\u0113rots visiem \u0101das tipiem, kuriem nepiecie\u0161ama re\u0123ener\u0101cija, \u012bpa\u0161i \u0101dai ar redzam\u0101m noveco\u0161an\u0101s paz\u012bm\u0113m un asinsvadu labilit\u0101ti.<\/p>\n<p data-start=\"2149\" data-end=\"2167\"><strong data-start=\"2149\" data-end=\"2161\">Tilpums:<\/strong> 30 ml<\/p>\n","protected":false},"excerpt":{"rendered":"<p data-start=\"2334\" data-end=\"2387\">Antioksidanta serums \u0101das aizsardz\u012bbai pret glik\u0101ciju<\/p>\n<h2 data-start=\"2389\" data-end=\"2443\"><strong data-start=\"2389\" data-end=\"2443\">\u012apa\u0161\u012bbas Reviderm &#8211; OPC Concentrate Anti-Glication<\/strong><\/h2>\n<p data-start=\"2445\" data-end=\"2663\">\u2714\ufe0f Aizsarg\u0101 \u0101du no glik\u0101cijas (\u201ccukura noveco\u0161an\u0101s\u201d)<br data-start=\"2497\" data-end=\"2500\" \/>\u2714\ufe0f Neitraliz\u0113 br\u012bvos radik\u0101\u013cus<br data-start=\"2530\" data-end=\"2533\" \/>\u2714\ufe0f Palielina \u0101das tvirtumu un elast\u012bbu<br data-start=\"2571\" data-end=\"2574\" \/>\u2714\ufe0f Nov\u0113r\u0161 grumbu un pigment\u0101cijas veido\u0161anos<br data-start=\"2618\" data-end=\"2621\" \/>\u2714\ufe0f Uzlabo sejas toni un atjauno mirdzumu<\/p>\n","protected":false},"featured_media":39248,"template":"","meta":[],"pwb-brand":[703],"product_brand":[],"product_cat":[737,749,751,723],"product_tag":[],"giftcard-category":[],"class_list":{"0":"post-73596","1":"product","2":"type-product","3":"status-publish","4":"has-post-thumbnail","6":"pwb-brand-reviderm","7":"product_cat-mitrinasana","8":"product_cat-novecojosa-ada","9":"product_cat-pigmentacija-lv","10":"product_cat-serumi","12":"first","13":"instock","14":"taxable","15":"shipping-taxable","16":"purchasable","17":"product-type-simple"},"acf":[],"brands":[{"id":703,"name":"Reviderm","slug":"reviderm"}],"_links":{"self":[{"href":"https:\/\/skinstudio.ee\/lv\/wp-json\/wp\/v2\/product\/73596","targetHints":{"allow":["GET"]}}],"collection":[{"href":"https:\/\/skinstudio.ee\/lv\/wp-json\/wp\/v2\/product"}],"about":[{"href":"https:\/\/skinstudio.ee\/lv\/wp-json\/wp\/v2\/types\/product"}],"version-history":[{"count":2,"href":"https:\/\/skinstudio.ee\/lv\/wp-json\/wp\/v2\/product\/73596\/revisions"}],"predecessor-version":[{"id":73598,"href":"https:\/\/skinstudio.ee\/lv\/wp-json\/wp\/v2\/product\/73596\/revisions\/73598"}],"wp:featuredmedia":[{"embeddable":true,"href":"https:\/\/skinstudio.ee\/lv\/wp-json\/wp\/v2\/media\/39248"}],"wp:attachment":[{"href":"https:\/\/skinstudio.ee\/lv\/wp-json\/wp\/v2\/media?parent=73596"}],"wp:term":[{"taxonomy":"pwb-brand","embeddable":true,"href":"https:\/\/skinstudio.ee\/lv\/wp-json\/wp\/v2\/pwb-brand?post=73596"},{"taxonomy":"product_brand","embeddable":true,"href":"https:\/\/skinstudio.ee\/lv\/wp-json\/wp\/v2\/product_brand?post=73596"},{"taxonomy":"product_cat","embeddable":true,"href":"https:\/\/skinstudio.ee\/lv\/wp-json\/wp\/v2\/product_cat?post=73596"},{"taxonomy":"product_tag","embeddable":true,"href":"https:\/\/skinstudio.ee\/lv\/wp-json\/wp\/v2\/product_tag?post=73596"},{"taxonomy":"giftcard-category","embeddable":true,"href":"https:\/\/skinstudio.ee\/lv\/wp-json\/wp\/v2\/giftcard-category?post=73596"}],"curies":[{"name":"wp","href":"https:\/\/api.w.org\/{rel}","templated":true}]}}