{"id":73605,"date":"2025-07-17T13:07:21","date_gmt":"2025-07-17T13:07:21","guid":{"rendered":"https:\/\/skinstudio.ee\/?post_type=product&#038;p=73605"},"modified":"2026-01-21T13:57:21","modified_gmt":"2026-01-21T13:57:21","slug":"triple-c-cure","status":"publish","type":"product","link":"https:\/\/skinstudio.ee\/lv\/catalog\/reviderm\/triple-c-cure\/","title":{"rendered":"Triple C Cure"},"content":{"rendered":"<p data-start=\"525\" data-end=\"996\">Augsta C vitam\u012bna koncentr\u0101cija veicina kolag\u0113na sint\u0113zi, nostiprina un savelk sejas kont\u016bras, izgaismo pigment\u0101cijas plankumus. C vitam\u012bns un antioksidants OPC mazina iekaisuma procesus un aizsarg\u0101 \u0101du no priek\u0161laic\u012bgas noveco\u0161an\u0101s. Divf\u0101\u017eu sist\u0113ma saglab\u0101 t\u012bru C vitam\u012bnu pulvera veid\u0101 l\u012bdz t\u0101 sajauk\u0161anai ar serumu, kas garant\u0113 augstu efektivit\u0101ti. Tr\u012bs ned\u0113\u013cu kurss ir ieteicams ar\u012b \u0101dai ap ac\u012bm. Sejas kont\u016bras k\u013c\u016bst tvirt\u0101kas, \u0101da izl\u012bdzin\u0101s, uzlabojas sejas tonis.<\/p>\n<p data-start=\"998\" data-end=\"1019\"><strong data-start=\"998\" data-end=\"1010\">Tilpums:<\/strong> 3 x 7 ml<\/p>\n","protected":false},"excerpt":{"rendered":"<p data-start=\"1199\" data-end=\"1226\">Intens\u012bvs vitam\u012bnu boosters<\/p>\n<h2 data-start=\"1228\" data-end=\"1265\"><strong data-start=\"1228\" data-end=\"1265\">\u012apa\u0161\u012bbas Reviderm &#8211; Triple C Cure<\/strong><\/h2>\n<p data-start=\"1267\" data-end=\"1476\">\u2714\ufe0f Izgaismo un izl\u012bdzina \u0101das toni<br data-start=\"1301\" data-end=\"1304\" \/>\u2714\ufe0f Nodro\u0161ina sp\u0113c\u012bgu antioksidantu aizsardz\u012bbu<br data-start=\"1350\" data-end=\"1353\" \/>\u2714\ufe0f Palielina \u0101das mirdzumu un svaigumu<br data-start=\"1391\" data-end=\"1394\" \/>\u2714\ufe0f Stimul\u0113 kolag\u0113na sint\u0113zi<br data-start=\"1421\" data-end=\"1424\" \/>\u2714\ufe0f Nostiprina kapil\u0101rus un uzlabo mikrocirkul\u0101ciju<\/p>\n","protected":false},"featured_media":64025,"template":"","meta":[],"pwb-brand":[703],"product_brand":[],"product_cat":[729,737,749,723],"product_tag":[],"giftcard-category":[],"class_list":{"0":"post-73605","1":"product","2":"type-product","3":"status-publish","4":"has-post-thumbnail","6":"pwb-brand-reviderm","7":"product_cat-c-vitamins","8":"product_cat-mitrinasana","9":"product_cat-novecojosa-ada","10":"product_cat-serumi","12":"first","13":"instock","14":"taxable","15":"shipping-taxable","16":"purchasable","17":"product-type-simple"},"acf":[],"brands":[{"id":703,"name":"Reviderm","slug":"reviderm"}],"_links":{"self":[{"href":"https:\/\/skinstudio.ee\/lv\/wp-json\/wp\/v2\/product\/73605","targetHints":{"allow":["GET"]}}],"collection":[{"href":"https:\/\/skinstudio.ee\/lv\/wp-json\/wp\/v2\/product"}],"about":[{"href":"https:\/\/skinstudio.ee\/lv\/wp-json\/wp\/v2\/types\/product"}],"version-history":[{"count":1,"href":"https:\/\/skinstudio.ee\/lv\/wp-json\/wp\/v2\/product\/73605\/revisions"}],"predecessor-version":[{"id":73606,"href":"https:\/\/skinstudio.ee\/lv\/wp-json\/wp\/v2\/product\/73605\/revisions\/73606"}],"wp:featuredmedia":[{"embeddable":true,"href":"https:\/\/skinstudio.ee\/lv\/wp-json\/wp\/v2\/media\/64025"}],"wp:attachment":[{"href":"https:\/\/skinstudio.ee\/lv\/wp-json\/wp\/v2\/media?parent=73605"}],"wp:term":[{"taxonomy":"pwb-brand","embeddable":true,"href":"https:\/\/skinstudio.ee\/lv\/wp-json\/wp\/v2\/pwb-brand?post=73605"},{"taxonomy":"product_brand","embeddable":true,"href":"https:\/\/skinstudio.ee\/lv\/wp-json\/wp\/v2\/product_brand?post=73605"},{"taxonomy":"product_cat","embeddable":true,"href":"https:\/\/skinstudio.ee\/lv\/wp-json\/wp\/v2\/product_cat?post=73605"},{"taxonomy":"product_tag","embeddable":true,"href":"https:\/\/skinstudio.ee\/lv\/wp-json\/wp\/v2\/product_tag?post=73605"},{"taxonomy":"giftcard-category","embeddable":true,"href":"https:\/\/skinstudio.ee\/lv\/wp-json\/wp\/v2\/giftcard-category?post=73605"}],"curies":[{"name":"wp","href":"https:\/\/api.w.org\/{rel}","templated":true}]}}