{"id":73610,"date":"2025-07-17T12:33:47","date_gmt":"2025-07-17T12:33:47","guid":{"rendered":"https:\/\/skinstudio.ee\/?post_type=product&#038;p=73610"},"modified":"2026-04-10T07:53:22","modified_gmt":"2026-04-10T07:53:22","slug":"activating-gel-mask","status":"publish","type":"product","link":"https:\/\/skinstudio.ee\/lv\/catalog\/reviderm\/activating-gel-mask\/","title":{"rendered":"Activating Gel Mask"},"content":{"rendered":"<section class=\"text-token-text-primary w-full focus:outline-none [--shadow-height:45px] has-data-writing-block:pointer-events-none has-data-writing-block:-mt-(--shadow-height) has-data-writing-block:pt-(--shadow-height) [&amp;:has([data-writing-block])&gt;*]:pointer-events-auto scroll-mt-(--header-height)\" dir=\"auto\" data-turn-id=\"8872546d-5bac-4eda-984a-0bbec73c1e5a\" data-testid=\"conversation-turn-7\" data-scroll-anchor=\"false\" data-turn=\"user\">\n<div class=\"text-base my-auto mx-auto pt-12 [--thread-content-margin:var(--thread-content-margin-xs,calc(var(--spacing)*4))] @w-sm\/main:[--thread-content-margin:var(--thread-content-margin-sm,calc(var(--spacing)*6))] @w-lg\/main:[--thread-content-margin:var(--thread-content-margin-lg,calc(var(--spacing)*16))] px-(--thread-content-margin)\">\n<div class=\"[--thread-content-max-width:40rem] @w-lg\/main:[--thread-content-max-width:48rem] mx-auto max-w-(--thread-content-max-width) flex-1 group\/turn-messages focus-visible:outline-hidden relative flex w-full min-w-0 flex-col\">\n<div class=\"flex max-w-full flex-col gap-4 grow\">\n<div class=\"min-h-8 text-message relative flex w-full flex-col items-end gap-2 text-start break-words whitespace-normal outline-none keyboard-focused:focus-ring [.text-message+&amp;]:mt-1\" dir=\"auto\" data-message-author-role=\"user\" data-message-id=\"8872546d-5bac-4eda-984a-0bbec73c1e5a\">\n<div class=\"flex w-full flex-col gap-1 empty:hidden items-end rtl:items-start\">\n<div class=\"user-message-bubble-color corner-superellipse\/0.98 relative rounded-[22px] px-4 py-2.5 leading-6 max-w-(--user-chat-width,70%)\">\n<div class=\"whitespace-pre-wrap\">Akt\u012bvo sast\u0101vda\u013cu komplekss, kas veicina asinsriti, aktiviz\u0113 mikrocirkul\u0101ciju un atbalsta pies\u0101r\u0146ot\u0101ju izvad\u012b\u0161anu no audiem. \u0160\u012b maska stimul\u0113 re\u0123ener\u0101cijas procesu un pa\u0101trina \u0161\u016bnu metabolismu, nostiprina audus un uzlabo akt\u012bvo vielu uzs\u016bk\u0161anos no jebkuriem p\u0113c tam uzkl\u0101tajiem \u0101das kop\u0161anas l\u012bdzek\u013ciem.<\/div>\n<\/div>\n<\/div>\n<\/div>\n<\/div>\n<\/div>\n<\/div>\n<\/section>\n<section class=\"text-token-text-primary w-full focus:outline-none [--shadow-height:45px] has-data-writing-block:pointer-events-none has-data-writing-block:-mt-(--shadow-height) has-data-writing-block:pt-(--shadow-height) [&amp;:has([data-writing-block])&gt;*]:pointer-events-auto scroll-mt-[calc(var(--header-height)+min(200px,max(70px,20svh)))]\" dir=\"auto\" data-turn-id=\"request-WEB:294bbc24-e8ab-4653-8263-e9fb1cfb3aeb-170\" data-testid=\"conversation-turn-8\" data-scroll-anchor=\"true\" data-turn=\"assistant\">\n<div class=\"text-base my-auto mx-auto pb-10 [--thread-content-margin:var(--thread-content-margin-xs,calc(var(--spacing)*4))] @w-sm\/main:[--thread-content-margin:var(--thread-content-margin-sm,calc(var(--spacing)*6))] @w-lg\/main:[--thread-content-margin:var(--thread-content-margin-lg,calc(var(--spacing)*16))] px-(--thread-content-margin)\">\n<div class=\"[--thread-content-max-width:40rem] @w-lg\/main:[--thread-content-max-width:48rem] mx-auto max-w-(--thread-content-max-width) flex-1 group\/turn-messages focus-visible:outline-hidden relative flex w-full min-w-0 flex-col agent-turn\">\n<div class=\"flex max-w-full flex-col gap-4 grow\">\n<div class=\"min-h-8 text-message relative flex w-full flex-col items-end gap-2 text-start break-words whitespace-normal outline-none keyboard-focused:focus-ring [.text-message+&amp;]:mt-1\" dir=\"auto\" tabindex=\"0\" data-message-author-role=\"assistant\" data-message-id=\"50b2b143-5624-4966-95fe-e0d735816eeb\" data-message-model-slug=\"gpt-5-3\" data-turn-start-message=\"true\">\n<div class=\"flex w-full flex-col gap-1 empty:hidden\">\n<div class=\"markdown prose dark:prose-invert w-full wrap-break-word light markdown-new-styling\">\n<p data-start=\"0\" data-end=\"537\">Efekts: \u0101das tonis izskat\u0101s redzami atdz\u012bvin\u0101ts un \u0101da k\u013c\u016bst stingr\u0101ka.<br data-start=\"377\" data-end=\"380\" \/>Piez\u012bme: \u0161\u012b ir intens\u012bva aktiviz\u0113jo\u0161a g\u0113la maska, kas paredz\u0113ta \u0101das metabolisma stimul\u0113\u0161anai. Asinsriti veicino\u0161ais efekts rada siltuma saj\u016btu un aps\u0101rtumu.<\/p>\n<p data-start=\"539\" data-end=\"557\"><strong data-start=\"539\" data-end=\"551\">Tilpums:<\/strong> 50 ml<\/p>\n<\/div>\n<\/div>\n<\/div>\n<\/div>\n<\/div>\n<\/div>\n<\/section>\n","protected":false},"excerpt":{"rendered":"<div class=\"flex max-w-full flex-col gap-4 grow\">\n<div class=\"min-h-8 text-message relative flex w-full flex-col items-end gap-2 text-start break-words whitespace-normal outline-none keyboard-focused:focus-ring [.text-message+&amp;]:mt-1\" dir=\"auto\" tabindex=\"0\" data-message-author-role=\"assistant\" data-message-id=\"50b2b143-5624-4966-95fe-e0d735816eeb\" data-message-model-slug=\"gpt-5-3\" data-turn-start-message=\"true\">\n<div class=\"flex w-full flex-col gap-1 empty:hidden\">\n<div class=\"markdown prose dark:prose-invert w-full wrap-break-word light markdown-new-styling\">\n<p data-start=\"779\" data-end=\"839\">Aktiviz\u0113jo\u0161a g\u0113la maska mirdzuma un \u0101das tonusa atjauno\u0161anai<\/p>\n<h2 data-start=\"841\" data-end=\"884\"><strong data-start=\"841\" data-end=\"884\">\u012apa\u0161\u012bbas Reviderm &#8211; Activating Gel Mask<\/strong><\/h2>\n<p data-start=\"886\" data-end=\"1061\" data-is-last-node=\"\" data-is-only-node=\"\">\u2714\ufe0f Uzlabo mikrocirkul\u0101ciju un vielmai\u0146as aktivit\u0101ti<br data-start=\"937\" data-end=\"940\" \/>\u2714\ufe0f Atsvaidzina un atdz\u012bvina noguru\u0161u \u0101du<br data-start=\"980\" data-end=\"983\" \/>\u2714\ufe0f Uzlabo \u0101das tonusu un tvirtumu<br data-start=\"1016\" data-end=\"1019\" \/>\u2714\ufe0f Izl\u012bdzina \u0101das toni un pie\u0161\u0137ir mirdzumu<\/p>\n<\/div>\n<\/div>\n<\/div>\n<\/div>\n","protected":false},"featured_media":64031,"template":"","meta":[],"pwb-brand":[703],"product_brand":[],"product_cat":[725,737],"product_tag":[],"giftcard-category":[],"class_list":{"0":"post-73610","1":"product","2":"type-product","3":"status-publish","4":"has-post-thumbnail","6":"pwb-brand-reviderm","7":"product_cat-maskas","8":"product_cat-mitrinasana","10":"first","11":"instock","12":"taxable","13":"shipping-taxable","14":"purchasable","15":"product-type-simple"},"acf":[],"brands":[{"id":703,"name":"Reviderm","slug":"reviderm"}],"_links":{"self":[{"href":"https:\/\/skinstudio.ee\/lv\/wp-json\/wp\/v2\/product\/73610","targetHints":{"allow":["GET"]}}],"collection":[{"href":"https:\/\/skinstudio.ee\/lv\/wp-json\/wp\/v2\/product"}],"about":[{"href":"https:\/\/skinstudio.ee\/lv\/wp-json\/wp\/v2\/types\/product"}],"version-history":[{"count":4,"href":"https:\/\/skinstudio.ee\/lv\/wp-json\/wp\/v2\/product\/73610\/revisions"}],"predecessor-version":[{"id":90622,"href":"https:\/\/skinstudio.ee\/lv\/wp-json\/wp\/v2\/product\/73610\/revisions\/90622"}],"wp:featuredmedia":[{"embeddable":true,"href":"https:\/\/skinstudio.ee\/lv\/wp-json\/wp\/v2\/media\/64031"}],"wp:attachment":[{"href":"https:\/\/skinstudio.ee\/lv\/wp-json\/wp\/v2\/media?parent=73610"}],"wp:term":[{"taxonomy":"pwb-brand","embeddable":true,"href":"https:\/\/skinstudio.ee\/lv\/wp-json\/wp\/v2\/pwb-brand?post=73610"},{"taxonomy":"product_brand","embeddable":true,"href":"https:\/\/skinstudio.ee\/lv\/wp-json\/wp\/v2\/product_brand?post=73610"},{"taxonomy":"product_cat","embeddable":true,"href":"https:\/\/skinstudio.ee\/lv\/wp-json\/wp\/v2\/product_cat?post=73610"},{"taxonomy":"product_tag","embeddable":true,"href":"https:\/\/skinstudio.ee\/lv\/wp-json\/wp\/v2\/product_tag?post=73610"},{"taxonomy":"giftcard-category","embeddable":true,"href":"https:\/\/skinstudio.ee\/lv\/wp-json\/wp\/v2\/giftcard-category?post=73610"}],"curies":[{"name":"wp","href":"https:\/\/api.w.org\/{rel}","templated":true}]}}