{"id":73617,"date":"2025-07-17T12:24:31","date_gmt":"2025-07-17T12:24:31","guid":{"rendered":"https:\/\/skinstudio.ee\/?post_type=product&#038;p=73617"},"modified":"2026-01-21T13:57:21","modified_gmt":"2026-01-21T13:57:21","slug":"silver-detoxifying-mask","status":"publish","type":"product","link":"https:\/\/skinstudio.ee\/lv\/catalog\/reviderm\/silver-detoxifying-mask\/","title":{"rendered":"Silver Detoxifying Mask"},"content":{"rendered":"<p data-start=\"522\" data-end=\"1122\">Maskas efektivit\u0101te tiek pan\u0101kta, apvienojot \u0101dai identisku kr\u0113m\u012bgu b\u0101zi (derma-membr\u0101nu sist\u0113mu DMS) un \u012bpa\u0161i t\u012bru koncentr\u0113tu mikrosudrabu. Derma-membr\u0101nu sist\u0113ma DMS restruktur\u0113 raga sl\u0101\u0146a aizsargbarjeru un nov\u0113r\u0161 transepiderm\u0101lo \u016bdens zudumu. Mikrosudrabam piem\u012bt antibakteri\u0101la iedarb\u012bba \u2013 tas kav\u0113 patog\u0113n\u0101s mikrofloras att\u012bst\u012bbu un l\u012bdz ar to mazina iekaisumus.<br data-start=\"890\" data-end=\"893\" \/>Maskai ir izteikta detoksik\u0101cijas iedarb\u012bba \u2013 t\u0101 izl\u012bdzina sejas toni un kr\u0101su un nodro\u0161ina t\u016bl\u012bt\u0113ju atvieglojumu iekaisumu un \u0101das kairin\u0101jumu gad\u012bjum\u0101.<br data-start=\"1046\" data-end=\"1049\" \/>Regul\u0101ri lietojot, maska efekt\u012bvi nov\u0113r\u0161 jaunu iekaisuma procesu ra\u0161anos.<\/p>\n<p data-start=\"1124\" data-end=\"1142\"><strong data-start=\"1124\" data-end=\"1136\">Tilpums:<\/strong> 50 ml<\/p>\n","protected":false},"excerpt":{"rendered":"<p data-start=\"1316\" data-end=\"1361\">Balans\u0113jo\u0161a maska ar antibakteri\u0101lu iedarb\u012bbu<\/p>\n<h2 data-start=\"1363\" data-end=\"1410\"><strong data-start=\"1363\" data-end=\"1410\">\u012apa\u0161\u012bbas Reviderm &#8211; Silver Detoxifying Mask<\/strong><\/h2>\n<p data-start=\"1412\" data-end=\"1667\">\u2714\ufe0f Dzi\u013ci att\u012bra \u0101du un izvada toks\u012bnus<br data-start=\"1450\" data-end=\"1453\" \/>\u2714\ufe0f Piem\u012bt antiseptiska un pretiekaisuma iedarb\u012bba<br data-start=\"1502\" data-end=\"1505\" \/>\u2714\ufe0f Nomierina kairin\u0101jumus un mazina aps\u0101rtumu<br data-start=\"1550\" data-end=\"1553\" \/>\u2714\ufe0f Regul\u0113 sebuma izdal\u012b\u0161anos un sa\u0161aurina poras<br data-start=\"1600\" data-end=\"1603\" \/>\u2714\ufe0f Atsvaidzina un uzlabo \u0101das st\u0101vokli, pie\u0161\u0137irot tai mirdzumu<\/p>\n","protected":false},"featured_media":64036,"template":"","meta":[],"pwb-brand":[703],"product_brand":[],"product_cat":[741,745,725,737],"product_tag":[],"giftcard-category":[],"class_list":{"0":"post-73617","1":"product","2":"type-product","3":"status-publish","4":"has-post-thumbnail","6":"pwb-brand-reviderm","7":"product_cat-izsitumi","8":"product_cat-jutigai-adai","9":"product_cat-maskas","10":"product_cat-mitrinasana","12":"first","13":"instock","14":"taxable","15":"shipping-taxable","16":"purchasable","17":"product-type-simple"},"acf":[],"brands":[{"id":703,"name":"Reviderm","slug":"reviderm"}],"_links":{"self":[{"href":"https:\/\/skinstudio.ee\/lv\/wp-json\/wp\/v2\/product\/73617","targetHints":{"allow":["GET"]}}],"collection":[{"href":"https:\/\/skinstudio.ee\/lv\/wp-json\/wp\/v2\/product"}],"about":[{"href":"https:\/\/skinstudio.ee\/lv\/wp-json\/wp\/v2\/types\/product"}],"version-history":[{"count":1,"href":"https:\/\/skinstudio.ee\/lv\/wp-json\/wp\/v2\/product\/73617\/revisions"}],"predecessor-version":[{"id":73618,"href":"https:\/\/skinstudio.ee\/lv\/wp-json\/wp\/v2\/product\/73617\/revisions\/73618"}],"wp:featuredmedia":[{"embeddable":true,"href":"https:\/\/skinstudio.ee\/lv\/wp-json\/wp\/v2\/media\/64036"}],"wp:attachment":[{"href":"https:\/\/skinstudio.ee\/lv\/wp-json\/wp\/v2\/media?parent=73617"}],"wp:term":[{"taxonomy":"pwb-brand","embeddable":true,"href":"https:\/\/skinstudio.ee\/lv\/wp-json\/wp\/v2\/pwb-brand?post=73617"},{"taxonomy":"product_brand","embeddable":true,"href":"https:\/\/skinstudio.ee\/lv\/wp-json\/wp\/v2\/product_brand?post=73617"},{"taxonomy":"product_cat","embeddable":true,"href":"https:\/\/skinstudio.ee\/lv\/wp-json\/wp\/v2\/product_cat?post=73617"},{"taxonomy":"product_tag","embeddable":true,"href":"https:\/\/skinstudio.ee\/lv\/wp-json\/wp\/v2\/product_tag?post=73617"},{"taxonomy":"giftcard-category","embeddable":true,"href":"https:\/\/skinstudio.ee\/lv\/wp-json\/wp\/v2\/giftcard-category?post=73617"}],"curies":[{"name":"wp","href":"https:\/\/api.w.org\/{rel}","templated":true}]}}