{"id":73624,"date":"2025-07-17T12:08:47","date_gmt":"2025-07-17T12:08:47","guid":{"rendered":"https:\/\/skinstudio.ee\/?post_type=product&#038;p=73624"},"modified":"2026-01-21T13:57:21","modified_gmt":"2026-01-21T13:57:21","slug":"skin-protection-mask","status":"publish","type":"product","link":"https:\/\/skinstudio.ee\/lv\/catalog\/reviderm\/skin-protection-mask\/","title":{"rendered":"Skin Protection Mask"},"content":{"rendered":"<p data-start=\"506\" data-end=\"908\">Maskas formula uz moringas koka s\u0113klu ekstrakta b\u0101zes nodro\u0161ina sp\u0113c\u012bgu aizsarg\u0101jo\u0161u un att\u012bro\u0161u iedarb\u012bbu. S\u0113\u0146u ekstrakts blo\u0137\u0113 pies\u0101r\u0146ojuma da\u013ci\u0146as, aizsarg\u0101 no br\u012bvajiem radik\u0101\u013ciem un pasarg\u0101 \u0161\u016bnas DNS l\u012bmen\u012b no boj\u0101jumiem un priek\u0161laic\u012bgas noveco\u0161an\u0101s. Hialuronsk\u0101be atjauno \u0101dai dabisko apjomu, izl\u012bdzina grumbas un \u0101das nel\u012bdzenumus. Maska att\u012bra un stiprina \u0101du. \u0100da ieg\u016bst svaigumu un mirdzumu.<\/p>\n<p data-start=\"910\" data-end=\"928\"><strong data-start=\"910\" data-end=\"922\">Tilpums:<\/strong> 50 ml<\/p>\n","protected":false},"excerpt":{"rendered":"<p data-start=\"1096\" data-end=\"1149\">Aizsarg\u0101jo\u0161a maska \u0101das atjauno\u0161anai un stiprin\u0101\u0161anai<\/p>\n<h2 data-start=\"1151\" data-end=\"1195\"><strong data-start=\"1151\" data-end=\"1195\">\u012apa\u0161\u012bbas Reviderm &#8211; Skin Protection Mask<\/strong><\/h2>\n<p data-start=\"1197\" data-end=\"1401\">\u2714\ufe0f Stiprina \u0101das aizsargbarjeru<br data-start=\"1228\" data-end=\"1231\" \/>\u2714\ufe0f Samazina aps\u0101rtumu un kairin\u0101jumu<br data-start=\"1267\" data-end=\"1270\" \/>\u2714\ufe0f Aizsarg\u0101 no negat\u012bviem \u0101r\u0113j\u0101s vides faktoriem<br data-start=\"1318\" data-end=\"1321\" \/>\u2714\ufe0f Atjauno \u0101das komfortu un l\u012bdzsvaru<br data-start=\"1358\" data-end=\"1361\" \/>\u2714\ufe0f Piem\u0113rota jut\u012bgai un reakt\u012bvai \u0101dai<\/p>\n","protected":false},"featured_media":64041,"template":"","meta":[],"pwb-brand":[703],"product_brand":[],"product_cat":[725,737,749],"product_tag":[],"giftcard-category":[],"class_list":{"0":"post-73624","1":"product","2":"type-product","3":"status-publish","4":"has-post-thumbnail","6":"pwb-brand-reviderm","7":"product_cat-maskas","8":"product_cat-mitrinasana","9":"product_cat-novecojosa-ada","11":"first","12":"instock","13":"taxable","14":"shipping-taxable","15":"purchasable","16":"product-type-simple"},"acf":[],"brands":[{"id":703,"name":"Reviderm","slug":"reviderm"}],"_links":{"self":[{"href":"https:\/\/skinstudio.ee\/lv\/wp-json\/wp\/v2\/product\/73624","targetHints":{"allow":["GET"]}}],"collection":[{"href":"https:\/\/skinstudio.ee\/lv\/wp-json\/wp\/v2\/product"}],"about":[{"href":"https:\/\/skinstudio.ee\/lv\/wp-json\/wp\/v2\/types\/product"}],"version-history":[{"count":1,"href":"https:\/\/skinstudio.ee\/lv\/wp-json\/wp\/v2\/product\/73624\/revisions"}],"predecessor-version":[{"id":73625,"href":"https:\/\/skinstudio.ee\/lv\/wp-json\/wp\/v2\/product\/73624\/revisions\/73625"}],"wp:featuredmedia":[{"embeddable":true,"href":"https:\/\/skinstudio.ee\/lv\/wp-json\/wp\/v2\/media\/64041"}],"wp:attachment":[{"href":"https:\/\/skinstudio.ee\/lv\/wp-json\/wp\/v2\/media?parent=73624"}],"wp:term":[{"taxonomy":"pwb-brand","embeddable":true,"href":"https:\/\/skinstudio.ee\/lv\/wp-json\/wp\/v2\/pwb-brand?post=73624"},{"taxonomy":"product_brand","embeddable":true,"href":"https:\/\/skinstudio.ee\/lv\/wp-json\/wp\/v2\/product_brand?post=73624"},{"taxonomy":"product_cat","embeddable":true,"href":"https:\/\/skinstudio.ee\/lv\/wp-json\/wp\/v2\/product_cat?post=73624"},{"taxonomy":"product_tag","embeddable":true,"href":"https:\/\/skinstudio.ee\/lv\/wp-json\/wp\/v2\/product_tag?post=73624"},{"taxonomy":"giftcard-category","embeddable":true,"href":"https:\/\/skinstudio.ee\/lv\/wp-json\/wp\/v2\/giftcard-category?post=73624"}],"curies":[{"name":"wp","href":"https:\/\/api.w.org\/{rel}","templated":true}]}}