{"id":73631,"date":"2025-07-17T12:01:20","date_gmt":"2025-07-17T12:01:20","guid":{"rendered":"https:\/\/skinstudio.ee\/?post_type=product&#038;p=73631"},"modified":"2026-01-21T13:57:16","modified_gmt":"2026-01-21T13:57:16","slug":"calming-hydro-mask","status":"publish","type":"product","link":"https:\/\/skinstudio.ee\/lv\/catalog\/reviderm\/calming-hydro-mask\/","title":{"rendered":"Calming Hydro Mask"},"content":{"rendered":"<p data-start=\"507\" data-end=\"800\">\u0100dai identiskie lip\u012bdi stiprina aizsargbarjeru, stabiliz\u0113 \u0101das aizsargfunkcijas, dzi\u013ci mitrina un atjauno \u0101das dabisko l\u012bdzsvaru. Neirokosm\u0113tiskais anti-stresa komplekss iedarbojas pretiekaisuma veid\u0101, mazina kairin\u0101jumu un aps\u0101rtumu. Maska j\u016btami nomierina, optim\u0101li l\u012bdzsvaro un mitrina \u0101du.<\/p>\n<p data-start=\"802\" data-end=\"820\"><strong data-start=\"802\" data-end=\"814\">Tilpums:<\/strong> 50 ml<\/p>\n","protected":false},"excerpt":{"rendered":"<p data-start=\"982\" data-end=\"1012\">Mitrino\u0161a un nomierino\u0161a maska<\/p>\n<h2 data-start=\"1014\" data-end=\"1056\"><strong data-start=\"1014\" data-end=\"1056\">\u012apa\u0161\u012bbas Reviderm &#8211; Calming Hydro Mask<\/strong><\/h2>\n<p data-start=\"1058\" data-end=\"1203\">\u2714\ufe0f Mazina aps\u0101rtumu un savilkuma saj\u016btu<br data-start=\"1097\" data-end=\"1100\" \/>\u2714\ufe0f Dzi\u013ci mitrina un atjauno \u0101du<br data-start=\"1131\" data-end=\"1134\" \/>\u2714\ufe0f Stiprina \u0101das aizsargbarjeru<br data-start=\"1165\" data-end=\"1168\" \/>\u2714\ufe0f Nomierina kairin\u0101jumu un niezi<\/p>\n","protected":false},"featured_media":64046,"template":"","meta":[],"pwb-brand":[703],"product_brand":[],"product_cat":[745,725,737],"product_tag":[],"giftcard-category":[],"class_list":{"0":"post-73631","1":"product","2":"type-product","3":"status-publish","4":"has-post-thumbnail","6":"pwb-brand-reviderm","7":"product_cat-jutigai-adai","8":"product_cat-maskas","9":"product_cat-mitrinasana","11":"first","12":"instock","13":"taxable","14":"shipping-taxable","15":"purchasable","16":"product-type-simple"},"acf":[],"brands":[{"id":703,"name":"Reviderm","slug":"reviderm"}],"_links":{"self":[{"href":"https:\/\/skinstudio.ee\/lv\/wp-json\/wp\/v2\/product\/73631","targetHints":{"allow":["GET"]}}],"collection":[{"href":"https:\/\/skinstudio.ee\/lv\/wp-json\/wp\/v2\/product"}],"about":[{"href":"https:\/\/skinstudio.ee\/lv\/wp-json\/wp\/v2\/types\/product"}],"version-history":[{"count":1,"href":"https:\/\/skinstudio.ee\/lv\/wp-json\/wp\/v2\/product\/73631\/revisions"}],"predecessor-version":[{"id":73632,"href":"https:\/\/skinstudio.ee\/lv\/wp-json\/wp\/v2\/product\/73631\/revisions\/73632"}],"wp:featuredmedia":[{"embeddable":true,"href":"https:\/\/skinstudio.ee\/lv\/wp-json\/wp\/v2\/media\/64046"}],"wp:attachment":[{"href":"https:\/\/skinstudio.ee\/lv\/wp-json\/wp\/v2\/media?parent=73631"}],"wp:term":[{"taxonomy":"pwb-brand","embeddable":true,"href":"https:\/\/skinstudio.ee\/lv\/wp-json\/wp\/v2\/pwb-brand?post=73631"},{"taxonomy":"product_brand","embeddable":true,"href":"https:\/\/skinstudio.ee\/lv\/wp-json\/wp\/v2\/product_brand?post=73631"},{"taxonomy":"product_cat","embeddable":true,"href":"https:\/\/skinstudio.ee\/lv\/wp-json\/wp\/v2\/product_cat?post=73631"},{"taxonomy":"product_tag","embeddable":true,"href":"https:\/\/skinstudio.ee\/lv\/wp-json\/wp\/v2\/product_tag?post=73631"},{"taxonomy":"giftcard-category","embeddable":true,"href":"https:\/\/skinstudio.ee\/lv\/wp-json\/wp\/v2\/giftcard-category?post=73631"}],"curies":[{"name":"wp","href":"https:\/\/api.w.org\/{rel}","templated":true}]}}