{"id":73638,"date":"2025-07-17T11:25:48","date_gmt":"2025-07-17T11:25:48","guid":{"rendered":"https:\/\/skinstudio.ee\/?post_type=product&#038;p=73638"},"modified":"2026-01-21T13:57:18","modified_gmt":"2026-01-21T13:57:18","slug":"moist-plump-mask","status":"publish","type":"product","link":"https:\/\/skinstudio.ee\/lv\/catalog\/reviderm\/moist-plump-mask\/","title":{"rendered":"Moist &#038; Plump Mask"},"content":{"rendered":"<p data-start=\"910\" data-end=\"1520\">Efekt\u012bva biocelulozes maska ar biomim\u0113tisku mitrino\u0161u kompleksu, kas sast\u0101v no ksil\u012bta un hialuronsk\u0101bes, nodro\u0161ina ilgsto\u0161u mitrino\u0161u iedarb\u012bbu un nov\u0113r\u0161 pa\u0161a hialuronsk\u0101bes no\u0101rd\u012b\u0161anos \u0101d\u0101. \u0100dai identiskais ksil\u012bts optimiz\u0113 mitruma l\u012bmeni \u0101d\u0101, veicinot hialuronsk\u0101bes un dabisk\u0101 mitrino\u0161\u0101 faktora NMF sint\u0113zi. Tas stimul\u0113 akvapor\u012bnu (\u016bdens kan\u0101lu) darb\u012bbu \u0161\u016bnu membr\u0101n\u0101s, uzlabojot \u016bdens cirkul\u0101ciju \u0161\u016bnu l\u012bmen\u012b. Uzlabojas \u0101das turgors. Tiek atbalst\u012bta keram\u012bdu sint\u0113ze, stiprin\u0101ts \u0101das aizsargbarjers un samazin\u0101ts transepiderm\u0101lais \u016bdens zudums (TEWL). Maska intens\u012bvi un ilgsto\u0161i mitrina un izl\u012bdzina \u0101du.<\/p>\n<p data-start=\"1522\" data-end=\"1541\"><strong data-start=\"1522\" data-end=\"1534\">Tilpums:<\/strong> 1 gab.<\/p>\n","protected":false},"excerpt":{"rendered":"<p data-start=\"1893\" data-end=\"1933\">Mitrino\u0161a maska \u0101das tonusa atjauno\u0161anai<\/p>\n<h2 data-start=\"1935\" data-end=\"1977\"><strong data-start=\"1935\" data-end=\"1977\">\u012apa\u0161\u012bbas Reviderm &#8211; Moist &amp; Plump Mask<\/strong><\/h2>\n<p data-start=\"1979\" data-end=\"2175\">\u2714\ufe0f Dzi\u013ci mitrina un pies\u0101tina \u0101du ar mitrumu<br data-start=\"2023\" data-end=\"2026\" \/>\u2714\ufe0f Atjauno \u0101das apjomu un bl\u012bvumu<br data-start=\"2059\" data-end=\"2062\" \/>\u2714\ufe0f Padara \u0101du tvirt\u0101ku un glud\u0101ku<br data-start=\"2095\" data-end=\"2098\" \/>\u2714\ufe0f Palielina elast\u012bbu un tonusu<br data-start=\"2129\" data-end=\"2132\" \/>\u2714\ufe0f Piem\u0113rota dehidr\u0113tai un noguru\u0161ai \u0101dai<\/p>\n","protected":false},"featured_media":64051,"template":"","meta":[],"pwb-brand":[703],"product_brand":[],"product_cat":[764,725,737],"product_tag":[],"giftcard-category":[],"class_list":{"0":"post-73638","1":"product","2":"type-product","3":"status-publish","4":"has-post-thumbnail","6":"pwb-brand-reviderm","7":"product_cat-davanu-ideja","8":"product_cat-maskas","9":"product_cat-mitrinasana","11":"first","12":"instock","13":"taxable","14":"shipping-taxable","15":"purchasable","16":"product-type-simple"},"acf":[],"brands":[{"id":703,"name":"Reviderm","slug":"reviderm"}],"_links":{"self":[{"href":"https:\/\/skinstudio.ee\/lv\/wp-json\/wp\/v2\/product\/73638","targetHints":{"allow":["GET"]}}],"collection":[{"href":"https:\/\/skinstudio.ee\/lv\/wp-json\/wp\/v2\/product"}],"about":[{"href":"https:\/\/skinstudio.ee\/lv\/wp-json\/wp\/v2\/types\/product"}],"version-history":[{"count":1,"href":"https:\/\/skinstudio.ee\/lv\/wp-json\/wp\/v2\/product\/73638\/revisions"}],"predecessor-version":[{"id":73639,"href":"https:\/\/skinstudio.ee\/lv\/wp-json\/wp\/v2\/product\/73638\/revisions\/73639"}],"wp:featuredmedia":[{"embeddable":true,"href":"https:\/\/skinstudio.ee\/lv\/wp-json\/wp\/v2\/media\/64051"}],"wp:attachment":[{"href":"https:\/\/skinstudio.ee\/lv\/wp-json\/wp\/v2\/media?parent=73638"}],"wp:term":[{"taxonomy":"pwb-brand","embeddable":true,"href":"https:\/\/skinstudio.ee\/lv\/wp-json\/wp\/v2\/pwb-brand?post=73638"},{"taxonomy":"product_brand","embeddable":true,"href":"https:\/\/skinstudio.ee\/lv\/wp-json\/wp\/v2\/product_brand?post=73638"},{"taxonomy":"product_cat","embeddable":true,"href":"https:\/\/skinstudio.ee\/lv\/wp-json\/wp\/v2\/product_cat?post=73638"},{"taxonomy":"product_tag","embeddable":true,"href":"https:\/\/skinstudio.ee\/lv\/wp-json\/wp\/v2\/product_tag?post=73638"},{"taxonomy":"giftcard-category","embeddable":true,"href":"https:\/\/skinstudio.ee\/lv\/wp-json\/wp\/v2\/giftcard-category?post=73638"}],"curies":[{"name":"wp","href":"https:\/\/api.w.org\/{rel}","templated":true}]}}