{"id":73646,"date":"2025-07-17T09:22:59","date_gmt":"2025-07-17T09:22:59","guid":{"rendered":"https:\/\/skinstudio.ee\/?post_type=product&#038;p=73646"},"modified":"2026-01-21T13:57:20","modified_gmt":"2026-01-21T13:57:20","slug":"pore-refining-mask","status":"publish","type":"product","link":"https:\/\/skinstudio.ee\/lv\/catalog\/reviderm\/pore-refining-mask\/","title":{"rendered":"Pore Refining Mask"},"content":{"rendered":"<p data-start=\"910\" data-end=\"1542\">Efekt\u012bva biocelulozes maska ar izl\u012bdzino\u0161u kompleksu no balt\u0101 v\u012btola ekstrakta, B3 vitam\u012bna un pantenola redzami uzlabo \u0101das strukt\u016bru, regul\u0113 sebuma izdal\u012b\u0161anos un nodro\u0161ina l\u012bdzsvarojo\u0161u iedarb\u012bbu. Balt\u0101 v\u012btola ekstrakts \u2013 dabisks salicilsk\u0101bes avots \u2013 nodro\u0161ina sp\u0113c\u012bgu keratol\u012btisku iedarb\u012bbu. Tauku aizb\u0101\u017e\u0146i iz\u0161\u0137\u012bst, aizv\u0113rtie komedoni atveras, \u0101da tiek att\u012br\u012bta. Tiek nov\u0113rsta jaunu tauku aizb\u0101\u017e\u0146u veido\u0161an\u0101s. Tan\u012bniem piem\u012bt savelko\u0161a iedarb\u012bba, kas pal\u012bdz samazin\u0101t poru papla\u0161in\u0101\u0161anos. B3 vitam\u012bns atjauno \u0101das dabisko \u016bdens balansu. \u0100da k\u013c\u016bst t\u012br\u0101ka un glud\u0101ka. Pantenols uzlabo \u0101das st\u0101vokli un nomierina sakairin\u0101tu \u0101du.<\/p>\n<p data-start=\"1544\" data-end=\"1563\"><strong data-start=\"1544\" data-end=\"1556\">Tilpums:<\/strong> 1 gab.<\/p>\n","protected":false},"excerpt":{"rendered":"<p data-start=\"1915\" data-end=\"1934\">Poru att\u012bro\u0161a maska<\/p>\n<h2 data-start=\"1936\" data-end=\"1978\"><strong data-start=\"1936\" data-end=\"1978\">\u012apa\u0161\u012bbas Reviderm &#8211; Pore Refining Mask<\/strong><\/h2>\n<p data-start=\"1980\" data-end=\"2163\">\u2714\ufe0f Att\u012bra un sa\u0161aurina poras<br data-start=\"2008\" data-end=\"2011\" \/>\u2714\ufe0f Regul\u0113 sebuma izdal\u012b\u0161anos<br data-start=\"2039\" data-end=\"2042\" \/>\u2714\ufe0f Samazina taukainu sp\u012bdumu<br data-start=\"2070\" data-end=\"2073\" \/>\u2714\ufe0f Nomierina \u0101du un mazina iekaisumus<br data-start=\"2110\" data-end=\"2113\" \/>\u2714\ufe0f Uzlabo \u0101das tekst\u016bru un pie\u0161\u0137ir mat\u0113tu efektu<\/p>\n","protected":false},"featured_media":64056,"template":"","meta":[],"pwb-brand":[703],"product_brand":[],"product_cat":[725,737,743,747],"product_tag":[],"giftcard-category":[],"class_list":{"0":"post-73646","1":"product","2":"type-product","3":"status-publish","4":"has-post-thumbnail","6":"pwb-brand-reviderm","7":"product_cat-maskas","8":"product_cat-mitrinasana","9":"product_cat-paplasinatas-poras","10":"product_cat-taukainai-adai","12":"first","13":"instock","14":"taxable","15":"shipping-taxable","16":"purchasable","17":"product-type-simple"},"acf":[],"brands":[{"id":703,"name":"Reviderm","slug":"reviderm"}],"_links":{"self":[{"href":"https:\/\/skinstudio.ee\/lv\/wp-json\/wp\/v2\/product\/73646","targetHints":{"allow":["GET"]}}],"collection":[{"href":"https:\/\/skinstudio.ee\/lv\/wp-json\/wp\/v2\/product"}],"about":[{"href":"https:\/\/skinstudio.ee\/lv\/wp-json\/wp\/v2\/types\/product"}],"version-history":[{"count":1,"href":"https:\/\/skinstudio.ee\/lv\/wp-json\/wp\/v2\/product\/73646\/revisions"}],"predecessor-version":[{"id":73647,"href":"https:\/\/skinstudio.ee\/lv\/wp-json\/wp\/v2\/product\/73646\/revisions\/73647"}],"wp:featuredmedia":[{"embeddable":true,"href":"https:\/\/skinstudio.ee\/lv\/wp-json\/wp\/v2\/media\/64056"}],"wp:attachment":[{"href":"https:\/\/skinstudio.ee\/lv\/wp-json\/wp\/v2\/media?parent=73646"}],"wp:term":[{"taxonomy":"pwb-brand","embeddable":true,"href":"https:\/\/skinstudio.ee\/lv\/wp-json\/wp\/v2\/pwb-brand?post=73646"},{"taxonomy":"product_brand","embeddable":true,"href":"https:\/\/skinstudio.ee\/lv\/wp-json\/wp\/v2\/product_brand?post=73646"},{"taxonomy":"product_cat","embeddable":true,"href":"https:\/\/skinstudio.ee\/lv\/wp-json\/wp\/v2\/product_cat?post=73646"},{"taxonomy":"product_tag","embeddable":true,"href":"https:\/\/skinstudio.ee\/lv\/wp-json\/wp\/v2\/product_tag?post=73646"},{"taxonomy":"giftcard-category","embeddable":true,"href":"https:\/\/skinstudio.ee\/lv\/wp-json\/wp\/v2\/giftcard-category?post=73646"}],"curies":[{"name":"wp","href":"https:\/\/api.w.org\/{rel}","templated":true}]}}