{"id":73653,"date":"2025-07-17T09:21:45","date_gmt":"2025-07-17T09:21:45","guid":{"rendered":"https:\/\/skinstudio.ee\/?post_type=product&#038;p=73653"},"modified":"2026-01-21T13:57:21","modified_gmt":"2026-01-21T13:57:21","slug":"skin-rejuvenation-mask","status":"publish","type":"product","link":"https:\/\/skinstudio.ee\/lv\/catalog\/reviderm\/skin-rejuvenation-mask\/","title":{"rendered":"Skin Rejuvenation Mask"},"content":{"rendered":"<p data-start=\"100\" data-end=\"539\">Biocelulozes maska ar augsto tehnolo\u0123iju pept\u012bdu un niacinam\u012bdu kompleksu ar m\u012bmisko grumbu kontroles efektu redzami izl\u012bdzina \u0101du, palielina t\u0101s tvirtumu un elast\u012bbu, k\u0101 ar\u012b nov\u0113r\u0161 jaunu grumbu veido\u0161anos. Zemas un augstas molekulmasas hialuronsk\u0101be optimiz\u0113 mitruma saist\u012b\u0161anas sp\u0113ju. Zemas molekulmasas hialuronsk\u0101be iek\u013c\u016bst dzi\u013c\u0101kajos \u0101das sl\u0101\u0146os un notur tur mitrumu. Augstas molekulmasas hialuronsk\u0101be notur \u016bdeni aug\u0161\u0113j\u0101 raga sl\u0101n\u012b.<\/p>\n<p data-start=\"541\" data-end=\"560\"><strong data-start=\"541\" data-end=\"553\">Tilpums:<\/strong> 1 gab.<\/p>\n","protected":false},"excerpt":{"rendered":"<p data-start=\"912\" data-end=\"929\">Atjaunojo\u0161a maska<\/p>\n<h2 data-start=\"931\" data-end=\"977\"><strong data-start=\"931\" data-end=\"977\">\u012apa\u0161\u012bbas Reviderm &#8211; Skin Rejuvenation Mask<\/strong><\/h2>\n<p data-start=\"979\" data-end=\"1183\">\u2714\ufe0f Izl\u012bdzina m\u012bmisk\u0101s grumbas<br data-start=\"1008\" data-end=\"1011\" \/>\u2714\ufe0f Palielina \u0101das tvirtumu un elast\u012bbu<br data-start=\"1049\" data-end=\"1052\" \/>\u2714\ufe0f Nov\u0113r\u0161 jaunu grumbu veido\u0161anos<br data-start=\"1085\" data-end=\"1088\" \/>\u2714\ufe0f Mitrina gan dzi\u013cajos, gan virs\u0113jos \u0101das sl\u0101\u0146os<br data-start=\"1137\" data-end=\"1140\" \/>\u2714\ufe0f Padara \u0101du redzami glud\u0101ku un svaig\u0101ku<\/p>\n","protected":false},"featured_media":64061,"template":"","meta":[],"pwb-brand":[703],"product_brand":[],"product_cat":[725,737,749],"product_tag":[],"giftcard-category":[],"class_list":{"0":"post-73653","1":"product","2":"type-product","3":"status-publish","4":"has-post-thumbnail","6":"pwb-brand-reviderm","7":"product_cat-maskas","8":"product_cat-mitrinasana","9":"product_cat-novecojosa-ada","11":"first","12":"instock","13":"taxable","14":"shipping-taxable","15":"purchasable","16":"product-type-simple"},"acf":[],"brands":[{"id":703,"name":"Reviderm","slug":"reviderm"}],"_links":{"self":[{"href":"https:\/\/skinstudio.ee\/lv\/wp-json\/wp\/v2\/product\/73653","targetHints":{"allow":["GET"]}}],"collection":[{"href":"https:\/\/skinstudio.ee\/lv\/wp-json\/wp\/v2\/product"}],"about":[{"href":"https:\/\/skinstudio.ee\/lv\/wp-json\/wp\/v2\/types\/product"}],"version-history":[{"count":1,"href":"https:\/\/skinstudio.ee\/lv\/wp-json\/wp\/v2\/product\/73653\/revisions"}],"predecessor-version":[{"id":73654,"href":"https:\/\/skinstudio.ee\/lv\/wp-json\/wp\/v2\/product\/73653\/revisions\/73654"}],"wp:featuredmedia":[{"embeddable":true,"href":"https:\/\/skinstudio.ee\/lv\/wp-json\/wp\/v2\/media\/64061"}],"wp:attachment":[{"href":"https:\/\/skinstudio.ee\/lv\/wp-json\/wp\/v2\/media?parent=73653"}],"wp:term":[{"taxonomy":"pwb-brand","embeddable":true,"href":"https:\/\/skinstudio.ee\/lv\/wp-json\/wp\/v2\/pwb-brand?post=73653"},{"taxonomy":"product_brand","embeddable":true,"href":"https:\/\/skinstudio.ee\/lv\/wp-json\/wp\/v2\/product_brand?post=73653"},{"taxonomy":"product_cat","embeddable":true,"href":"https:\/\/skinstudio.ee\/lv\/wp-json\/wp\/v2\/product_cat?post=73653"},{"taxonomy":"product_tag","embeddable":true,"href":"https:\/\/skinstudio.ee\/lv\/wp-json\/wp\/v2\/product_tag?post=73653"},{"taxonomy":"giftcard-category","embeddable":true,"href":"https:\/\/skinstudio.ee\/lv\/wp-json\/wp\/v2\/giftcard-category?post=73653"}],"curies":[{"name":"wp","href":"https:\/\/api.w.org\/{rel}","templated":true}]}}