{"id":73661,"date":"2025-07-17T08:55:59","date_gmt":"2025-07-17T08:55:59","guid":{"rendered":"https:\/\/skinstudio.ee\/?post_type=product&#038;p=73661"},"modified":"2026-01-21T13:57:16","modified_gmt":"2026-01-21T13:57:16","slug":"aha-peeling-pads","status":"publish","type":"product","link":"https:\/\/skinstudio.ee\/lv\/catalog\/reviderm\/aha-peeling-pads\/","title":{"rendered":"AHA Peeling Pads"},"content":{"rendered":"<p data-start=\"76\" data-end=\"331\">Salvetes ar AHA sk\u0101b\u0113m \u0101das eksfoli\u0101cijai un atjauno\u0161anai maigi iedarbojas, nov\u0113r\u0161ot hiperkeratozi, uzlabojot un izl\u012bdzinot \u0101du. T\u0101s pal\u012bdz nov\u0113rst pigment\u0101cijas plankumu veido\u0161anos, samazina grumbu izteikt\u012bbu un labv\u0113l\u012bgi ietekm\u0113 tauku dziedzeru darb\u012bbu.<\/p>\n<p data-start=\"333\" data-end=\"353\"><strong data-start=\"333\" data-end=\"345\">Tilpums:<\/strong> 28 gab.<\/p>\n","protected":false},"excerpt":{"rendered":"<p data-start=\"435\" data-end=\"492\">Salvetes ar AHA sk\u0101b\u0113m \u0101das eksfoli\u0101cijai un atjauno\u0161anai<\/p>\n<h2 data-start=\"494\" data-end=\"534\"><strong data-start=\"494\" data-end=\"534\">\u012apa\u0161\u012bbas Reviderm &#8211; AHA Peeling Pads<\/strong><\/h2>\n<p data-start=\"536\" data-end=\"756\">\u2714\ufe0f Efekt\u012bvi no\u0146em atmiru\u0161\u0101s \u0101das \u0161\u016bnas<br data-start=\"574\" data-end=\"577\" \/>\u2714\ufe0f Izl\u012bdzina \u0101das toni un samazina pigment\u0101ciju<br data-start=\"624\" data-end=\"627\" \/>\u2714\ufe0f Palielina \u0101das gludumu un mirdzumu<br data-start=\"664\" data-end=\"667\" \/>\u2714\ufe0f Stimul\u0113 \u0161\u016bnu atjauno\u0161anos<br data-start=\"695\" data-end=\"698\" \/>\u2714\ufe0f Neizsausina \u0101du un ir piem\u0113rotas regul\u0101rai lieto\u0161anai<\/p>\n","protected":false},"featured_media":64067,"template":"","meta":[],"pwb-brand":[703],"product_brand":[],"product_cat":[741,749,751,719,721],"product_tag":[],"giftcard-category":[],"class_list":{"0":"post-73661","1":"product","2":"type-product","3":"status-publish","4":"has-post-thumbnail","6":"pwb-brand-reviderm","7":"product_cat-izsitumi","8":"product_cat-novecojosa-ada","9":"product_cat-pigmentacija","10":"product_cat-skrubji-un-pilingi","11":"product_cat-toniki","13":"first","14":"instock","15":"taxable","16":"shipping-taxable","17":"purchasable","18":"product-type-simple"},"acf":[],"brands":[{"id":703,"name":"Reviderm","slug":"reviderm"}],"_links":{"self":[{"href":"https:\/\/skinstudio.ee\/lv\/wp-json\/wp\/v2\/product\/73661","targetHints":{"allow":["GET"]}}],"collection":[{"href":"https:\/\/skinstudio.ee\/lv\/wp-json\/wp\/v2\/product"}],"about":[{"href":"https:\/\/skinstudio.ee\/lv\/wp-json\/wp\/v2\/types\/product"}],"version-history":[{"count":1,"href":"https:\/\/skinstudio.ee\/lv\/wp-json\/wp\/v2\/product\/73661\/revisions"}],"predecessor-version":[{"id":73662,"href":"https:\/\/skinstudio.ee\/lv\/wp-json\/wp\/v2\/product\/73661\/revisions\/73662"}],"wp:featuredmedia":[{"embeddable":true,"href":"https:\/\/skinstudio.ee\/lv\/wp-json\/wp\/v2\/media\/64067"}],"wp:attachment":[{"href":"https:\/\/skinstudio.ee\/lv\/wp-json\/wp\/v2\/media?parent=73661"}],"wp:term":[{"taxonomy":"pwb-brand","embeddable":true,"href":"https:\/\/skinstudio.ee\/lv\/wp-json\/wp\/v2\/pwb-brand?post=73661"},{"taxonomy":"product_brand","embeddable":true,"href":"https:\/\/skinstudio.ee\/lv\/wp-json\/wp\/v2\/product_brand?post=73661"},{"taxonomy":"product_cat","embeddable":true,"href":"https:\/\/skinstudio.ee\/lv\/wp-json\/wp\/v2\/product_cat?post=73661"},{"taxonomy":"product_tag","embeddable":true,"href":"https:\/\/skinstudio.ee\/lv\/wp-json\/wp\/v2\/product_tag?post=73661"},{"taxonomy":"giftcard-category","embeddable":true,"href":"https:\/\/skinstudio.ee\/lv\/wp-json\/wp\/v2\/giftcard-category?post=73661"}],"curies":[{"name":"wp","href":"https:\/\/api.w.org\/{rel}","templated":true}]}}