{"id":73668,"date":"2025-07-17T08:00:04","date_gmt":"2025-07-17T08:00:04","guid":{"rendered":"https:\/\/skinstudio.ee\/?post_type=product&#038;p=73668"},"modified":"2026-01-21T13:57:18","modified_gmt":"2026-01-21T13:57:18","slug":"enzyme-peeling-liquid","status":"publish","type":"product","link":"https:\/\/skinstudio.ee\/lv\/catalog\/reviderm\/enzyme-peeling-liquid\/","title":{"rendered":"Enzyme Peeling Liquid"},"content":{"rendered":"<p data-start=\"754\" data-end=\"1036\">\u0160is \u0161\u0137idrais enz\u012bmu p\u012blings ir paredz\u0113ts \u0101trai atmiru\u0161o \u0101das \u0161\u016bnu no\u0146em\u0161anai un \u0101das tekst\u016bras izl\u012bdzin\u0101\u0161anai. Tas stimul\u0113 \u0161\u016bnu atjauno\u0161anos un uzlabo \u0101das sp\u0113ju uz\u0146emt turpm\u0101k\u0101s kop\u0161anas l\u012bdzek\u013cu akt\u012bv\u0101s vielas. \u0100da tiek att\u012br\u012bta, k\u013c\u016bst glud\u0101ka un sejas tonis iev\u0113rojami uzlabojas.<\/p>\n<p data-start=\"1038\" data-end=\"1056\"><strong data-start=\"1038\" data-end=\"1050\">Tilpums:<\/strong> 50 ml<\/p>\n","protected":false},"excerpt":{"rendered":"<p data-start=\"1376\" data-end=\"1439\">Maigs enz\u012bmu p\u012blings saudz\u012bgai, bet efekt\u012bvai \u0101das atjauno\u0161anai<\/p>\n<h2 data-start=\"1441\" data-end=\"1486\"><strong data-start=\"1441\" data-end=\"1486\">\u012apa\u0161\u012bbas Reviderm &#8211; Enzyme Peeling Liquid<\/strong><\/h2>\n<p data-start=\"1488\" data-end=\"1678\">\u2714\ufe0f Maigi noloba atmiru\u0161\u0101s \u0101das \u0161\u016bnas<br data-start=\"1524\" data-end=\"1527\" \/>\u2714\ufe0f Stimul\u0113 dabisko \u0101das atjauno\u0161anos<br data-start=\"1563\" data-end=\"1566\" \/>\u2714\ufe0f Uzlabo \u0101das tekst\u016bru un sejas toni<br data-start=\"1603\" data-end=\"1606\" \/>\u2714\ufe0f Piem\u0113rots ar\u012b jut\u012bgai \u0101dai<br data-start=\"1635\" data-end=\"1638\" \/>\u2714\ufe0f Nesatur abraz\u012bvas da\u013ci\u0146as un sk\u0101bes<\/p>\n","protected":false},"featured_media":39081,"template":"","meta":[],"pwb-brand":[703],"product_brand":[],"product_cat":[719],"product_tag":[],"giftcard-category":[],"class_list":{"0":"post-73668","1":"product","2":"type-product","3":"status-publish","4":"has-post-thumbnail","6":"pwb-brand-reviderm","7":"product_cat-skrubji-un-pilingi","9":"first","10":"instock","11":"taxable","12":"shipping-taxable","13":"purchasable","14":"product-type-simple"},"acf":[],"brands":[{"id":703,"name":"Reviderm","slug":"reviderm"}],"_links":{"self":[{"href":"https:\/\/skinstudio.ee\/lv\/wp-json\/wp\/v2\/product\/73668","targetHints":{"allow":["GET"]}}],"collection":[{"href":"https:\/\/skinstudio.ee\/lv\/wp-json\/wp\/v2\/product"}],"about":[{"href":"https:\/\/skinstudio.ee\/lv\/wp-json\/wp\/v2\/types\/product"}],"version-history":[{"count":1,"href":"https:\/\/skinstudio.ee\/lv\/wp-json\/wp\/v2\/product\/73668\/revisions"}],"predecessor-version":[{"id":73669,"href":"https:\/\/skinstudio.ee\/lv\/wp-json\/wp\/v2\/product\/73668\/revisions\/73669"}],"wp:featuredmedia":[{"embeddable":true,"href":"https:\/\/skinstudio.ee\/lv\/wp-json\/wp\/v2\/media\/39081"}],"wp:attachment":[{"href":"https:\/\/skinstudio.ee\/lv\/wp-json\/wp\/v2\/media?parent=73668"}],"wp:term":[{"taxonomy":"pwb-brand","embeddable":true,"href":"https:\/\/skinstudio.ee\/lv\/wp-json\/wp\/v2\/pwb-brand?post=73668"},{"taxonomy":"product_brand","embeddable":true,"href":"https:\/\/skinstudio.ee\/lv\/wp-json\/wp\/v2\/product_brand?post=73668"},{"taxonomy":"product_cat","embeddable":true,"href":"https:\/\/skinstudio.ee\/lv\/wp-json\/wp\/v2\/product_cat?post=73668"},{"taxonomy":"product_tag","embeddable":true,"href":"https:\/\/skinstudio.ee\/lv\/wp-json\/wp\/v2\/product_tag?post=73668"},{"taxonomy":"giftcard-category","embeddable":true,"href":"https:\/\/skinstudio.ee\/lv\/wp-json\/wp\/v2\/giftcard-category?post=73668"}],"curies":[{"name":"wp","href":"https:\/\/api.w.org\/{rel}","templated":true}]}}