{"id":73675,"date":"2025-07-15T13:38:45","date_gmt":"2025-07-15T13:38:45","guid":{"rendered":"https:\/\/skinstudio.ee\/?post_type=product&#038;p=73675"},"modified":"2026-04-10T07:51:39","modified_gmt":"2026-04-10T07:51:39","slug":"2-clean-eye","status":"publish","type":"product","link":"https:\/\/skinstudio.ee\/lv\/catalog\/reviderm\/2-clean-eye\/","title":{"rendered":"2 Clean Eye"},"content":{"rendered":"<p data-start=\"0\" data-end=\"359\">Maigs divf\u0101\u017eu acu kosm\u0113tikas no\u0146\u0113m\u0113js, kas saudz\u012bgi un efekt\u012bvi no\u0146em pat \u016bdensnotur\u012bgu acu kosm\u0113tiku. Akt\u012bv\u0101s sast\u0101vda\u013cas maigi att\u012bra \u0101du, vienlaikus kopjo\u0161ie komponenti nomierina jut\u012bgo acu zonu un nodro\u0161ina intens\u012bvu mitrin\u0101\u0161anu. Produkts ir \u012bpa\u0161i piem\u0113rots jut\u012bg\u0101m ac\u012bm un kontaktl\u0113cu lietot\u0101jiem. Losjons no\u0146em kosm\u0113tiku bez atlikumiem un nekairina \u0101du.<\/p>\n<p data-start=\"361\" data-end=\"379\"><strong data-start=\"361\" data-end=\"372\">Tilpums:<\/strong>\u00a0125 ml<\/p>\n","protected":false},"excerpt":{"rendered":"<p data-start=\"510\" data-end=\"541\">Divf\u0101\u017eu acu kosm\u0113tikas no\u0146\u0113m\u0113js<\/p>\n<h2 data-start=\"543\" data-end=\"578\"><strong data-start=\"543\" data-end=\"578\">\u012apa\u0161\u012bbas REVIDERM &#8211; 2 Clean Eye<\/strong><\/h2>\n<p data-start=\"580\" data-end=\"759\" data-is-last-node=\"\" data-is-only-node=\"\">\u2714\ufe0f Maigi no\u0146em \u016bdensnotur\u012bgu kosm\u0113tiku<br data-start=\"618\" data-end=\"621\" \/>\u2714\ufe0f Efekt\u012bvi att\u012bra no net\u012brumiem<br data-start=\"653\" data-end=\"656\" \/>\u2714\ufe0f Atjauno \u0101das maigumu<br data-start=\"679\" data-end=\"682\" \/>\u2714\ufe0f Pal\u012bdz samazin\u0101t noveco\u0161an\u0101s paz\u012bmes<br data-start=\"721\" data-end=\"724\" data-is-only-node=\"\" \/>\u2714\ufe0f Nodro\u0161ina vieglu mat\u0113jo\u0161u efektu<\/p>\n","protected":false},"featured_media":39021,"template":"","meta":[],"pwb-brand":[703],"product_brand":[],"product_cat":[733,715],"product_tag":[],"giftcard-category":[],"class_list":{"0":"post-73675","1":"product","2":"type-product","3":"status-publish","4":"has-post-thumbnail","6":"pwb-brand-reviderm","7":"product_cat-ada-ap-acim","8":"product_cat-attirisana","10":"first","11":"instock","12":"taxable","13":"shipping-taxable","14":"purchasable","15":"product-type-simple"},"acf":[],"brands":[{"id":703,"name":"Reviderm","slug":"reviderm"}],"_links":{"self":[{"href":"https:\/\/skinstudio.ee\/lv\/wp-json\/wp\/v2\/product\/73675","targetHints":{"allow":["GET"]}}],"collection":[{"href":"https:\/\/skinstudio.ee\/lv\/wp-json\/wp\/v2\/product"}],"about":[{"href":"https:\/\/skinstudio.ee\/lv\/wp-json\/wp\/v2\/types\/product"}],"version-history":[{"count":3,"href":"https:\/\/skinstudio.ee\/lv\/wp-json\/wp\/v2\/product\/73675\/revisions"}],"predecessor-version":[{"id":90619,"href":"https:\/\/skinstudio.ee\/lv\/wp-json\/wp\/v2\/product\/73675\/revisions\/90619"}],"wp:featuredmedia":[{"embeddable":true,"href":"https:\/\/skinstudio.ee\/lv\/wp-json\/wp\/v2\/media\/39021"}],"wp:attachment":[{"href":"https:\/\/skinstudio.ee\/lv\/wp-json\/wp\/v2\/media?parent=73675"}],"wp:term":[{"taxonomy":"pwb-brand","embeddable":true,"href":"https:\/\/skinstudio.ee\/lv\/wp-json\/wp\/v2\/pwb-brand?post=73675"},{"taxonomy":"product_brand","embeddable":true,"href":"https:\/\/skinstudio.ee\/lv\/wp-json\/wp\/v2\/product_brand?post=73675"},{"taxonomy":"product_cat","embeddable":true,"href":"https:\/\/skinstudio.ee\/lv\/wp-json\/wp\/v2\/product_cat?post=73675"},{"taxonomy":"product_tag","embeddable":true,"href":"https:\/\/skinstudio.ee\/lv\/wp-json\/wp\/v2\/product_tag?post=73675"},{"taxonomy":"giftcard-category","embeddable":true,"href":"https:\/\/skinstudio.ee\/lv\/wp-json\/wp\/v2\/giftcard-category?post=73675"}],"curies":[{"name":"wp","href":"https:\/\/api.w.org\/{rel}","templated":true}]}}