{"id":73682,"date":"2025-07-15T11:54:43","date_gmt":"2025-07-15T11:54:43","guid":{"rendered":"https:\/\/skinstudio.ee\/?post_type=product&#038;p=73682"},"modified":"2026-01-21T13:57:20","modified_gmt":"2026-01-21T13:57:20","slug":"purifying-gel","status":"publish","type":"product","link":"https:\/\/skinstudio.ee\/lv\/catalog\/reviderm\/purifying-gel\/","title":{"rendered":"Purifying Gel"},"content":{"rendered":"<p data-start=\"522\" data-end=\"752\">Speci\u0101li izstr\u0101d\u0101t\u0101 att\u012bro\u0161\u0101 g\u0113la formula regul\u0113 sebuma izdal\u012b\u0161anos, nov\u0113r\u0161 iekaisumu veido\u0161anos un samazina taukainu sp\u012bdumu. L\u012bdzeklis maigi att\u012bra \u0101du no net\u012brumiem un kosm\u0113tikas, k\u0101 ar\u012b atjauno \u0101das l\u012bdzsvaru. Neizsausina \u0101du.<\/p>\n<p data-start=\"754\" data-end=\"773\"><strong data-start=\"754\" data-end=\"766\">Tilpums:<\/strong> 200 ml<\/p>\n","protected":false},"excerpt":{"rendered":"<p data-start=\"983\" data-end=\"1029\">Att\u012bro\u0161s g\u0113ls taukainai un problem\u0101tiskai \u0101dai<\/p>\n<h2 data-start=\"1031\" data-end=\"1068\"><strong data-start=\"1031\" data-end=\"1068\">\u012apa\u0161\u012bbas Reviderm &#8211; Purifying Gel<\/strong><\/h2>\n<p data-start=\"1070\" data-end=\"1297\">\u2714\ufe0f Efekt\u012bvi att\u012bra \u0101du no net\u012brumiem un liek\u0101 sebuma<br data-start=\"1122\" data-end=\"1125\" \/>\u2714\ufe0f Nov\u0113r\u0161 iekaisumu un aknes veido\u0161anos<br data-start=\"1164\" data-end=\"1167\" \/>\u2714\ufe0f Regul\u0113 tauku dziedzeru darb\u012bbu<br data-start=\"1200\" data-end=\"1203\" \/>\u2714\ufe0f Piem\u012bt pretiekaisuma un antibakteri\u0101la iedarb\u012bba<br data-start=\"1254\" data-end=\"1257\" \/>\u2714\ufe0f Nomierina \u0101du un samazina aps\u0101rtumu<\/p>\n","protected":false},"featured_media":38939,"template":"","meta":[],"pwb-brand":[703],"product_brand":[],"product_cat":[715,741,747],"product_tag":[],"giftcard-category":[],"class_list":{"0":"post-73682","1":"product","2":"type-product","3":"status-publish","4":"has-post-thumbnail","6":"pwb-brand-reviderm","7":"product_cat-attirisana","8":"product_cat-izsitumi","9":"product_cat-taukainai-adai","11":"first","12":"instock","13":"taxable","14":"shipping-taxable","15":"purchasable","16":"product-type-simple"},"acf":[],"brands":[{"id":703,"name":"Reviderm","slug":"reviderm"}],"_links":{"self":[{"href":"https:\/\/skinstudio.ee\/lv\/wp-json\/wp\/v2\/product\/73682","targetHints":{"allow":["GET"]}}],"collection":[{"href":"https:\/\/skinstudio.ee\/lv\/wp-json\/wp\/v2\/product"}],"about":[{"href":"https:\/\/skinstudio.ee\/lv\/wp-json\/wp\/v2\/types\/product"}],"version-history":[{"count":1,"href":"https:\/\/skinstudio.ee\/lv\/wp-json\/wp\/v2\/product\/73682\/revisions"}],"predecessor-version":[{"id":73683,"href":"https:\/\/skinstudio.ee\/lv\/wp-json\/wp\/v2\/product\/73682\/revisions\/73683"}],"wp:featuredmedia":[{"embeddable":true,"href":"https:\/\/skinstudio.ee\/lv\/wp-json\/wp\/v2\/media\/38939"}],"wp:attachment":[{"href":"https:\/\/skinstudio.ee\/lv\/wp-json\/wp\/v2\/media?parent=73682"}],"wp:term":[{"taxonomy":"pwb-brand","embeddable":true,"href":"https:\/\/skinstudio.ee\/lv\/wp-json\/wp\/v2\/pwb-brand?post=73682"},{"taxonomy":"product_brand","embeddable":true,"href":"https:\/\/skinstudio.ee\/lv\/wp-json\/wp\/v2\/product_brand?post=73682"},{"taxonomy":"product_cat","embeddable":true,"href":"https:\/\/skinstudio.ee\/lv\/wp-json\/wp\/v2\/product_cat?post=73682"},{"taxonomy":"product_tag","embeddable":true,"href":"https:\/\/skinstudio.ee\/lv\/wp-json\/wp\/v2\/product_tag?post=73682"},{"taxonomy":"giftcard-category","embeddable":true,"href":"https:\/\/skinstudio.ee\/lv\/wp-json\/wp\/v2\/giftcard-category?post=73682"}],"curies":[{"name":"wp","href":"https:\/\/api.w.org\/{rel}","templated":true}]}}