{"id":73690,"date":"2025-07-15T11:41:54","date_gmt":"2025-07-15T11:41:54","guid":{"rendered":"https:\/\/skinstudio.ee\/?post_type=product&#038;p=73690"},"modified":"2026-01-21T13:57:21","modified_gmt":"2026-01-21T13:57:21","slug":"thermal-tonic","status":"publish","type":"product","link":"https:\/\/skinstudio.ee\/lv\/catalog\/reviderm\/thermal-tonic\/","title":{"rendered":"Thermal Tonic"},"content":{"rendered":"<p data-start=\"370\" data-end=\"663\">Toniks ir izveidots uz mikroelementiem bag\u0101ta term\u0101l\u0101 \u016bdens b\u0101zes, tas paaugstina \u0101das rezistenci, nekav\u0113joties atjauno \u0101das pH l\u012bdzsvaru, stimul\u0113 pa\u0161a \u0101das enz\u012bmu darb\u012bbu, piem\u012bt antioksidanta iedarb\u012bba un atbalsta dabiskos \u0161\u016bnu re\u0123ener\u0101cijas procesus. \u0100da k\u013c\u016bst mitrin\u0101ta, maiga un elast\u012bga.<\/p>\n<p data-start=\"665\" data-end=\"684\"><strong data-start=\"665\" data-end=\"677\">Tilpums:<\/strong> 200 ml<\/p>\n","protected":false},"excerpt":{"rendered":"<p data-start=\"813\" data-end=\"848\">Nomierino\u0161s toniks ar term\u0101lo \u016bdeni<\/p>\n<h2 data-start=\"850\" data-end=\"887\"><strong data-start=\"850\" data-end=\"887\">\u012apa\u0161\u012bbas Reviderm &#8211; Thermal Tonic<\/strong><\/h2>\n<p data-start=\"889\" data-end=\"1159\">\u2714\ufe0f Atjauno \u0101das dabisko pH l\u012bdzsvaru p\u0113c att\u012br\u012b\u0161anas<br data-start=\"941\" data-end=\"944\" \/>\u2714\ufe0f Nomierina kairin\u0101tu un jut\u012bgu \u0101du<br data-start=\"980\" data-end=\"983\" \/>\u2714\ufe0f Satur term\u0101lo \u016bdeni, kas bag\u0101ts ar miner\u0101lviel\u0101m un mikroelementiem<br data-start=\"1053\" data-end=\"1056\" \/>\u2714\ufe0f Stiprina \u0101das aizsargbarjeru un paaugstina t\u0101s notur\u012bbu<br data-start=\"1114\" data-end=\"1117\" \/>\u2714\ufe0f Padara \u0101du maigu, svaigu un mitrin\u0101tu<\/p>\n","protected":false},"featured_media":38933,"template":"","meta":[],"pwb-brand":[703],"product_brand":[],"product_cat":[737,721],"product_tag":[],"giftcard-category":[],"class_list":{"0":"post-73690","1":"product","2":"type-product","3":"status-publish","4":"has-post-thumbnail","6":"pwb-brand-reviderm","7":"product_cat-mitrinasana","8":"product_cat-toniki-lv","10":"first","11":"instock","12":"taxable","13":"shipping-taxable","14":"purchasable","15":"product-type-simple"},"acf":[],"brands":[{"id":703,"name":"Reviderm","slug":"reviderm"}],"_links":{"self":[{"href":"https:\/\/skinstudio.ee\/lv\/wp-json\/wp\/v2\/product\/73690","targetHints":{"allow":["GET"]}}],"collection":[{"href":"https:\/\/skinstudio.ee\/lv\/wp-json\/wp\/v2\/product"}],"about":[{"href":"https:\/\/skinstudio.ee\/lv\/wp-json\/wp\/v2\/types\/product"}],"version-history":[{"count":1,"href":"https:\/\/skinstudio.ee\/lv\/wp-json\/wp\/v2\/product\/73690\/revisions"}],"predecessor-version":[{"id":73691,"href":"https:\/\/skinstudio.ee\/lv\/wp-json\/wp\/v2\/product\/73690\/revisions\/73691"}],"wp:featuredmedia":[{"embeddable":true,"href":"https:\/\/skinstudio.ee\/lv\/wp-json\/wp\/v2\/media\/38933"}],"wp:attachment":[{"href":"https:\/\/skinstudio.ee\/lv\/wp-json\/wp\/v2\/media?parent=73690"}],"wp:term":[{"taxonomy":"pwb-brand","embeddable":true,"href":"https:\/\/skinstudio.ee\/lv\/wp-json\/wp\/v2\/pwb-brand?post=73690"},{"taxonomy":"product_brand","embeddable":true,"href":"https:\/\/skinstudio.ee\/lv\/wp-json\/wp\/v2\/product_brand?post=73690"},{"taxonomy":"product_cat","embeddable":true,"href":"https:\/\/skinstudio.ee\/lv\/wp-json\/wp\/v2\/product_cat?post=73690"},{"taxonomy":"product_tag","embeddable":true,"href":"https:\/\/skinstudio.ee\/lv\/wp-json\/wp\/v2\/product_tag?post=73690"},{"taxonomy":"giftcard-category","embeddable":true,"href":"https:\/\/skinstudio.ee\/lv\/wp-json\/wp\/v2\/giftcard-category?post=73690"}],"curies":[{"name":"wp","href":"https:\/\/api.w.org\/{rel}","templated":true}]}}