{"id":73698,"date":"2025-07-15T11:31:15","date_gmt":"2025-07-15T11:31:15","guid":{"rendered":"https:\/\/skinstudio.ee\/?post_type=product&#038;p=73698"},"modified":"2026-01-21T13:57:16","modified_gmt":"2026-01-21T13:57:16","slug":"cleansing-milk","status":"publish","type":"product","link":"https:\/\/skinstudio.ee\/lv\/catalog\/reviderm\/cleansing-milk\/","title":{"rendered":"Cleansing Milk"},"content":{"rendered":"<p data-start=\"548\" data-end=\"858\">Sausa, pl\u0101na un dehidr\u0113ta \u0101da \u012bpa\u0161i nepiecie\u0161ama maiga att\u012br\u012b\u0161ana. Beta\u012bns un hidroliz\u0113ts kolag\u0113ns r\u016bp\u012bgi no\u0146em net\u012brumu un kosm\u0113tikas atlikumus, neboj\u0101jot \u0101das dabisko aizsargbarjeru. Piem\u0113rots ar\u012b jut\u012bgai \u0101dai ap ac\u012bm. Att\u012bro\u0161ais pieni\u0146\u0161 dzi\u013ci mitrina un p\u0113c mazg\u0101\u0161anas sniedz \u0101dai maiguma un gluduma saj\u016btu.<\/p>\n<p data-start=\"860\" data-end=\"879\"><strong data-start=\"860\" data-end=\"872\">Tilpums:<\/strong> 200 ml<\/p>\n","protected":false},"excerpt":{"rendered":"<p data-start=\"1107\" data-end=\"1161\">Maigs att\u012bro\u0161s pieni\u0146\u0161 delik\u0101tai kosm\u0113tikas no\u0146em\u0161anai<\/p>\n<h2 data-start=\"1163\" data-end=\"1201\"><strong data-start=\"1163\" data-end=\"1201\">\u012apa\u0161\u012bbas Reviderm &#8211; Cleansing Milk<\/strong><\/h2>\n<p data-start=\"1203\" data-end=\"1444\">\u2714\ufe0f Maigi no\u0146em kosm\u0113tiku, net\u012brumus un lieko sebumu<br data-start=\"1254\" data-end=\"1257\" \/>\u2714\ufe0f Piem\u0113rots jut\u012bgai un sausai \u0101dai<br data-start=\"1292\" data-end=\"1295\" \/>\u2714\ufe0f Nomierina kairin\u0101jumu un stiprina \u0101das aizsargbarjeru<br data-start=\"1351\" data-end=\"1354\" \/>\u2714\ufe0f Netrauc\u0113 dabisko \u0101das pH l\u012bdzsvaru<br data-start=\"1391\" data-end=\"1394\" \/>\u2714\ufe0f Nodro\u0161ina t\u012br\u012bbas, maiguma un komforta saj\u016btu<\/p>\n","protected":false},"featured_media":73767,"template":"","meta":[],"pwb-brand":[703],"product_brand":[],"product_cat":[715],"product_tag":[],"giftcard-category":[],"class_list":{"0":"post-73698","1":"product","2":"type-product","3":"status-publish","4":"has-post-thumbnail","6":"pwb-brand-reviderm","7":"product_cat-attirisana","9":"first","10":"instock","11":"taxable","12":"shipping-taxable","13":"purchasable","14":"product-type-simple"},"acf":[],"brands":[{"id":703,"name":"Reviderm","slug":"reviderm"}],"_links":{"self":[{"href":"https:\/\/skinstudio.ee\/lv\/wp-json\/wp\/v2\/product\/73698","targetHints":{"allow":["GET"]}}],"collection":[{"href":"https:\/\/skinstudio.ee\/lv\/wp-json\/wp\/v2\/product"}],"about":[{"href":"https:\/\/skinstudio.ee\/lv\/wp-json\/wp\/v2\/types\/product"}],"version-history":[{"count":1,"href":"https:\/\/skinstudio.ee\/lv\/wp-json\/wp\/v2\/product\/73698\/revisions"}],"predecessor-version":[{"id":73699,"href":"https:\/\/skinstudio.ee\/lv\/wp-json\/wp\/v2\/product\/73698\/revisions\/73699"}],"wp:featuredmedia":[{"embeddable":true,"href":"https:\/\/skinstudio.ee\/lv\/wp-json\/wp\/v2\/media\/73767"}],"wp:attachment":[{"href":"https:\/\/skinstudio.ee\/lv\/wp-json\/wp\/v2\/media?parent=73698"}],"wp:term":[{"taxonomy":"pwb-brand","embeddable":true,"href":"https:\/\/skinstudio.ee\/lv\/wp-json\/wp\/v2\/pwb-brand?post=73698"},{"taxonomy":"product_brand","embeddable":true,"href":"https:\/\/skinstudio.ee\/lv\/wp-json\/wp\/v2\/product_brand?post=73698"},{"taxonomy":"product_cat","embeddable":true,"href":"https:\/\/skinstudio.ee\/lv\/wp-json\/wp\/v2\/product_cat?post=73698"},{"taxonomy":"product_tag","embeddable":true,"href":"https:\/\/skinstudio.ee\/lv\/wp-json\/wp\/v2\/product_tag?post=73698"},{"taxonomy":"giftcard-category","embeddable":true,"href":"https:\/\/skinstudio.ee\/lv\/wp-json\/wp\/v2\/giftcard-category?post=73698"}],"curies":[{"name":"wp","href":"https:\/\/api.w.org\/{rel}","templated":true}]}}