{"id":73707,"date":"2025-07-15T10:57:59","date_gmt":"2025-07-15T10:57:59","guid":{"rendered":"https:\/\/skinstudio.ee\/?post_type=product&#038;p=73707"},"modified":"2026-01-21T13:57:18","modified_gmt":"2026-01-21T13:57:18","slug":"neck-decolette-contouring","status":"publish","type":"product","link":"https:\/\/skinstudio.ee\/lv\/catalog\/reviderm\/neck-decolette-contouring\/","title":{"rendered":"Neck &#038; Decolette Contouring"},"content":{"rendered":"<p data-start=\"434\" data-end=\"922\">\u012apa\u0161s akt\u012bvs kop\u0161anas l\u012bdzeklis kakla un dekolt\u0113 zonas korekcijai Neck &amp; Decolette Contouring\u00a0efekt\u012bvi nostiprina \u0101du, atjauno t\u0101s tvirtumu un kori\u0123\u0113 noveco\u0161an\u0101s paz\u012bmes. \u0160is greznais, augstas efektivit\u0101tes kr\u0113ms darbojas pret olbaltumvielu glik\u0101ciju un pal\u012bdz pan\u0101kt gludu, bl\u012bvu kakla un dekolt\u0113 \u0101du. Anti-glycation formula aizsarg\u0101 no nev\u0113lamu olbaltumvielu savienojumu veido\u0161an\u0101s, pagarina \u0161\u016bnu dz\u012bves ciklu un, pateicoties antioksidat\u012bvai iedarb\u012bbai, samazina \u0161\u016bnu noveco\u0161anos.<\/p>\n<p data-start=\"924\" data-end=\"1332\">Akt\u012bv\u0101 sast\u0101vda\u013ca lupeols kompleks\u0101 4D Lift &amp; Firm aktiviz\u0113 siltuma \u0161oka prote\u012bnu \u0101d\u0101 (HSP 47), kas ir priek\u0161noteikums kvalitat\u012bvai kolag\u0113na sint\u0113zei. Palmitoil-dipept\u012bds-5 uzlabo epidermas un dermas savstarp\u0113jo mijiedarb\u012bbu un palielina \u0101das bl\u012bvumu, stimul\u0113jot kolag\u0113na veido\u0161anos, izl\u012bdzinot un nostiprinot \u0101du. J\u016bras z\u012bds pie\u0161\u0137ir \u0101dai elast\u012bbu, optimiz\u0113jot kerat\u012bna sint\u0113zi, un nodro\u0161ina koptu izskatu.<\/p>\n<p data-start=\"1334\" data-end=\"1654\">Balt\u0101s lup\u012bnas prote\u012bns, kas ferment\u0113ts ar hlorellas a\u013c\u0123\u0113m, aizsarg\u0101 un m\u012bkstina \u0101du, bag\u0101tina to ar aminosk\u0101b\u0113m, vitam\u012bniem un miner\u0101lviel\u0101m, veicinot \u0161\u016bnu re\u0123ener\u0101ciju un regul\u0113jot \u0161\u016bnu vielmai\u0146u. Produkti ar AGF pal\u012bdz \u0101tri samazin\u0101t grumbas, pal\u0113nina noveco\u0161an\u0101s procesus ar ilgsto\u0161u efektu un pie\u0161\u0137ir \u0101dai tvirtumu.<\/p>\n<p data-start=\"1656\" data-end=\"1674\"><strong data-start=\"1656\" data-end=\"1668\">Tilpums:<\/strong> 50 ml<\/p>\n","protected":false},"excerpt":{"rendered":"<p data-start=\"1820\" data-end=\"1858\">Lift\u0113jo\u0161s kr\u0113ms kakla un dekolt\u0113 zonai<\/p>\n<h2 data-start=\"1860\" data-end=\"1911\"><strong data-start=\"1860\" data-end=\"1911\">\u012apa\u0161\u012bbas Reviderm &#8211; Neck &amp; Decolette Contouring<\/strong><\/h2>\n<p data-start=\"1913\" data-end=\"2162\">\u2714\ufe0f Palielina \u0101das bl\u012bvumu un elast\u012bbu kakla un dekolt\u0113 zon\u0101<br data-start=\"1972\" data-end=\"1975\" \/>\u2714\ufe0f Nostiprina un uzlabo kont\u016bras<br data-start=\"2007\" data-end=\"2010\" \/>\u2714\ufe0f Samazina grumbas un fotonoveco\u0161an\u0101s paz\u012bmes<br data-start=\"2056\" data-end=\"2059\" \/>\u2714\ufe0f Aktiviz\u0113 \u0161\u016bnu atjauno\u0161anos un kolag\u0113na sint\u0113zi<br data-start=\"2108\" data-end=\"2111\" \/>\u2714\ufe0f Nodro\u0161ina intens\u012bvu mitrin\u0101\u0161anu un aizsardz\u012bbu<\/p>\n","protected":false},"featured_media":64093,"template":"","meta":[],"pwb-brand":[703],"product_brand":[],"product_cat":[764,735,757,737,749],"product_tag":[],"giftcard-category":[],"class_list":{"0":"post-73707","1":"product","2":"type-product","3":"status-publish","4":"has-post-thumbnail","6":"pwb-brand-reviderm","7":"product_cat-davanu-ideja","8":"product_cat-dekolte-zona","9":"product_cat-kermena-kopsana","10":"product_cat-mitrinasana","11":"product_cat-novecojosa-ada","13":"first","14":"instock","15":"taxable","16":"shipping-taxable","17":"purchasable","18":"product-type-simple"},"acf":[],"brands":[{"id":703,"name":"Reviderm","slug":"reviderm"}],"_links":{"self":[{"href":"https:\/\/skinstudio.ee\/lv\/wp-json\/wp\/v2\/product\/73707","targetHints":{"allow":["GET"]}}],"collection":[{"href":"https:\/\/skinstudio.ee\/lv\/wp-json\/wp\/v2\/product"}],"about":[{"href":"https:\/\/skinstudio.ee\/lv\/wp-json\/wp\/v2\/types\/product"}],"version-history":[{"count":2,"href":"https:\/\/skinstudio.ee\/lv\/wp-json\/wp\/v2\/product\/73707\/revisions"}],"predecessor-version":[{"id":73709,"href":"https:\/\/skinstudio.ee\/lv\/wp-json\/wp\/v2\/product\/73707\/revisions\/73709"}],"wp:featuredmedia":[{"embeddable":true,"href":"https:\/\/skinstudio.ee\/lv\/wp-json\/wp\/v2\/media\/64093"}],"wp:attachment":[{"href":"https:\/\/skinstudio.ee\/lv\/wp-json\/wp\/v2\/media?parent=73707"}],"wp:term":[{"taxonomy":"pwb-brand","embeddable":true,"href":"https:\/\/skinstudio.ee\/lv\/wp-json\/wp\/v2\/pwb-brand?post=73707"},{"taxonomy":"product_brand","embeddable":true,"href":"https:\/\/skinstudio.ee\/lv\/wp-json\/wp\/v2\/product_brand?post=73707"},{"taxonomy":"product_cat","embeddable":true,"href":"https:\/\/skinstudio.ee\/lv\/wp-json\/wp\/v2\/product_cat?post=73707"},{"taxonomy":"product_tag","embeddable":true,"href":"https:\/\/skinstudio.ee\/lv\/wp-json\/wp\/v2\/product_tag?post=73707"},{"taxonomy":"giftcard-category","embeddable":true,"href":"https:\/\/skinstudio.ee\/lv\/wp-json\/wp\/v2\/giftcard-category?post=73707"}],"curies":[{"name":"wp","href":"https:\/\/api.w.org\/{rel}","templated":true}]}}