{"id":73716,"date":"2025-07-15T10:57:45","date_gmt":"2025-07-15T10:57:45","guid":{"rendered":"https:\/\/skinstudio.ee\/?post_type=product&#038;p=73716"},"modified":"2026-01-21T13:57:18","modified_gmt":"2026-01-21T13:57:18","slug":"express-lifting-mask","status":"publish","type":"product","link":"https:\/\/skinstudio.ee\/lv\/catalog\/reviderm\/express-lifting-mask\/","title":{"rendered":"Express Lifting Mask"},"content":{"rendered":"<p data-start=\"487\" data-end=\"813\">Savelo\u0161ie pept\u012bdi un hialuronsk\u0101be nekav\u0113joties izl\u012bdzina \u0101du. Maskas ekskluz\u012bv\u0101 formula iedarbojas pret kolag\u0113na \u0161\u0137iedru glik\u0101cijas procesu un br\u012bvo radik\u0101\u013cu negat\u012bvo ietekmi, nostiprina un izl\u012bdzina \u0101du. Z\u012bda prote\u012bni padara \u0101du samtaini maigu. Tikai da\u017eu min\u016b\u0161u laik\u0101 maska atjauno \u0101das apjomu un nostiprina sejas kont\u016bras.<\/p>\n<p data-start=\"815\" data-end=\"833\"><strong data-start=\"815\" data-end=\"827\">Tilpums:<\/strong> 50 ml<\/p>\n","protected":false},"excerpt":{"rendered":"<p data-start=\"1013\" data-end=\"1051\">G\u0113la maska ar t\u016bl\u012bt\u0113ju liftinga efektu<\/p>\n<h2 data-start=\"1053\" data-end=\"1097\"><strong data-start=\"1053\" data-end=\"1097\">\u012apa\u0161\u012bbas Reviderm &#8211; Express Lifting Mask<\/strong><\/h2>\n<p data-start=\"1099\" data-end=\"1369\">\u2714\ufe0f Nodro\u0161ina t\u016bl\u012bt\u0113ju liftinga un savelko\u0161u efektu<br data-start=\"1149\" data-end=\"1152\" \/>\u2714\ufe0f Izl\u012bdzina grumbas un uzlabo \u0101das mikroreljefu<br data-start=\"1200\" data-end=\"1203\" \/>\u2714\ufe0f Uzlabo asinsriti un pie\u0161\u0137ir \u0101dai vesel\u012bgu mirdzumu<br data-start=\"1256\" data-end=\"1259\" \/>\u2714\ufe0f Nostiprina \u0101das strukt\u016bru un paaugstina t\u0101s tonusu<br data-start=\"1312\" data-end=\"1315\" \/>\u2714\ufe0f Piem\u0113rota k\u0101 SOS l\u012bdzeklis pirms svar\u012bga notikuma<\/p>\n","protected":false},"featured_media":64098,"template":"","meta":[],"pwb-brand":[703],"product_brand":[],"product_cat":[725,737,749],"product_tag":[],"giftcard-category":[],"class_list":{"0":"post-73716","1":"product","2":"type-product","3":"status-publish","4":"has-post-thumbnail","6":"pwb-brand-reviderm","7":"product_cat-maskas","8":"product_cat-mitrinasana","9":"product_cat-novecojosa-ada","11":"first","12":"instock","13":"taxable","14":"shipping-taxable","15":"purchasable","16":"product-type-simple"},"acf":[],"brands":[{"id":703,"name":"Reviderm","slug":"reviderm"}],"_links":{"self":[{"href":"https:\/\/skinstudio.ee\/lv\/wp-json\/wp\/v2\/product\/73716","targetHints":{"allow":["GET"]}}],"collection":[{"href":"https:\/\/skinstudio.ee\/lv\/wp-json\/wp\/v2\/product"}],"about":[{"href":"https:\/\/skinstudio.ee\/lv\/wp-json\/wp\/v2\/types\/product"}],"version-history":[{"count":1,"href":"https:\/\/skinstudio.ee\/lv\/wp-json\/wp\/v2\/product\/73716\/revisions"}],"predecessor-version":[{"id":73717,"href":"https:\/\/skinstudio.ee\/lv\/wp-json\/wp\/v2\/product\/73716\/revisions\/73717"}],"wp:featuredmedia":[{"embeddable":true,"href":"https:\/\/skinstudio.ee\/lv\/wp-json\/wp\/v2\/media\/64098"}],"wp:attachment":[{"href":"https:\/\/skinstudio.ee\/lv\/wp-json\/wp\/v2\/media?parent=73716"}],"wp:term":[{"taxonomy":"pwb-brand","embeddable":true,"href":"https:\/\/skinstudio.ee\/lv\/wp-json\/wp\/v2\/pwb-brand?post=73716"},{"taxonomy":"product_brand","embeddable":true,"href":"https:\/\/skinstudio.ee\/lv\/wp-json\/wp\/v2\/product_brand?post=73716"},{"taxonomy":"product_cat","embeddable":true,"href":"https:\/\/skinstudio.ee\/lv\/wp-json\/wp\/v2\/product_cat?post=73716"},{"taxonomy":"product_tag","embeddable":true,"href":"https:\/\/skinstudio.ee\/lv\/wp-json\/wp\/v2\/product_tag?post=73716"},{"taxonomy":"giftcard-category","embeddable":true,"href":"https:\/\/skinstudio.ee\/lv\/wp-json\/wp\/v2\/giftcard-category?post=73716"}],"curies":[{"name":"wp","href":"https:\/\/api.w.org\/{rel}","templated":true}]}}