{"id":73723,"date":"2025-07-15T10:21:41","date_gmt":"2025-07-15T10:21:41","guid":{"rendered":"https:\/\/skinstudio.ee\/?post_type=product&#038;p=73723"},"modified":"2026-01-21T13:57:18","modified_gmt":"2026-01-21T13:57:18","slug":"eye-contouring","status":"publish","type":"product","link":"https:\/\/skinstudio.ee\/lv\/catalog\/reviderm\/eye-contouring\/","title":{"rendered":"Eye Contouring"},"content":{"rendered":"<p data-start=\"258\" data-end=\"743\">Kr\u0113ma ekskluz\u012bv\u0101 formula iedarbojas pret kolag\u0113na \u0161\u0137iedru glik\u0101cijas procesu un neitraliz\u0113 br\u012bvo radik\u0101\u013cu iedarb\u012bbu. Dabiskajiem lip\u012bdiem identiskie lip\u012bdi padara \u0101du ap ac\u012bm tvirt\u0101ku un elast\u012bg\u0101ku. Kolag\u0113ns izl\u012bdzina grumbas un pal\u012bdz saglab\u0101t acu zonas skaistumu un jaunekl\u012bgumu. Patent\u0113ts akt\u012bvo sast\u0101vda\u013cu komplekss, kas izstr\u0101d\u0101ts tie\u0161i acu zonas \u0101dai, uzlabo mikrocirkul\u0101ciju un pal\u012bdz samazin\u0101t tum\u0161os lokus zem ac\u012bm. Acu zona izskat\u0101s glud\u0101ka, maig\u0101ka, svaig\u0101ka un starojo\u0161\u0101ka.<\/p>\n<p data-start=\"745\" data-end=\"763\"><strong data-start=\"745\" data-end=\"757\">Tilpums:<\/strong> 15 ml<\/p>\n","protected":false},"excerpt":{"rendered":"<p data-start=\"821\" data-end=\"848\">Liftinga kr\u0113ms \u0101dai ap ac\u012bm<\/p>\n<h2 data-start=\"850\" data-end=\"888\"><strong data-start=\"850\" data-end=\"888\">\u012apa\u0161\u012bbas Reviderm &#8211; Eye Contouring<\/strong><\/h2>\n<p data-start=\"890\" data-end=\"1144\">\u2714\ufe0f Nostiprina un savelk \u0101du acu zon\u0101<br data-start=\"926\" data-end=\"929\" \/>\u2714\ufe0f Samazina tum\u0161os lokus un noguruma paz\u012bmes<br data-start=\"973\" data-end=\"976\" \/>\u2714\ufe0f Mazina t\u016bsku un nov\u0113r\u0161 \u201cmaisi\u0146us\u201d zem ac\u012bm<br data-start=\"1021\" data-end=\"1024\" \/>\u2714\ufe0f Izl\u012bdzina grumbas un nov\u0113r\u0161 jaunu veido\u0161anos<br data-start=\"1071\" data-end=\"1074\" \/>\u2714\ufe0f Bag\u0101tin\u0101ts ar pretnoveco\u0161an\u0101s pept\u012bdiem un mitrino\u0161\u0101m sast\u0101vda\u013c\u0101m<\/p>\n","protected":false},"featured_media":64104,"template":"","meta":[],"pwb-brand":[703],"product_brand":[],"product_cat":[733,737,749],"product_tag":[],"giftcard-category":[],"class_list":{"0":"post-73723","1":"product","2":"type-product","3":"status-publish","4":"has-post-thumbnail","6":"pwb-brand-reviderm","7":"product_cat-ada-ap-acim","8":"product_cat-mitrinasana","9":"product_cat-novecojosa-ada","11":"first","12":"instock","13":"taxable","14":"shipping-taxable","15":"purchasable","16":"product-type-simple"},"acf":[],"brands":[{"id":703,"name":"Reviderm","slug":"reviderm"}],"_links":{"self":[{"href":"https:\/\/skinstudio.ee\/lv\/wp-json\/wp\/v2\/product\/73723","targetHints":{"allow":["GET"]}}],"collection":[{"href":"https:\/\/skinstudio.ee\/lv\/wp-json\/wp\/v2\/product"}],"about":[{"href":"https:\/\/skinstudio.ee\/lv\/wp-json\/wp\/v2\/types\/product"}],"version-history":[{"count":1,"href":"https:\/\/skinstudio.ee\/lv\/wp-json\/wp\/v2\/product\/73723\/revisions"}],"predecessor-version":[{"id":73724,"href":"https:\/\/skinstudio.ee\/lv\/wp-json\/wp\/v2\/product\/73723\/revisions\/73724"}],"wp:featuredmedia":[{"embeddable":true,"href":"https:\/\/skinstudio.ee\/lv\/wp-json\/wp\/v2\/media\/64104"}],"wp:attachment":[{"href":"https:\/\/skinstudio.ee\/lv\/wp-json\/wp\/v2\/media?parent=73723"}],"wp:term":[{"taxonomy":"pwb-brand","embeddable":true,"href":"https:\/\/skinstudio.ee\/lv\/wp-json\/wp\/v2\/pwb-brand?post=73723"},{"taxonomy":"product_brand","embeddable":true,"href":"https:\/\/skinstudio.ee\/lv\/wp-json\/wp\/v2\/product_brand?post=73723"},{"taxonomy":"product_cat","embeddable":true,"href":"https:\/\/skinstudio.ee\/lv\/wp-json\/wp\/v2\/product_cat?post=73723"},{"taxonomy":"product_tag","embeddable":true,"href":"https:\/\/skinstudio.ee\/lv\/wp-json\/wp\/v2\/product_tag?post=73723"},{"taxonomy":"giftcard-category","embeddable":true,"href":"https:\/\/skinstudio.ee\/lv\/wp-json\/wp\/v2\/giftcard-category?post=73723"}],"curies":[{"name":"wp","href":"https:\/\/api.w.org\/{rel}","templated":true}]}}