{"id":73731,"date":"2025-07-15T10:21:22","date_gmt":"2025-07-15T10:21:22","guid":{"rendered":"https:\/\/skinstudio.ee\/?post_type=product&#038;p=73731"},"modified":"2026-01-21T13:57:20","modified_gmt":"2026-01-21T13:57:20","slug":"preinfuse-serum","status":"publish","type":"product","link":"https:\/\/skinstudio.ee\/lv\/catalog\/reviderm\/preinfuse-serum\/","title":{"rendered":"PreInfuse Serum"},"content":{"rendered":"<p data-start=\"426\" data-end=\"1056\">Uzlabo\u00adta akt\u012bvo sast\u0101vda\u013cu koncentr\u0101cija serum\u0101 nodro\u0161ina optim\u0101lu \u0101das mitruma regul\u0101ciju. Seruma sast\u0101v\u0101 ir augsti att\u012br\u012bta hialuronsk\u0101be, mitrino\u0161ais komplekss Aqua Boost un filagrinols, kas b\u016btiski uzlabo \u0101das dab\u012bg\u0101s mitrin\u0101\u0161anas sist\u0113mas darb\u012bbu. Mitrino\u0161ais komplekss Aqua Boost regul\u0113 vit\u0101li svar\u012bgo \u016bdens l\u012bdzsvaru \u0101das \u0161\u016bn\u0101s un ir iz\u0161\u0137iro\u0161s visu epidermas sl\u0101\u0146u rehidrat\u0101cijai. Regul\u0101ri lietojot, serums palielina \u0101das pa\u0161as hialuronsk\u0101bes un dab\u012bg\u0101 mitrino\u0161\u0101 faktora NMF veido\u0161anos. Rezult\u0101t\u0101 \u0101da tiek intens\u012bvi mitrin\u0101ta, uzlabojas epidermas \u0161\u016bnu kvalit\u0101te, \u0101da k\u013c\u016bst glud\u0101ka un mirdz jaun\u012bbas un vesel\u012bbas starojum\u0101.<\/p>\n<p data-start=\"1058\" data-end=\"1076\"><strong data-start=\"1058\" data-end=\"1070\">Tilpums:<\/strong> 50 ml<\/p>\n","protected":false},"excerpt":{"rendered":"<p data-start=\"1231\" data-end=\"1257\">Intens\u012bvi mitrino\u0161s serums<\/p>\n<h2 data-start=\"1259\" data-end=\"1298\"><strong data-start=\"1259\" data-end=\"1298\">\u012apa\u0161\u012bbas Reviderm &#8211; PreInfuse Serum<\/strong><\/h2>\n<p data-start=\"1300\" data-end=\"1558\">\u2714\ufe0f Sagatavo \u0101du turpm\u0101ko akt\u012bvo l\u012bdzek\u013cu uzkl\u0101\u0161anai<br data-start=\"1351\" data-end=\"1354\" \/>\u2714\ufe0f Mitrina un atjauno hidrolip\u012bdu l\u012bdzsvaru<br data-start=\"1397\" data-end=\"1400\" \/>\u2714\ufe0f Palielina \u0101das sp\u0113ju uz\u0146emt akt\u012bv\u0101s sast\u0101vda\u013cas<br data-start=\"1450\" data-end=\"1453\" \/>\u2714\ufe0f Nomierina kairin\u0101jumu un stiprina aizsargbarjeru<br data-start=\"1504\" data-end=\"1507\" \/>\u2714\ufe0f Piem\u0113rots visiem \u0101das tipiem, ar\u012b jut\u012bgai \u0101dai<\/p>\n","protected":false},"featured_media":64109,"template":"","meta":[],"pwb-brand":[703],"product_brand":[],"product_cat":[737,723],"product_tag":[],"giftcard-category":[],"class_list":{"0":"post-73731","1":"product","2":"type-product","3":"status-publish","4":"has-post-thumbnail","6":"pwb-brand-reviderm","7":"product_cat-mitrinasana","8":"product_cat-serumi","10":"first","11":"instock","12":"taxable","13":"shipping-taxable","14":"purchasable","15":"product-type-simple"},"acf":[],"brands":[{"id":703,"name":"Reviderm","slug":"reviderm"}],"_links":{"self":[{"href":"https:\/\/skinstudio.ee\/lv\/wp-json\/wp\/v2\/product\/73731","targetHints":{"allow":["GET"]}}],"collection":[{"href":"https:\/\/skinstudio.ee\/lv\/wp-json\/wp\/v2\/product"}],"about":[{"href":"https:\/\/skinstudio.ee\/lv\/wp-json\/wp\/v2\/types\/product"}],"version-history":[{"count":1,"href":"https:\/\/skinstudio.ee\/lv\/wp-json\/wp\/v2\/product\/73731\/revisions"}],"predecessor-version":[{"id":73732,"href":"https:\/\/skinstudio.ee\/lv\/wp-json\/wp\/v2\/product\/73731\/revisions\/73732"}],"wp:featuredmedia":[{"embeddable":true,"href":"https:\/\/skinstudio.ee\/lv\/wp-json\/wp\/v2\/media\/64109"}],"wp:attachment":[{"href":"https:\/\/skinstudio.ee\/lv\/wp-json\/wp\/v2\/media?parent=73731"}],"wp:term":[{"taxonomy":"pwb-brand","embeddable":true,"href":"https:\/\/skinstudio.ee\/lv\/wp-json\/wp\/v2\/pwb-brand?post=73731"},{"taxonomy":"product_brand","embeddable":true,"href":"https:\/\/skinstudio.ee\/lv\/wp-json\/wp\/v2\/product_brand?post=73731"},{"taxonomy":"product_cat","embeddable":true,"href":"https:\/\/skinstudio.ee\/lv\/wp-json\/wp\/v2\/product_cat?post=73731"},{"taxonomy":"product_tag","embeddable":true,"href":"https:\/\/skinstudio.ee\/lv\/wp-json\/wp\/v2\/product_tag?post=73731"},{"taxonomy":"giftcard-category","embeddable":true,"href":"https:\/\/skinstudio.ee\/lv\/wp-json\/wp\/v2\/giftcard-category?post=73731"}],"curies":[{"name":"wp","href":"https:\/\/api.w.org\/{rel}","templated":true}]}}