{"id":73738,"date":"2025-07-15T09:34:35","date_gmt":"2025-07-15T09:34:35","guid":{"rendered":"https:\/\/skinstudio.ee\/?post_type=product&#038;p=73738"},"modified":"2026-01-21T13:57:19","modified_gmt":"2026-01-21T13:57:19","slug":"night-contouring","status":"publish","type":"product","link":"https:\/\/skinstudio.ee\/lv\/catalog\/reviderm\/night-contouring\/","title":{"rendered":"Night Contouring"},"content":{"rendered":"<p data-start=\"333\" data-end=\"794\">Kr\u0113ma ekskluz\u012bv\u0101 formula iedarbojas pret kolag\u0113na \u0161\u0137iedru glik\u0101cijas procesu, neitraliz\u0113 br\u012bvo radik\u0101\u013cu iedarb\u012bbu un samazina grumbu veido\u0161anos. Dabiskajiem lip\u012bdiem identiskie lip\u012bdi padara \u0101du tvirt\u0101ku un elast\u012bg\u0101ku. Liposom\u0101s iekapsul\u0113tie pretnoveco\u0161an\u0101s pept\u012bdi pagarina \u0161\u016bnu dz\u012bves ciklu. Z\u012bda prote\u012bni pie\u0161\u0137ir \u0101dai samtainu maigumu. Kr\u0113ms nodro\u0161ina \u0101das atjauno\u0161anos nakts laik\u0101, nostiprina un savelk kont\u016bras, \u0101da izskat\u0101s gluda, starojo\u0161a un jaunekl\u012bga.<\/p>\n<p data-start=\"796\" data-end=\"814\"><strong data-start=\"796\" data-end=\"808\">Tilpums:<\/strong> 50 ml<\/p>\n","protected":false},"excerpt":{"rendered":"<p data-start=\"916\" data-end=\"937\">Intens\u012bvs nakts kr\u0113ms<\/p>\n<h2 data-start=\"939\" data-end=\"979\"><strong data-start=\"939\" data-end=\"979\">\u012apa\u0161\u012bbas Reviderm &#8211; Night Contouring<\/strong><\/h2>\n<p data-start=\"981\" data-end=\"1233\">\u2714\ufe0f Aktiviz\u0113 \u0101das \u0161\u016bnu nakts re\u0123ener\u0101ciju<br data-start=\"1021\" data-end=\"1024\" \/>\u2714\ufe0f Atjauno \u0101das bl\u012bvumu un stiprina t\u0101s strukt\u016bru<br data-start=\"1073\" data-end=\"1076\" \/>\u2714\ufe0f Sav\u0113l sejas kont\u016bras un samazina \u0101das nosl\u012bd\u0113\u0161anu<br data-start=\"1128\" data-end=\"1131\" \/>\u2714\ufe0f C\u012bn\u0101s ar noveco\u0161an\u0101s paz\u012bm\u0113m miega laik\u0101<br data-start=\"1174\" data-end=\"1177\" \/>\u2714\ufe0f Bag\u0101tin\u0101ts ar pretnoveco\u0161an\u0101s pept\u012bdiem un lip\u012bdiem<\/p>\n","protected":false},"featured_media":64114,"template":"","meta":[],"pwb-brand":[703],"product_brand":[],"product_cat":[737,749,739],"product_tag":[],"giftcard-category":[],"class_list":{"0":"post-73738","1":"product","2":"type-product","3":"status-publish","4":"has-post-thumbnail","6":"pwb-brand-reviderm","7":"product_cat-mitrinasana","8":"product_cat-novecojosa-ada","9":"product_cat-sausai-adai","11":"first","12":"instock","13":"taxable","14":"shipping-taxable","15":"purchasable","16":"product-type-simple"},"acf":[],"brands":[{"id":703,"name":"Reviderm","slug":"reviderm"}],"_links":{"self":[{"href":"https:\/\/skinstudio.ee\/lv\/wp-json\/wp\/v2\/product\/73738","targetHints":{"allow":["GET"]}}],"collection":[{"href":"https:\/\/skinstudio.ee\/lv\/wp-json\/wp\/v2\/product"}],"about":[{"href":"https:\/\/skinstudio.ee\/lv\/wp-json\/wp\/v2\/types\/product"}],"version-history":[{"count":1,"href":"https:\/\/skinstudio.ee\/lv\/wp-json\/wp\/v2\/product\/73738\/revisions"}],"predecessor-version":[{"id":73739,"href":"https:\/\/skinstudio.ee\/lv\/wp-json\/wp\/v2\/product\/73738\/revisions\/73739"}],"wp:featuredmedia":[{"embeddable":true,"href":"https:\/\/skinstudio.ee\/lv\/wp-json\/wp\/v2\/media\/64114"}],"wp:attachment":[{"href":"https:\/\/skinstudio.ee\/lv\/wp-json\/wp\/v2\/media?parent=73738"}],"wp:term":[{"taxonomy":"pwb-brand","embeddable":true,"href":"https:\/\/skinstudio.ee\/lv\/wp-json\/wp\/v2\/pwb-brand?post=73738"},{"taxonomy":"product_brand","embeddable":true,"href":"https:\/\/skinstudio.ee\/lv\/wp-json\/wp\/v2\/product_brand?post=73738"},{"taxonomy":"product_cat","embeddable":true,"href":"https:\/\/skinstudio.ee\/lv\/wp-json\/wp\/v2\/product_cat?post=73738"},{"taxonomy":"product_tag","embeddable":true,"href":"https:\/\/skinstudio.ee\/lv\/wp-json\/wp\/v2\/product_tag?post=73738"},{"taxonomy":"giftcard-category","embeddable":true,"href":"https:\/\/skinstudio.ee\/lv\/wp-json\/wp\/v2\/giftcard-category?post=73738"}],"curies":[{"name":"wp","href":"https:\/\/api.w.org\/{rel}","templated":true}]}}