{"id":73746,"date":"2025-07-15T09:24:25","date_gmt":"2025-07-15T09:24:25","guid":{"rendered":"https:\/\/skinstudio.ee\/?post_type=product&#038;p=73746"},"modified":"2026-01-21T13:57:20","modified_gmt":"2026-01-21T13:57:20","slug":"pore-refining-toner","status":"publish","type":"product","link":"https:\/\/skinstudio.ee\/lv\/catalog\/reviderm\/pore-refining-toner\/","title":{"rendered":"Pore Refining Toner"},"content":{"rendered":"<p data-start=\"400\" data-end=\"780\">Akt\u012bv\u0101s sast\u0101vda\u013cas ar sebuma regul\u0113jo\u0161u iedarb\u012bbu normaliz\u0113 \u0101das virs\u0113j\u0101 sl\u0101\u0146a keratiniz\u0101cijas procesu un sa\u0161aurina poras. V\u0113rt\u012bgie z\u012bda prote\u012bni pie\u0161\u0137ir \u0101dai samtainu maigumu. Toniks l\u012bdzsvaro \u0101du, pie\u0161\u0137ir tai mirdzumu un svaigumu. Regul\u0101ra lieto\u0161ana pal\u012bdz uzlabot \u0101das tekst\u016bru, padarot to vienm\u0113r\u012bg\u0101ku un kopt\u0101ku. Lieliski sagatavo \u0101du turpm\u0101k\u0101s kop\u0161anas l\u012bdzek\u013cu uzkl\u0101\u0161anai.<\/p>\n<p data-start=\"782\" data-end=\"801\"><strong data-start=\"782\" data-end=\"794\">Tilpums:<\/strong> 200 ml<\/p>\n","protected":false},"excerpt":{"rendered":"<p data-start=\"946\" data-end=\"1012\">Balans\u0113jo\u0161s toniks poru sa\u0161aurin\u0101\u0161anai un \u0101das to\u0146a izl\u012bdzin\u0101\u0161anai<\/p>\n<h2 data-start=\"1014\" data-end=\"1057\"><strong data-start=\"1014\" data-end=\"1057\">\u012apa\u0161\u012bbas Reviderm &#8211; Pore Refining Toner<\/strong><\/h2>\n<p data-start=\"1059\" data-end=\"1322\">\u2714\ufe0f Normaliz\u0113 \u0101das keratiniz\u0101ciju un tauku dziedzeru darb\u012bbu<br data-start=\"1118\" data-end=\"1121\" \/>\u2714\ufe0f Sa\u0161aurina poras un uzlabo \u0101das tekst\u016bru<br data-start=\"1163\" data-end=\"1166\" \/>\u2714\ufe0f Piem\u012bt viegla sebuma regul\u0113jo\u0161a iedarb\u012bba<br data-start=\"1210\" data-end=\"1213\" \/>\u2714\ufe0f Pie\u0161\u0137ir \u0101dai samtainu maigumu, pateicoties z\u012bda prote\u012bniem<br data-start=\"1274\" data-end=\"1277\" \/>\u2714\ufe0f L\u012bdzsvaro \u0101du un atsvaidzina sejas kr\u0101su<\/p>\n","protected":false},"featured_media":64119,"template":"","meta":[],"pwb-brand":[703],"product_brand":[],"product_cat":[749,743,721],"product_tag":[],"giftcard-category":[],"class_list":{"0":"post-73746","1":"product","2":"type-product","3":"status-publish","4":"has-post-thumbnail","6":"pwb-brand-reviderm","7":"product_cat-novecojosa-ada","8":"product_cat-paplasinatas-poras","9":"product_cat-toniki-lv","11":"first","12":"instock","13":"taxable","14":"shipping-taxable","15":"purchasable","16":"product-type-simple"},"acf":[],"brands":[{"id":703,"name":"Reviderm","slug":"reviderm"}],"_links":{"self":[{"href":"https:\/\/skinstudio.ee\/lv\/wp-json\/wp\/v2\/product\/73746","targetHints":{"allow":["GET"]}}],"collection":[{"href":"https:\/\/skinstudio.ee\/lv\/wp-json\/wp\/v2\/product"}],"about":[{"href":"https:\/\/skinstudio.ee\/lv\/wp-json\/wp\/v2\/types\/product"}],"version-history":[{"count":1,"href":"https:\/\/skinstudio.ee\/lv\/wp-json\/wp\/v2\/product\/73746\/revisions"}],"predecessor-version":[{"id":73747,"href":"https:\/\/skinstudio.ee\/lv\/wp-json\/wp\/v2\/product\/73746\/revisions\/73747"}],"wp:featuredmedia":[{"embeddable":true,"href":"https:\/\/skinstudio.ee\/lv\/wp-json\/wp\/v2\/media\/64119"}],"wp:attachment":[{"href":"https:\/\/skinstudio.ee\/lv\/wp-json\/wp\/v2\/media?parent=73746"}],"wp:term":[{"taxonomy":"pwb-brand","embeddable":true,"href":"https:\/\/skinstudio.ee\/lv\/wp-json\/wp\/v2\/pwb-brand?post=73746"},{"taxonomy":"product_brand","embeddable":true,"href":"https:\/\/skinstudio.ee\/lv\/wp-json\/wp\/v2\/product_brand?post=73746"},{"taxonomy":"product_cat","embeddable":true,"href":"https:\/\/skinstudio.ee\/lv\/wp-json\/wp\/v2\/product_cat?post=73746"},{"taxonomy":"product_tag","embeddable":true,"href":"https:\/\/skinstudio.ee\/lv\/wp-json\/wp\/v2\/product_tag?post=73746"},{"taxonomy":"giftcard-category","embeddable":true,"href":"https:\/\/skinstudio.ee\/lv\/wp-json\/wp\/v2\/giftcard-category?post=73746"}],"curies":[{"name":"wp","href":"https:\/\/api.w.org\/{rel}","templated":true}]}}