{"id":73753,"date":"2025-07-15T09:24:09","date_gmt":"2025-07-15T09:24:09","guid":{"rendered":"https:\/\/skinstudio.ee\/?post_type=product&#038;p=73753"},"modified":"2026-01-21T13:57:17","modified_gmt":"2026-01-21T13:57:17","slug":"day-contouring","status":"publish","type":"product","link":"https:\/\/skinstudio.ee\/lv\/catalog\/reviderm\/day-contouring\/","title":{"rendered":"Day Contouring"},"content":{"rendered":"<p data-start=\"336\" data-end=\"749\">Kr\u0113ma ekskluz\u012bv\u0101 formula iedarbojas pret kolag\u0113na \u0161\u0137iedru glik\u0101cijas procesu, neitraliz\u0113 br\u012bvos radik\u0101\u013cus un samazina grumbu veido\u0161anos. Dabiskajiem lip\u012bdiem identiskie lip\u012bdi padara \u0101du tvirt\u0101ku un elast\u012bg\u0101ku. Liposom\u0101s iekapsul\u0113tie pretnoveco\u0161an\u0101s pept\u012bdi pagarina \u0161\u016bnu dz\u012bves ciklu. Intens\u012bv\u0101 formula ar z\u012bda prote\u012bniem padara \u0101du samtaini maigu. Kr\u0113ms veido sejas kont\u016bras, \u0101da izskat\u0101s jaun\u0101ka un savilkt\u0101ka.<\/p>\n<p data-start=\"751\" data-end=\"769\"><strong data-start=\"751\" data-end=\"763\">Tilpums:<\/strong> 50 ml<\/p>\n","protected":false},"excerpt":{"rendered":"<p data-start=\"872\" data-end=\"895\">Stiprino\u0161s dienas kr\u0113ms<\/p>\n<h2 data-start=\"897\" data-end=\"935\"><strong data-start=\"897\" data-end=\"935\">\u012apa\u0161\u012bbas Reviderm &#8211; Day Contouring<\/strong><\/h2>\n<p data-start=\"937\" data-end=\"1220\">\u2714\ufe0f Stimul\u0113 kolag\u0113na veido\u0161anos un palielina \u0101das tvirtumu<br data-start=\"994\" data-end=\"997\" \/>\u2714\ufe0f Savelk sejas ov\u0101lu un stiprina \u0101das strukt\u016bru<br data-start=\"1045\" data-end=\"1048\" \/>\u2714\ufe0f M\u012bkstina m\u012bmikas grumbas un nov\u0113r\u0161 jaunu veido\u0161anos<br data-start=\"1102\" data-end=\"1105\" \/>\u2714\ufe0f Aizsarg\u0101 \u0101du no oksidat\u012bv\u0101 stresa un \u0101r\u0113jiem faktoriem<br data-start=\"1162\" data-end=\"1165\" \/>\u2714\ufe0f Nodro\u0161ina optim\u0101lu mitrin\u0101\u0161anu visas dienas garum\u0101<\/p>\n","protected":false},"featured_media":64124,"template":"","meta":[],"pwb-brand":[703],"product_brand":[],"product_cat":[737,749,739],"product_tag":[],"giftcard-category":[],"class_list":{"0":"post-73753","1":"product","2":"type-product","3":"status-publish","4":"has-post-thumbnail","6":"pwb-brand-reviderm","7":"product_cat-mitrinasana","8":"product_cat-novecojosa-ada","9":"product_cat-sausai-adai","11":"first","12":"instock","13":"taxable","14":"shipping-taxable","15":"purchasable","16":"product-type-simple"},"acf":[],"brands":[{"id":703,"name":"Reviderm","slug":"reviderm"}],"_links":{"self":[{"href":"https:\/\/skinstudio.ee\/lv\/wp-json\/wp\/v2\/product\/73753","targetHints":{"allow":["GET"]}}],"collection":[{"href":"https:\/\/skinstudio.ee\/lv\/wp-json\/wp\/v2\/product"}],"about":[{"href":"https:\/\/skinstudio.ee\/lv\/wp-json\/wp\/v2\/types\/product"}],"version-history":[{"count":1,"href":"https:\/\/skinstudio.ee\/lv\/wp-json\/wp\/v2\/product\/73753\/revisions"}],"predecessor-version":[{"id":73754,"href":"https:\/\/skinstudio.ee\/lv\/wp-json\/wp\/v2\/product\/73753\/revisions\/73754"}],"wp:featuredmedia":[{"embeddable":true,"href":"https:\/\/skinstudio.ee\/lv\/wp-json\/wp\/v2\/media\/64124"}],"wp:attachment":[{"href":"https:\/\/skinstudio.ee\/lv\/wp-json\/wp\/v2\/media?parent=73753"}],"wp:term":[{"taxonomy":"pwb-brand","embeddable":true,"href":"https:\/\/skinstudio.ee\/lv\/wp-json\/wp\/v2\/pwb-brand?post=73753"},{"taxonomy":"product_brand","embeddable":true,"href":"https:\/\/skinstudio.ee\/lv\/wp-json\/wp\/v2\/product_brand?post=73753"},{"taxonomy":"product_cat","embeddable":true,"href":"https:\/\/skinstudio.ee\/lv\/wp-json\/wp\/v2\/product_cat?post=73753"},{"taxonomy":"product_tag","embeddable":true,"href":"https:\/\/skinstudio.ee\/lv\/wp-json\/wp\/v2\/product_tag?post=73753"},{"taxonomy":"giftcard-category","embeddable":true,"href":"https:\/\/skinstudio.ee\/lv\/wp-json\/wp\/v2\/giftcard-category?post=73753"}],"curies":[{"name":"wp","href":"https:\/\/api.w.org\/{rel}","templated":true}]}}