{"id":73760,"date":"2025-07-15T08:08:29","date_gmt":"2025-07-15T08:08:29","guid":{"rendered":"https:\/\/skinstudio.ee\/?post_type=product&#038;p=73760"},"modified":"2026-01-21T13:57:20","modified_gmt":"2026-01-21T13:57:20","slug":"pore-refining-foam","status":"publish","type":"product","link":"https:\/\/skinstudio.ee\/lv\/catalog\/reviderm\/pore-refining-foam\/","title":{"rendered":"Pore Refining Foam"},"content":{"rendered":"<p data-start=\"537\" data-end=\"857\">Maigas att\u012bro\u0161s putu l\u012bdzeklis ar vieglu p\u012blinga efektu. Akt\u012bv\u0101s sast\u0101vda\u013cas normaliz\u0113 \u0101das raga sl\u0101\u0146a atjauno\u0161an\u0101s procesu, att\u012bra poras, no\u0146em net\u012brumus un kosm\u0113tiku. Z\u012bda prote\u012bni pie\u0161\u0137ir \u0101dai maigumu un koptu izskatu. \u0100das tekst\u016bra uzreiz k\u013c\u016bst vienm\u0113r\u012bg\u0101ka un starojo\u0161\u0101ka. Piem\u0113rots ar\u012b viegla acu grima no\u0146em\u0161anai.<\/p>\n<p data-start=\"859\" data-end=\"878\"><strong data-start=\"859\" data-end=\"871\">Tilpums:<\/strong> 200 ml<\/p>\n","protected":false},"excerpt":{"rendered":"<p data-start=\"1088\" data-end=\"1135\">Maigas att\u012bro\u0161as putas ar vieglu p\u012blinga efektu<\/p>\n<h2 data-start=\"1137\" data-end=\"1179\"><strong data-start=\"1137\" data-end=\"1179\">\u012apa\u0161\u012bbas Reviderm &#8211; Pore Refining Foam<\/strong><\/h2>\n<p data-start=\"1181\" data-end=\"1413\">\u2714\ufe0f Regul\u0113 un normaliz\u0113 \u0101das virs\u0113j\u0101 sl\u0101\u0146a atjauno\u0161anos<br data-start=\"1235\" data-end=\"1238\" \/>\u2714\ufe0f Dzi\u013ci att\u012bra poras<br data-start=\"1259\" data-end=\"1262\" \/>\u2714\ufe0f No\u0146em kosm\u0113tiku, lieko sebumu un net\u012brumus<br data-start=\"1307\" data-end=\"1310\" \/>\u2714\ufe0f Pie\u0161\u0137ir \u0101dai samtainu maigumu, pateicoties z\u012bda prote\u012bniem<br data-start=\"1371\" data-end=\"1374\" \/>\u2714\ufe0f Padara \u0101du t\u012bru, gludu un elast\u012bgu<\/p>\n","protected":false},"featured_media":64129,"template":"","meta":[],"pwb-brand":[703],"product_brand":[],"product_cat":[715,743],"product_tag":[],"giftcard-category":[],"class_list":{"0":"post-73760","1":"product","2":"type-product","3":"status-publish","4":"has-post-thumbnail","6":"pwb-brand-reviderm","7":"product_cat-attirisana","8":"product_cat-paplasinatas-poras","10":"first","11":"instock","12":"taxable","13":"shipping-taxable","14":"purchasable","15":"product-type-simple"},"acf":[],"brands":[{"id":703,"name":"Reviderm","slug":"reviderm"}],"_links":{"self":[{"href":"https:\/\/skinstudio.ee\/lv\/wp-json\/wp\/v2\/product\/73760","targetHints":{"allow":["GET"]}}],"collection":[{"href":"https:\/\/skinstudio.ee\/lv\/wp-json\/wp\/v2\/product"}],"about":[{"href":"https:\/\/skinstudio.ee\/lv\/wp-json\/wp\/v2\/types\/product"}],"version-history":[{"count":1,"href":"https:\/\/skinstudio.ee\/lv\/wp-json\/wp\/v2\/product\/73760\/revisions"}],"predecessor-version":[{"id":73761,"href":"https:\/\/skinstudio.ee\/lv\/wp-json\/wp\/v2\/product\/73760\/revisions\/73761"}],"wp:featuredmedia":[{"embeddable":true,"href":"https:\/\/skinstudio.ee\/lv\/wp-json\/wp\/v2\/media\/64129"}],"wp:attachment":[{"href":"https:\/\/skinstudio.ee\/lv\/wp-json\/wp\/v2\/media?parent=73760"}],"wp:term":[{"taxonomy":"pwb-brand","embeddable":true,"href":"https:\/\/skinstudio.ee\/lv\/wp-json\/wp\/v2\/pwb-brand?post=73760"},{"taxonomy":"product_brand","embeddable":true,"href":"https:\/\/skinstudio.ee\/lv\/wp-json\/wp\/v2\/product_brand?post=73760"},{"taxonomy":"product_cat","embeddable":true,"href":"https:\/\/skinstudio.ee\/lv\/wp-json\/wp\/v2\/product_cat?post=73760"},{"taxonomy":"product_tag","embeddable":true,"href":"https:\/\/skinstudio.ee\/lv\/wp-json\/wp\/v2\/product_tag?post=73760"},{"taxonomy":"giftcard-category","embeddable":true,"href":"https:\/\/skinstudio.ee\/lv\/wp-json\/wp\/v2\/giftcard-category?post=73760"}],"curies":[{"name":"wp","href":"https:\/\/api.w.org\/{rel}","templated":true}]}}