{"id":73772,"date":"2025-07-18T13:32:34","date_gmt":"2025-07-18T13:32:34","guid":{"rendered":"https:\/\/skinstudio.ee\/?post_type=product&#038;p=73772"},"modified":"2026-01-21T13:57:21","modified_gmt":"2026-01-21T13:57:21","slug":"spotex-concentrate","status":"publish","type":"product","link":"https:\/\/skinstudio.ee\/lv\/catalog\/reviderm\/spotex-concentrate\/","title":{"rendered":"SpotEx Concentrate"},"content":{"rendered":"<p data-start=\"308\" data-end=\"647\">Koncentr\u0101ts pigment\u0101cijas mazin\u0101\u0161anai lok\u0101lai lieto\u0161anai. Augsti koncentr\u0113t\u0101 spotEx formula iedarbojas m\u0113r\u0137tiec\u012bgi, lai izgaismotu pigment\u0101cijas plankumus un nov\u0113rstu jaunas pigment\u0101cijas veido\u0161anos. Neirokosm\u0113tisk\u0101s akt\u012bv\u0101s sast\u0101vda\u013cas blo\u0137\u0113 p\u0101rm\u0113r\u012bgu pigmenta sint\u0113zi. Regul\u0101ri lietojot, sejas \u0101das tonis k\u013c\u016bst vienm\u0113r\u012bgs un nevainojams.<\/p>\n<p data-start=\"649\" data-end=\"667\"><strong data-start=\"649\" data-end=\"661\">Tilpums:<\/strong> 10 ml<\/p>\n","protected":false},"excerpt":{"rendered":"<p data-start=\"776\" data-end=\"834\">Koncentr\u0113ts l\u012bdzeklis pigment\u0101cijas plankumu izgaismo\u0161anai<\/p>\n<h2 data-start=\"836\" data-end=\"878\"><strong data-start=\"836\" data-end=\"878\">\u012apa\u0161\u012bbas Reviderm &#8211; SpotEx Concentrate<\/strong><\/h2>\n<p data-start=\"880\" data-end=\"1198\">\u2714\ufe0f Izgaismo pigment\u0101cijas plankumus un nov\u0113r\u0161 to atk\u0101rtotu par\u0101d\u012b\u0161anos<br data-start=\"950\" data-end=\"953\" \/>\u2714\ufe0f Izl\u012bdzina \u0101das toni un uzlabo t\u0101s caursp\u012bd\u012bgumu<br data-start=\"1003\" data-end=\"1006\" \/>\u2714\ufe0f Nom\u0101c melan\u012bna sint\u0113zi, iedarbojoties uz visiem pigment\u0101cijas posmiem<br data-start=\"1078\" data-end=\"1081\" \/>\u2714\ufe0f Piem\u012bt antioksidanta un pretiekaisuma iedarb\u012bba<br data-start=\"1131\" data-end=\"1134\" \/>\u2714\ufe0f Piem\u0113rots jut\u012bgai \u0101dai un lieto\u0161anai p\u0113c p\u012blinga proced\u016br\u0101m<\/p>\n","protected":false},"featured_media":39418,"template":"","meta":[],"pwb-brand":[703],"product_brand":[],"product_cat":[749,751,723],"product_tag":[],"giftcard-category":[],"class_list":{"0":"post-73772","1":"product","2":"type-product","3":"status-publish","4":"has-post-thumbnail","6":"pwb-brand-reviderm","7":"product_cat-novecojosa-ada","8":"product_cat-pigmentacija-lv","9":"product_cat-serumi","11":"first","12":"instock","13":"taxable","14":"shipping-taxable","15":"purchasable","16":"product-type-simple"},"acf":[],"brands":[{"id":703,"name":"Reviderm","slug":"reviderm"}],"_links":{"self":[{"href":"https:\/\/skinstudio.ee\/lv\/wp-json\/wp\/v2\/product\/73772","targetHints":{"allow":["GET"]}}],"collection":[{"href":"https:\/\/skinstudio.ee\/lv\/wp-json\/wp\/v2\/product"}],"about":[{"href":"https:\/\/skinstudio.ee\/lv\/wp-json\/wp\/v2\/types\/product"}],"version-history":[{"count":1,"href":"https:\/\/skinstudio.ee\/lv\/wp-json\/wp\/v2\/product\/73772\/revisions"}],"predecessor-version":[{"id":73773,"href":"https:\/\/skinstudio.ee\/lv\/wp-json\/wp\/v2\/product\/73772\/revisions\/73773"}],"wp:featuredmedia":[{"embeddable":true,"href":"https:\/\/skinstudio.ee\/lv\/wp-json\/wp\/v2\/media\/39418"}],"wp:attachment":[{"href":"https:\/\/skinstudio.ee\/lv\/wp-json\/wp\/v2\/media?parent=73772"}],"wp:term":[{"taxonomy":"pwb-brand","embeddable":true,"href":"https:\/\/skinstudio.ee\/lv\/wp-json\/wp\/v2\/pwb-brand?post=73772"},{"taxonomy":"product_brand","embeddable":true,"href":"https:\/\/skinstudio.ee\/lv\/wp-json\/wp\/v2\/product_brand?post=73772"},{"taxonomy":"product_cat","embeddable":true,"href":"https:\/\/skinstudio.ee\/lv\/wp-json\/wp\/v2\/product_cat?post=73772"},{"taxonomy":"product_tag","embeddable":true,"href":"https:\/\/skinstudio.ee\/lv\/wp-json\/wp\/v2\/product_tag?post=73772"},{"taxonomy":"giftcard-category","embeddable":true,"href":"https:\/\/skinstudio.ee\/lv\/wp-json\/wp\/v2\/giftcard-category?post=73772"}],"curies":[{"name":"wp","href":"https:\/\/api.w.org\/{rel}","templated":true}]}}