{"id":73779,"date":"2025-07-17T08:31:59","date_gmt":"2025-07-17T08:31:59","guid":{"rendered":"https:\/\/skinstudio.ee\/?post_type=product&#038;p=73779"},"modified":"2026-01-21T13:57:18","modified_gmt":"2026-01-21T13:57:18","slug":"enzyme-foam-powder","status":"publish","type":"product","link":"https:\/\/skinstudio.ee\/lv\/catalog\/reviderm\/enzyme-foam-powder\/","title":{"rendered":"Enzyme Foam Powder"},"content":{"rendered":"<p data-start=\"557\" data-end=\"1024\">Multi-enz\u012bmu komplekss atbr\u012bvo \u0101du no net\u012brumiem un atmiru\u0161aj\u0101m \u0101das \u0161\u016bn\u0101m. Antibakteri\u0101lais komplekss ar sudraba mikroda\u013ci\u0146\u0101m mazina iekaisumu, kav\u0113 bakt\u0113riju aug\u0161anu un nov\u0113r\u0161 \u0101das kairin\u0101jumu. Sajaucot pulveri ar att\u012bro\u0161o toniku (Purifying Tonic) vai maigo pH l\u012bdzsvarojo\u0161o toniku (Gentle pH Balancer), tas p\u0101rv\u0113r\u0161as maig\u0101s p\u012blinga put\u0101s, kas dzi\u013ci att\u012bra poras un pal\u012bdz izvad\u012bt toks\u012bnus. P\u012blinga pulveris dzi\u013ci att\u012bra \u0101du, sa\u0161aurina poras un izl\u012bdzina \u0101das toni.<\/p>\n<p data-start=\"1026\" data-end=\"1043\"><strong data-start=\"1026\" data-end=\"1038\">Tilpums:<\/strong> 20 g<\/p>\n","protected":false},"excerpt":{"rendered":"<p data-start=\"1259\" data-end=\"1280\">Maigs enz\u012bmu pulveris<\/p>\n<h2 data-start=\"1282\" data-end=\"1324\"><strong data-start=\"1282\" data-end=\"1324\">\u012apa\u0161\u012bbas Reviderm &#8211; Enzyme Foam Powder<\/strong><\/h2>\n<p data-start=\"1326\" data-end=\"1523\">\u2714\ufe0f Maigi att\u012bra un eksfoli\u0113 \u0101du<br data-start=\"1357\" data-end=\"1360\" \/>\u2714\ufe0f Aktiviz\u0113 \u0161\u016bnu atjauno\u0161anos<br data-start=\"1389\" data-end=\"1392\" \/>\u2714\ufe0f Izl\u012bdzina \u0101das toni un mikroreljefu<br data-start=\"1430\" data-end=\"1433\" \/>\u2714\ufe0f Neizsausina un nekairina \u0101du<br data-start=\"1464\" data-end=\"1467\" \/>\u2714\ufe0f Piem\u0113rots ikdienas lieto\u0161anai un visiem \u0101das tipiem<\/p>\n","protected":false},"featured_media":64072,"template":"","meta":[],"pwb-brand":[703],"product_brand":[],"product_cat":[715,743],"product_tag":[],"giftcard-category":[],"class_list":{"0":"post-73779","1":"product","2":"type-product","3":"status-publish","4":"has-post-thumbnail","6":"pwb-brand-reviderm","7":"product_cat-attirisana","8":"product_cat-paplasinatas-poras","10":"first","11":"instock","12":"taxable","13":"shipping-taxable","14":"purchasable","15":"product-type-simple"},"acf":[],"brands":[{"id":703,"name":"Reviderm","slug":"reviderm"}],"_links":{"self":[{"href":"https:\/\/skinstudio.ee\/lv\/wp-json\/wp\/v2\/product\/73779","targetHints":{"allow":["GET"]}}],"collection":[{"href":"https:\/\/skinstudio.ee\/lv\/wp-json\/wp\/v2\/product"}],"about":[{"href":"https:\/\/skinstudio.ee\/lv\/wp-json\/wp\/v2\/types\/product"}],"version-history":[{"count":1,"href":"https:\/\/skinstudio.ee\/lv\/wp-json\/wp\/v2\/product\/73779\/revisions"}],"predecessor-version":[{"id":73780,"href":"https:\/\/skinstudio.ee\/lv\/wp-json\/wp\/v2\/product\/73779\/revisions\/73780"}],"wp:featuredmedia":[{"embeddable":true,"href":"https:\/\/skinstudio.ee\/lv\/wp-json\/wp\/v2\/media\/64072"}],"wp:attachment":[{"href":"https:\/\/skinstudio.ee\/lv\/wp-json\/wp\/v2\/media?parent=73779"}],"wp:term":[{"taxonomy":"pwb-brand","embeddable":true,"href":"https:\/\/skinstudio.ee\/lv\/wp-json\/wp\/v2\/pwb-brand?post=73779"},{"taxonomy":"product_brand","embeddable":true,"href":"https:\/\/skinstudio.ee\/lv\/wp-json\/wp\/v2\/product_brand?post=73779"},{"taxonomy":"product_cat","embeddable":true,"href":"https:\/\/skinstudio.ee\/lv\/wp-json\/wp\/v2\/product_cat?post=73779"},{"taxonomy":"product_tag","embeddable":true,"href":"https:\/\/skinstudio.ee\/lv\/wp-json\/wp\/v2\/product_tag?post=73779"},{"taxonomy":"giftcard-category","embeddable":true,"href":"https:\/\/skinstudio.ee\/lv\/wp-json\/wp\/v2\/giftcard-category?post=73779"}],"curies":[{"name":"wp","href":"https:\/\/api.w.org\/{rel}","templated":true}]}}