{"id":73786,"date":"2025-07-17T08:09:27","date_gmt":"2025-07-17T08:09:27","guid":{"rendered":"https:\/\/skinstudio.ee\/?post_type=product&#038;p=73786"},"modified":"2026-01-21T13:57:18","modified_gmt":"2026-01-21T13:57:18","slug":"enzyme-peeling-paste","status":"publish","type":"product","link":"https:\/\/skinstudio.ee\/lv\/catalog\/reviderm\/enzyme-peeling-paste\/","title":{"rendered":"Enzyme Peeling Paste"},"content":{"rendered":"<p data-start=\"640\" data-end=\"900\">Enz\u012bmi pal\u012bdz no\u0146emt atmiru\u0161\u0101s \u0101das \u0161\u016bnas. Maska izl\u012bdzina \u0101das tekst\u016bru un sagatavo \u0101du turpm\u0101kai kop\u0161anai. Kaol\u012bns att\u012bra \u0101du, nomierina kairin\u0101jumus un pie\u0161\u0137ir \u0101dai mat\u0113tu izskatu. Maska ir \u013coti pat\u012bkama lieto\u0161an\u0101 un lieliski panesama pat \u013coti jut\u012bgai \u0101dai.<\/p>\n<p data-start=\"902\" data-end=\"920\"><strong data-start=\"902\" data-end=\"914\">Tilpums:<\/strong> 50 ml<\/p>\n","protected":false},"excerpt":{"rendered":"<p data-start=\"1170\" data-end=\"1188\">Maiga enz\u012bmu pasta<\/p>\n<h2 data-start=\"1190\" data-end=\"1234\"><strong data-start=\"1190\" data-end=\"1234\">\u012apa\u0161\u012bbas Reviderm &#8211; Enzyme Peeling Paste<\/strong><\/h2>\n<p data-start=\"1236\" data-end=\"1451\">\u2714\ufe0f Efekt\u012bvi no\u0146em atmiru\u0161\u0101s \u0101das \u0161\u016bnas un net\u012brumus<br data-start=\"1287\" data-end=\"1290\" \/>\u2714\ufe0f Pul\u0113 \u0101du un izl\u012bdzina mikroreljefu<br data-start=\"1327\" data-end=\"1330\" \/>\u2714\ufe0f Stimul\u0113 asinsriti un pa\u0101trina \u0101das atjauno\u0161anos<br data-start=\"1380\" data-end=\"1383\" \/>\u2714\ufe0f Padara \u0101du gludu un starojo\u0161u<br data-start=\"1415\" data-end=\"1418\" \/>\u2714\ufe0f Piem\u0113rota visiem \u0101das tipiem<\/p>\n","protected":false},"featured_media":39091,"template":"","meta":[],"pwb-brand":[703],"product_brand":[],"product_cat":[725,743,751],"product_tag":[],"giftcard-category":[],"class_list":{"0":"post-73786","1":"product","2":"type-product","3":"status-publish","4":"has-post-thumbnail","6":"pwb-brand-reviderm","7":"product_cat-maskas","8":"product_cat-paplasinatas-poras","9":"product_cat-pigmentacija","11":"first","12":"instock","13":"taxable","14":"shipping-taxable","15":"purchasable","16":"product-type-simple"},"acf":[],"brands":[{"id":703,"name":"Reviderm","slug":"reviderm"}],"_links":{"self":[{"href":"https:\/\/skinstudio.ee\/lv\/wp-json\/wp\/v2\/product\/73786","targetHints":{"allow":["GET"]}}],"collection":[{"href":"https:\/\/skinstudio.ee\/lv\/wp-json\/wp\/v2\/product"}],"about":[{"href":"https:\/\/skinstudio.ee\/lv\/wp-json\/wp\/v2\/types\/product"}],"version-history":[{"count":1,"href":"https:\/\/skinstudio.ee\/lv\/wp-json\/wp\/v2\/product\/73786\/revisions"}],"predecessor-version":[{"id":73787,"href":"https:\/\/skinstudio.ee\/lv\/wp-json\/wp\/v2\/product\/73786\/revisions\/73787"}],"wp:featuredmedia":[{"embeddable":true,"href":"https:\/\/skinstudio.ee\/lv\/wp-json\/wp\/v2\/media\/39091"}],"wp:attachment":[{"href":"https:\/\/skinstudio.ee\/lv\/wp-json\/wp\/v2\/media?parent=73786"}],"wp:term":[{"taxonomy":"pwb-brand","embeddable":true,"href":"https:\/\/skinstudio.ee\/lv\/wp-json\/wp\/v2\/pwb-brand?post=73786"},{"taxonomy":"product_brand","embeddable":true,"href":"https:\/\/skinstudio.ee\/lv\/wp-json\/wp\/v2\/product_brand?post=73786"},{"taxonomy":"product_cat","embeddable":true,"href":"https:\/\/skinstudio.ee\/lv\/wp-json\/wp\/v2\/product_cat?post=73786"},{"taxonomy":"product_tag","embeddable":true,"href":"https:\/\/skinstudio.ee\/lv\/wp-json\/wp\/v2\/product_tag?post=73786"},{"taxonomy":"giftcard-category","embeddable":true,"href":"https:\/\/skinstudio.ee\/lv\/wp-json\/wp\/v2\/giftcard-category?post=73786"}],"curies":[{"name":"wp","href":"https:\/\/api.w.org\/{rel}","templated":true}]}}