{"id":73793,"date":"2025-07-15T13:28:31","date_gmt":"2025-07-15T13:28:31","guid":{"rendered":"https:\/\/skinstudio.ee\/?post_type=product&#038;p=73793"},"modified":"2026-01-21T13:57:18","modified_gmt":"2026-01-21T13:57:18","slug":"gentle-ph-balancer","status":"publish","type":"product","link":"https:\/\/skinstudio.ee\/lv\/catalog\/reviderm\/gentle-ph-balancer\/","title":{"rendered":"Gentle pH Balancer"},"content":{"rendered":"<p data-start=\"373\" data-end=\"711\">Maigs toniks saudz\u012bgi un efekt\u012bvi no\u0146em net\u012brumus no \u0101das virsmas. Nesatur spirtu, izl\u012bdzina \u0101das pH l\u012bdzsvaru un pal\u012bdz nov\u0113rst iekaisumu un kairin\u0101juma ra\u0161anos. Mitrino\u0161ais komplekss pal\u012bdz saglab\u0101t mitrumu un veicina akt\u012bvo sast\u0101vda\u013cu efekt\u012bv\u0101ku iek\u013c\u016b\u0161anu \u0101das \u0161\u016bn\u0101s. P\u0113c tonika lieto\u0161anas \u0101da ir piln\u012bb\u0101 sagatavota turpm\u0101kai kop\u0161anai.<\/p>\n<p data-start=\"713\" data-end=\"732\"><strong data-start=\"713\" data-end=\"725\">Tilpums:<\/strong> 200 ml<\/p>\n","protected":false},"excerpt":{"rendered":"<p data-start=\"835\" data-end=\"872\">Maigs pH l\u012bdzsvaru atjaunojo\u0161s toniks<\/p>\n<h2 data-start=\"874\" data-end=\"916\"><strong data-start=\"874\" data-end=\"916\">\u012apa\u0161\u012bbas Reviderm &#8211; Gentle pH Balancer<\/strong><\/h2>\n<p data-start=\"918\" data-end=\"1142\">\u2714\ufe0f Atjauno dabisko \u0101das pH l\u012bdzsvaru<br data-start=\"954\" data-end=\"957\" \/>\u2714\ufe0f Nomierina un m\u012bkstina \u0101du p\u0113c att\u012br\u012b\u0161anas<br data-start=\"1001\" data-end=\"1004\" \/>\u2714\ufe0f Uzlabo akt\u012bvo sast\u0101vda\u013cu uzs\u016bk\u0161anos<br data-start=\"1042\" data-end=\"1045\" \/>\u2714\ufe0f Mazina sausuma saj\u016btu un kairin\u0101jumu<br data-start=\"1084\" data-end=\"1087\" \/>\u2714\ufe0f Piem\u0113rots visiem \u0101das tipiem, tostarp jut\u012bgai \u0101dai<\/p>\n","protected":false},"featured_media":64078,"template":"","meta":[],"pwb-brand":[703],"product_brand":[],"product_cat":[721],"product_tag":[],"giftcard-category":[],"class_list":{"0":"post-73793","1":"product","2":"type-product","3":"status-publish","4":"has-post-thumbnail","6":"pwb-brand-reviderm","7":"product_cat-toniki","9":"first","10":"instock","11":"taxable","12":"shipping-taxable","13":"purchasable","14":"product-type-simple"},"acf":[],"brands":[{"id":703,"name":"Reviderm","slug":"reviderm"}],"_links":{"self":[{"href":"https:\/\/skinstudio.ee\/lv\/wp-json\/wp\/v2\/product\/73793","targetHints":{"allow":["GET"]}}],"collection":[{"href":"https:\/\/skinstudio.ee\/lv\/wp-json\/wp\/v2\/product"}],"about":[{"href":"https:\/\/skinstudio.ee\/lv\/wp-json\/wp\/v2\/types\/product"}],"version-history":[{"count":1,"href":"https:\/\/skinstudio.ee\/lv\/wp-json\/wp\/v2\/product\/73793\/revisions"}],"predecessor-version":[{"id":73794,"href":"https:\/\/skinstudio.ee\/lv\/wp-json\/wp\/v2\/product\/73793\/revisions\/73794"}],"wp:featuredmedia":[{"embeddable":true,"href":"https:\/\/skinstudio.ee\/lv\/wp-json\/wp\/v2\/media\/64078"}],"wp:attachment":[{"href":"https:\/\/skinstudio.ee\/lv\/wp-json\/wp\/v2\/media?parent=73793"}],"wp:term":[{"taxonomy":"pwb-brand","embeddable":true,"href":"https:\/\/skinstudio.ee\/lv\/wp-json\/wp\/v2\/pwb-brand?post=73793"},{"taxonomy":"product_brand","embeddable":true,"href":"https:\/\/skinstudio.ee\/lv\/wp-json\/wp\/v2\/product_brand?post=73793"},{"taxonomy":"product_cat","embeddable":true,"href":"https:\/\/skinstudio.ee\/lv\/wp-json\/wp\/v2\/product_cat?post=73793"},{"taxonomy":"product_tag","embeddable":true,"href":"https:\/\/skinstudio.ee\/lv\/wp-json\/wp\/v2\/product_tag?post=73793"},{"taxonomy":"giftcard-category","embeddable":true,"href":"https:\/\/skinstudio.ee\/lv\/wp-json\/wp\/v2\/giftcard-category?post=73793"}],"curies":[{"name":"wp","href":"https:\/\/api.w.org\/{rel}","templated":true}]}}