{"id":73800,"date":"2025-07-15T13:21:27","date_gmt":"2025-07-15T13:21:27","guid":{"rendered":"https:\/\/skinstudio.ee\/?post_type=product&#038;p=73800"},"modified":"2026-01-21T13:57:18","modified_gmt":"2026-01-21T13:57:18","slug":"gentle-cleansing-milk","status":"publish","type":"product","link":"https:\/\/skinstudio.ee\/lv\/catalog\/reviderm\/gentle-cleansing-milk\/","title":{"rendered":"Gentle Cleansing Milk"},"content":{"rendered":"<p data-start=\"463\" data-end=\"942\">Att\u012bro\u0161ais pieni\u0146\u0161 r\u016bp\u012bgi no\u0146em no \u0101das virsmas apk\u0101rt\u0113j\u0101s vides net\u012brumus, atmiru\u0161\u0101s \u0101das \u0161\u016bnas, kosm\u0113tiku un citus net\u012brumus. Pateicoties zemajam lip\u012bdu saturam, tas neatst\u0101j taukainu pl\u0113v\u012bti. Moringas s\u0113klu ekstrakts aizsarg\u0101 \u0101du no agres\u012bvas apk\u0101rt\u0113j\u0101s vides ietekmes, piem\u012bt detoksik\u0113jo\u0161a iedarb\u012bba un pal\u012bdz izvad\u012bt toks\u012bnus. Samazin\u0101s sebuma izdal\u012b\u0161an\u0101s, tiek kav\u0113ta akni izraiso\u0161o bakt\u0113riju darb\u012bba, vienlaikus pieni\u0146\u0161 neizraisa kairin\u0101jumu un neboj\u0101 \u0101das aizsargbarjeru.<\/p>\n<p data-start=\"944\" data-end=\"963\"><strong data-start=\"944\" data-end=\"956\">Tilpums:<\/strong> 200 ml<\/p>\n","protected":false},"excerpt":{"rendered":"<p data-start=\"1118\" data-end=\"1140\">Maigs att\u012bro\u0161s pieni\u0146\u0161<\/p>\n<h2 data-start=\"1142\" data-end=\"1187\"><strong data-start=\"1142\" data-end=\"1187\">\u012apa\u0161\u012bbas Reviderm &#8211; Gentle Cleansing Milk<\/strong><\/h2>\n<p data-start=\"1189\" data-end=\"1364\">\u2714\ufe0f Maigi no\u0146em net\u012brumus un kosm\u0113tiku<br data-start=\"1226\" data-end=\"1229\" \/>\u2714\ufe0f Nomierina un mitrina \u0101du<br data-start=\"1256\" data-end=\"1259\" \/>\u2714\ufe0f Uztur dabisko \u0101das pH l\u012bdzsvaru<br data-start=\"1293\" data-end=\"1296\" \/>\u2714\ufe0f Piem\u0113rots jut\u012bgai un sausai \u0101dai<br data-start=\"1331\" data-end=\"1334\" \/>\u2714\ufe0f Neatst\u0101j savelko\u0161u saj\u016btu<\/p>\n","protected":false},"featured_media":38989,"template":"","meta":[],"pwb-brand":[703],"product_brand":[],"product_cat":[715],"product_tag":[],"giftcard-category":[],"class_list":{"0":"post-73800","1":"product","2":"type-product","3":"status-publish","4":"has-post-thumbnail","6":"pwb-brand-reviderm","7":"product_cat-attirisana","9":"first","10":"instock","11":"taxable","12":"shipping-taxable","13":"purchasable","14":"product-type-simple"},"acf":[],"brands":[{"id":703,"name":"Reviderm","slug":"reviderm"}],"_links":{"self":[{"href":"https:\/\/skinstudio.ee\/lv\/wp-json\/wp\/v2\/product\/73800","targetHints":{"allow":["GET"]}}],"collection":[{"href":"https:\/\/skinstudio.ee\/lv\/wp-json\/wp\/v2\/product"}],"about":[{"href":"https:\/\/skinstudio.ee\/lv\/wp-json\/wp\/v2\/types\/product"}],"version-history":[{"count":1,"href":"https:\/\/skinstudio.ee\/lv\/wp-json\/wp\/v2\/product\/73800\/revisions"}],"predecessor-version":[{"id":73801,"href":"https:\/\/skinstudio.ee\/lv\/wp-json\/wp\/v2\/product\/73800\/revisions\/73801"}],"wp:featuredmedia":[{"embeddable":true,"href":"https:\/\/skinstudio.ee\/lv\/wp-json\/wp\/v2\/media\/38989"}],"wp:attachment":[{"href":"https:\/\/skinstudio.ee\/lv\/wp-json\/wp\/v2\/media?parent=73800"}],"wp:term":[{"taxonomy":"pwb-brand","embeddable":true,"href":"https:\/\/skinstudio.ee\/lv\/wp-json\/wp\/v2\/pwb-brand?post=73800"},{"taxonomy":"product_brand","embeddable":true,"href":"https:\/\/skinstudio.ee\/lv\/wp-json\/wp\/v2\/product_brand?post=73800"},{"taxonomy":"product_cat","embeddable":true,"href":"https:\/\/skinstudio.ee\/lv\/wp-json\/wp\/v2\/product_cat?post=73800"},{"taxonomy":"product_tag","embeddable":true,"href":"https:\/\/skinstudio.ee\/lv\/wp-json\/wp\/v2\/product_tag?post=73800"},{"taxonomy":"giftcard-category","embeddable":true,"href":"https:\/\/skinstudio.ee\/lv\/wp-json\/wp\/v2\/giftcard-category?post=73800"}],"curies":[{"name":"wp","href":"https:\/\/api.w.org\/{rel}","templated":true}]}}