{"id":73808,"date":"2025-07-15T13:10:56","date_gmt":"2025-07-15T13:10:56","guid":{"rendered":"https:\/\/skinstudio.ee\/?post_type=product&#038;p=73808"},"modified":"2026-01-21T13:57:16","modified_gmt":"2026-01-21T13:57:16","slug":"aha-toner","status":"publish","type":"product","link":"https:\/\/skinstudio.ee\/lv\/catalog\/reviderm\/aha-toner\/","title":{"rendered":"AHA Toner"},"content":{"rendered":"<p data-start=\"380\" data-end=\"688\">Sk\u0101bju toniks maigi c\u012bn\u0101s ar net\u012brumiem un atmiru\u0161aj\u0101m \u0101das \u0161\u016bn\u0101m, pie\u0161\u0137irot \u0101dai dabisku mirdzumu. Tas stimul\u0113 ener\u0123ijas apmai\u0146u, k\u0101 rezult\u0101t\u0101 \u0101da ieg\u016bst svaigu un vesel\u012bgu izskatu. Pal\u012bdz nov\u0113rst pigment\u0101cijas plankumu veido\u0161anos, samazina grumbu redzam\u012bbu, piem\u012bt sebuma regul\u0113jo\u0161a un mitrino\u0161a iedarb\u012bba.<\/p>\n<p data-start=\"690\" data-end=\"709\"><strong data-start=\"690\" data-end=\"702\">Tilpums:<\/strong> 200 ml<\/p>\n","protected":false},"excerpt":{"rendered":"<p data-start=\"816\" data-end=\"844\">P\u012blinga toniks ar AHA sk\u0101b\u0113m<\/p>\n<h2 data-start=\"846\" data-end=\"879\"><strong data-start=\"846\" data-end=\"879\">\u012apa\u0161\u012bbas Reviderm &#8211; AHA Toner<\/strong><\/h2>\n<p data-start=\"881\" data-end=\"1129\">\u2714\ufe0f Atjauno \u0101du ar maigu AHA sk\u0101bju p\u012blinga iedarb\u012bbu<br data-start=\"933\" data-end=\"936\" \/>\u2714\ufe0f Uzlabo \u0101das tekst\u016bru un izl\u012bdzina toni<br data-start=\"977\" data-end=\"980\" \/>\u2714\ufe0f Samazina poras un mazina bl\u0101vumu<br data-start=\"1015\" data-end=\"1018\" \/>\u2714\ufe0f Veicina \u0101das atjauno\u0161anos un mirdzumu<br data-start=\"1058\" data-end=\"1061\" \/>\u2714\ufe0f Atsvaidzina \u0101du un uzlabo turpm\u0101ko kop\u0161anas l\u012bdzek\u013cu uzs\u016bk\u0161anos<\/p>\n","protected":false},"featured_media":64083,"template":"","meta":[],"pwb-brand":[703],"product_brand":[],"product_cat":[741,751,721],"product_tag":[],"giftcard-category":[],"class_list":{"0":"post-73808","1":"product","2":"type-product","3":"status-publish","4":"has-post-thumbnail","6":"pwb-brand-reviderm","7":"product_cat-izsitumi","8":"product_cat-pigmentacija-lv","9":"product_cat-toniki-lv","11":"first","12":"instock","13":"taxable","14":"shipping-taxable","15":"purchasable","16":"product-type-simple"},"acf":[],"brands":[{"id":703,"name":"Reviderm","slug":"reviderm"}],"_links":{"self":[{"href":"https:\/\/skinstudio.ee\/lv\/wp-json\/wp\/v2\/product\/73808","targetHints":{"allow":["GET"]}}],"collection":[{"href":"https:\/\/skinstudio.ee\/lv\/wp-json\/wp\/v2\/product"}],"about":[{"href":"https:\/\/skinstudio.ee\/lv\/wp-json\/wp\/v2\/types\/product"}],"version-history":[{"count":1,"href":"https:\/\/skinstudio.ee\/lv\/wp-json\/wp\/v2\/product\/73808\/revisions"}],"predecessor-version":[{"id":73809,"href":"https:\/\/skinstudio.ee\/lv\/wp-json\/wp\/v2\/product\/73808\/revisions\/73809"}],"wp:featuredmedia":[{"embeddable":true,"href":"https:\/\/skinstudio.ee\/lv\/wp-json\/wp\/v2\/media\/64083"}],"wp:attachment":[{"href":"https:\/\/skinstudio.ee\/lv\/wp-json\/wp\/v2\/media?parent=73808"}],"wp:term":[{"taxonomy":"pwb-brand","embeddable":true,"href":"https:\/\/skinstudio.ee\/lv\/wp-json\/wp\/v2\/pwb-brand?post=73808"},{"taxonomy":"product_brand","embeddable":true,"href":"https:\/\/skinstudio.ee\/lv\/wp-json\/wp\/v2\/product_brand?post=73808"},{"taxonomy":"product_cat","embeddable":true,"href":"https:\/\/skinstudio.ee\/lv\/wp-json\/wp\/v2\/product_cat?post=73808"},{"taxonomy":"product_tag","embeddable":true,"href":"https:\/\/skinstudio.ee\/lv\/wp-json\/wp\/v2\/product_tag?post=73808"},{"taxonomy":"giftcard-category","embeddable":true,"href":"https:\/\/skinstudio.ee\/lv\/wp-json\/wp\/v2\/giftcard-category?post=73808"}],"curies":[{"name":"wp","href":"https:\/\/api.w.org\/{rel}","templated":true}]}}