{"id":73815,"date":"2025-07-15T13:00:26","date_gmt":"2025-07-15T13:00:26","guid":{"rendered":"https:\/\/skinstudio.ee\/?post_type=product&#038;p=73815"},"modified":"2026-04-10T07:54:36","modified_gmt":"2026-04-10T07:54:36","slug":"aha-cleansing-foam","status":"publish","type":"product","link":"https:\/\/skinstudio.ee\/lv\/catalog\/reviderm\/aha-cleansing-foam\/","title":{"rendered":"AHA Cleansing Foam"},"content":{"rendered":"<p data-start=\"0\" data-end=\"273\">AHA att\u012bro\u0161\u0101s putas r\u016bp\u012bgi no\u0146em net\u012brumus un kosm\u0113tiku, vienlaikus nodro\u0161inot maigu keratol\u012btisku iedarb\u012bbu, atst\u0101jot \u0101du dabiski starojo\u0161u. AHA komplekss, kas sast\u0101v no glikolsk\u0101bes, piensk\u0101bes un \u0101bolsk\u0101bes, veicina re\u0123ener\u0101ciju un pal\u012bdz stabiliz\u0113t \u0101das aizsargbarjeru.<\/p>\n<p data-start=\"275\" data-end=\"294\"><strong data-start=\"275\" data-end=\"287\">Tilpums:<\/strong> 200 ml<\/p>\n","protected":false},"excerpt":{"rendered":"<p data-start=\"438\" data-end=\"484\">Maigas putojo\u0161as att\u012bro\u0161\u0101s putas ar AHA sk\u0101b\u0113m<\/p>\n<h2 data-start=\"486\" data-end=\"528\"><strong data-start=\"486\" data-end=\"528\">\u012apa\u0161\u012bbas Reviderm &#8211; AHA Cleansing Foam<\/strong><\/h2>\n<p data-start=\"530\" data-end=\"748\" data-is-last-node=\"\" data-is-only-node=\"\">\u2714\ufe0f Efekt\u012bvi no\u0146em net\u012brumus, lieko sebumu un kosm\u0113tiku<br data-start=\"584\" data-end=\"587\" \/>\u2714\ufe0f Maigi eksfoli\u0113 \u0101du ar AHA sk\u0101b\u0113m<br data-start=\"622\" data-end=\"625\" \/>\u2714\ufe0f Uzlabo \u0101das tekst\u016bru un izl\u012bdzina toni<br data-start=\"666\" data-end=\"669\" \/>\u2714\ufe0f Veicina \u0161\u016bnu atjauno\u0161anos un mirdzumu<br data-start=\"709\" data-end=\"712\" data-is-only-node=\"\" \/>\u2714\ufe0f Sagatavo \u0101du turpm\u0101kajai kop\u0161anai<\/p>\n","protected":false},"featured_media":64088,"template":"","meta":[],"pwb-brand":[703],"product_brand":[],"product_cat":[715],"product_tag":[],"giftcard-category":[],"class_list":{"0":"post-73815","1":"product","2":"type-product","3":"status-publish","4":"has-post-thumbnail","6":"pwb-brand-reviderm","7":"product_cat-attirisana","9":"first","10":"instock","11":"taxable","12":"shipping-taxable","13":"purchasable","14":"product-type-simple"},"acf":[],"brands":[{"id":703,"name":"Reviderm","slug":"reviderm"}],"_links":{"self":[{"href":"https:\/\/skinstudio.ee\/lv\/wp-json\/wp\/v2\/product\/73815","targetHints":{"allow":["GET"]}}],"collection":[{"href":"https:\/\/skinstudio.ee\/lv\/wp-json\/wp\/v2\/product"}],"about":[{"href":"https:\/\/skinstudio.ee\/lv\/wp-json\/wp\/v2\/types\/product"}],"version-history":[{"count":4,"href":"https:\/\/skinstudio.ee\/lv\/wp-json\/wp\/v2\/product\/73815\/revisions"}],"predecessor-version":[{"id":90624,"href":"https:\/\/skinstudio.ee\/lv\/wp-json\/wp\/v2\/product\/73815\/revisions\/90624"}],"wp:featuredmedia":[{"embeddable":true,"href":"https:\/\/skinstudio.ee\/lv\/wp-json\/wp\/v2\/media\/64088"}],"wp:attachment":[{"href":"https:\/\/skinstudio.ee\/lv\/wp-json\/wp\/v2\/media?parent=73815"}],"wp:term":[{"taxonomy":"pwb-brand","embeddable":true,"href":"https:\/\/skinstudio.ee\/lv\/wp-json\/wp\/v2\/pwb-brand?post=73815"},{"taxonomy":"product_brand","embeddable":true,"href":"https:\/\/skinstudio.ee\/lv\/wp-json\/wp\/v2\/product_brand?post=73815"},{"taxonomy":"product_cat","embeddable":true,"href":"https:\/\/skinstudio.ee\/lv\/wp-json\/wp\/v2\/product_cat?post=73815"},{"taxonomy":"product_tag","embeddable":true,"href":"https:\/\/skinstudio.ee\/lv\/wp-json\/wp\/v2\/product_tag?post=73815"},{"taxonomy":"giftcard-category","embeddable":true,"href":"https:\/\/skinstudio.ee\/lv\/wp-json\/wp\/v2\/giftcard-category?post=73815"}],"curies":[{"name":"wp","href":"https:\/\/api.w.org\/{rel}","templated":true}]}}