{"id":73863,"date":"2026-01-14T11:34:53","date_gmt":"2026-01-14T11:34:53","guid":{"rendered":"https:\/\/skinstudio.ee\/?post_type=product&#038;p=73863"},"modified":"2026-01-21T13:57:19","modified_gmt":"2026-01-21T13:57:19","slug":"opc-glow-mask","status":"publish","type":"product","link":"https:\/\/skinstudio.ee\/lv\/catalog\/reviderm\/opc-glow-mask\/","title":{"rendered":"OPC Glow Mask"},"content":{"rendered":"<p data-start=\"170\" data-end=\"449\">OPC Glow Mask no Reviderm ir grezna sejas maska, kas izstr\u0101d\u0101ta, lai atjaunotu \u0101du, dzi\u013ci mitrin\u0101tu un pie\u0161\u0137irtu tai t\u016bl\u012bt\u0113ju mirdzumu un svaigu izskatu. Maska pal\u012bdz mazin\u0101t sausumu, atbalsta \u0101du apk\u0101rt\u0113j\u0101s vides stresa apst\u0101k\u013cos un veicina vienm\u0113r\u012bg\u0101ku, starojo\u0161\u0101ku sejas toni.<\/p>\n<p data-start=\"451\" data-end=\"774\">Formula apvieno intens\u012bvu mitrin\u0101\u0161anu, antioksidantu aizsardz\u012bbu un \u0101du ener\u0123iz\u0113jo\u0161u kop\u0161anu. Maska pal\u012bdz atjaunot \u0101du, padarot to glud\u0101ku, pabarot\u0101ku un vizu\u0101li tvirt\u0101ku. T\u0101 ir ide\u0101li piem\u0113rota k\u0101 ekspress kop\u0161ana pirms \u012bpa\u0161iem notikumiem un var tikt izmantota ar\u012b k\u0101 grima b\u0101ze, lai pan\u0101ktu vesel\u012bgu un mirdzo\u0161u izskatu.<\/p>\n<p data-start=\"776\" data-end=\"801\"><strong data-start=\"776\" data-end=\"799\">Akt\u012bv\u0101s sast\u0101vda\u013cas<\/strong><\/p>\n<ul data-start=\"802\" data-end=\"1277\">\n<li data-start=\"802\" data-end=\"1000\">\n<p data-start=\"804\" data-end=\"1000\"><strong data-start=\"804\" data-end=\"854\">Vitamin D Booster (Nectaria Lithops ekstrakts)<\/strong> \u2013 pal\u012bdz stimul\u0113t D vitam\u012bna sint\u0113zi \u0101d\u0101, atbalsta mikrocirkul\u0101ciju un uzlabo \u0101das mitruma l\u012bmeni, pie\u0161\u0137irot \u0101dai tvirt\u0101ku un svaig\u0101ku izskatu.<\/p>\n<\/li>\n<li data-start=\"1001\" data-end=\"1155\">\n<p data-start=\"1003\" data-end=\"1155\"><strong data-start=\"1003\" data-end=\"1032\">Augu izcelsmes aminosk\u0101be<\/strong> \u2013 pal\u012bdz nodro\u0161in\u0101t t\u016bl\u012bt\u0113ju svaiguma un ener\u0123ijas saj\u016btu, atbalsta \u0161\u016bnu ener\u0123ijas vielmai\u0146u un mazina noguruma paz\u012bmes.<\/p>\n<\/li>\n<li data-start=\"1156\" data-end=\"1277\">\n<p data-start=\"1158\" data-end=\"1277\"><strong data-start=\"1158\" data-end=\"1165\">OPC<\/strong> \u2013 sp\u0113c\u012bgs antioksidantu komplekss, kas pal\u012bdz aizsarg\u0101t \u0101du no oksidat\u012bv\u0101 stresa un priek\u0161laic\u012bgas noveco\u0161an\u0101s.<\/p>\n<\/li>\n<\/ul>\n<p data-start=\"1279\" data-end=\"1409\">Produkts ir piem\u0113rots norm\u0101lai, mitruma tr\u016bkuma un sausai \u0101dai, k\u0101 ar\u012b \u0101dai ar pirmaj\u0101m noveco\u0161an\u0101s paz\u012bm\u0113m un noguruma izpausm\u0113m.<\/p>\n<p data-start=\"1411\" data-end=\"1433\"><strong data-start=\"1411\" data-end=\"1423\">Tilpums:<\/strong> <strong data-start=\"1424\" data-end=\"1433\">50 ml<\/strong><\/p>\n","protected":false},"excerpt":{"rendered":"<p data-start=\"1625\" data-end=\"1649\">\u0100du mirdzo\u0161a sejas maska<\/p>\n<h2 data-start=\"1651\" data-end=\"1692\"><strong data-start=\"1655\" data-end=\"1692\">\u012apa\u0161\u012bbas Reviderm &#8211; OPC Glow Mask<\/strong><\/h2>\n<p data-start=\"1694\" data-end=\"1934\">\u2714\ufe0f Pie\u0161\u0137ir \u0101dai t\u016bl\u012bt\u0113ju mirdzumu un svaigumu<br data-start=\"1739\" data-end=\"1742\" \/>\u2714\ufe0f Dzi\u013ci mitrina un pal\u012bdz mazin\u0101t sausumu<br data-start=\"1784\" data-end=\"1787\" \/>\u2714\ufe0f Pal\u012bdz samazin\u0101t noguruma un stresa paz\u012bmes \u0101d\u0101<br data-start=\"1837\" data-end=\"1840\" \/>\u2714\ufe0f Atbalsta \u0101das atjauno\u0161anos un komfortu<br data-start=\"1881\" data-end=\"1884\" \/>\u2714\ufe0f Padara \u0101du glud\u0101ku, pabarot\u0101ku un starojo\u0161\u0101ku<\/p>\n","protected":false},"featured_media":73870,"template":"","meta":[],"pwb-brand":[703],"product_brand":[],"product_cat":[725,749,739],"product_tag":[],"giftcard-category":[],"class_list":{"0":"post-73863","1":"product","2":"type-product","3":"status-publish","4":"has-post-thumbnail","6":"pwb-brand-reviderm","7":"product_cat-maskas","8":"product_cat-novecojosa-ada","9":"product_cat-sausai-adai","11":"first","12":"instock","13":"taxable","14":"shipping-taxable","15":"purchasable","16":"product-type-simple"},"acf":[],"brands":[{"id":703,"name":"Reviderm","slug":"reviderm"}],"_links":{"self":[{"href":"https:\/\/skinstudio.ee\/lv\/wp-json\/wp\/v2\/product\/73863","targetHints":{"allow":["GET"]}}],"collection":[{"href":"https:\/\/skinstudio.ee\/lv\/wp-json\/wp\/v2\/product"}],"about":[{"href":"https:\/\/skinstudio.ee\/lv\/wp-json\/wp\/v2\/types\/product"}],"version-history":[{"count":1,"href":"https:\/\/skinstudio.ee\/lv\/wp-json\/wp\/v2\/product\/73863\/revisions"}],"predecessor-version":[{"id":73864,"href":"https:\/\/skinstudio.ee\/lv\/wp-json\/wp\/v2\/product\/73863\/revisions\/73864"}],"wp:featuredmedia":[{"embeddable":true,"href":"https:\/\/skinstudio.ee\/lv\/wp-json\/wp\/v2\/media\/73870"}],"wp:attachment":[{"href":"https:\/\/skinstudio.ee\/lv\/wp-json\/wp\/v2\/media?parent=73863"}],"wp:term":[{"taxonomy":"pwb-brand","embeddable":true,"href":"https:\/\/skinstudio.ee\/lv\/wp-json\/wp\/v2\/pwb-brand?post=73863"},{"taxonomy":"product_brand","embeddable":true,"href":"https:\/\/skinstudio.ee\/lv\/wp-json\/wp\/v2\/product_brand?post=73863"},{"taxonomy":"product_cat","embeddable":true,"href":"https:\/\/skinstudio.ee\/lv\/wp-json\/wp\/v2\/product_cat?post=73863"},{"taxonomy":"product_tag","embeddable":true,"href":"https:\/\/skinstudio.ee\/lv\/wp-json\/wp\/v2\/product_tag?post=73863"},{"taxonomy":"giftcard-category","embeddable":true,"href":"https:\/\/skinstudio.ee\/lv\/wp-json\/wp\/v2\/giftcard-category?post=73863"}],"curies":[{"name":"wp","href":"https:\/\/api.w.org\/{rel}","templated":true}]}}