{"id":73894,"date":"2026-01-14T11:51:13","date_gmt":"2026-01-14T11:51:13","guid":{"rendered":"https:\/\/skinstudio.ee\/?post_type=product&#038;p=73894"},"modified":"2026-01-14T11:58:16","modified_gmt":"2026-01-14T11:58:16","slug":"biretix-soothing-gel","status":"publish","type":"product","link":"https:\/\/skinstudio.ee\/lv\/catalog\/cantabria-labs-lv\/biretix-soothing-gel\/","title":{"rendered":"Biretix Soothing Gel"},"content":{"rendered":"<p data-start=\"248\" data-end=\"538\">Biretix Soothing Gel no Cantabria Labs ir nomierino\u0161s g\u0113ls, kas izstr\u0101d\u0101ts \u0101das st\u0101vok\u013ca uzlabo\u0161anai un rezult\u0101tu uztur\u0113\u0161anai p\u0113c peror\u0101las un\/vai lok\u0101las aknes \u0101rst\u0113\u0161anas. Tas pal\u012bdz saglab\u0101t \u0101du t\u012bru, samazin\u0101t jaunu nepiln\u012bbu par\u0101d\u012b\u0161anos un uztur\u0113t \u0101du komfortabl\u0101, l\u012bdzsvarot\u0101 st\u0101vokl\u012b.<\/p>\n<p data-start=\"540\" data-end=\"853\">Formula ir balst\u012bta uz ekskluz\u012bvo RetinSphere\u00ae tehnolo\u0123iju, ko papildina mitrino\u0161as, m\u012bkstino\u0161as un antioksidantas sast\u0101vda\u013cas. G\u0113ls pal\u012bdz uzlabot \u0101das tekst\u016bru, mazina diskomforta saj\u016btu un atbalsta optim\u0101lu mitruma l\u012bmeni \u0101dai, kas ir pak\u013cauta izsitumiem. Viegl\u0101 g\u0113la tekst\u016bra ir piem\u0113rota ikdienas lieto\u0161anai.<\/p>\n<p data-start=\"855\" data-end=\"880\"><strong data-start=\"855\" data-end=\"878\">Akt\u012bv\u0101s sast\u0101vda\u013cas<\/strong><\/p>\n<ul data-start=\"881\" data-end=\"1308\">\n<li data-start=\"881\" data-end=\"1029\">\n<p data-start=\"883\" data-end=\"1029\"><strong data-start=\"883\" data-end=\"965\">RetinSphere\u00ae tehnolo\u0123ija (hydroxypinacolone retinoate un retinol glycospheres)<\/strong> \u2013 pal\u012bdz atbalst\u012bt \u0101das atjauno\u0161anos un uzlabot t\u0101s tekst\u016bru.<\/p>\n<\/li>\n<li data-start=\"1030\" data-end=\"1081\">\n<p data-start=\"1032\" data-end=\"1081\"><strong data-start=\"1032\" data-end=\"1042\">Papain<\/strong> \u2013 pal\u012bdz maigi atjaunot \u0101das virsmu.<\/p>\n<\/li>\n<li data-start=\"1082\" data-end=\"1139\">\n<p data-start=\"1084\" data-end=\"1139\"><strong data-start=\"1084\" data-end=\"1098\">Vitam\u012bns E<\/strong> \u2013 nodro\u0161ina antioksidantu aizsardz\u012bbu.<\/p>\n<\/li>\n<li data-start=\"1140\" data-end=\"1231\">\n<p data-start=\"1142\" data-end=\"1231\"><strong data-start=\"1142\" data-end=\"1182\">Natural Moisturising Factors (R-MFN)<\/strong> \u2013 pal\u012bdz uztur\u0113t optim\u0101lu \u0101das mitruma l\u012bmeni.<\/p>\n<\/li>\n<li data-start=\"1232\" data-end=\"1308\">\n<p data-start=\"1234\" data-end=\"1308\"><strong data-start=\"1234\" data-end=\"1261\">Aloe vera un bisabolols<\/strong> \u2013 nomierina \u0101du un pal\u012bdz mazin\u0101t diskomfortu.<\/p>\n<\/li>\n<\/ul>\n<p data-start=\"1310\" data-end=\"1417\">Produkts ir piem\u0113rots taukainai un uz akni tend\u0113tai \u0101dai, tostarp \u0101dai ar papla\u0161in\u0101t\u0101m por\u0101m un nepiln\u012bb\u0101m.<\/p>\n<p data-start=\"1419\" data-end=\"1441\"><strong data-start=\"1419\" data-end=\"1431\">Tilpums:<\/strong> <strong data-start=\"1432\" data-end=\"1441\">50 ml<\/strong><\/p>\n","protected":false},"excerpt":{"rendered":"<p data-start=\"1532\" data-end=\"1561\">G\u0113ls \u0101dai ar noslieci uz akni<\/p>\n<h2 data-start=\"1563\" data-end=\"1617\"><strong data-start=\"1567\" data-end=\"1617\">\u012apa\u0161\u012bbas Cantabria Labs &#8211; Biretix Soothing Gel<\/strong><\/h2>\n<p data-start=\"1619\" data-end=\"1832\">\u2714\ufe0f Pal\u012bdz uztur\u0113t rezult\u0101tus p\u0113c aknes \u0101rst\u0113\u0161anas<br data-start=\"1668\" data-end=\"1671\" \/>\u2714\ufe0f Uzlabo \u0101das tekst\u016bru un gludumu<br data-start=\"1705\" data-end=\"1708\" \/>\u2714\ufe0f Nodro\u0161ina mitrin\u0101\u0161anu un komfortu \u0101dai<br data-start=\"1749\" data-end=\"1752\" \/>\u2714\ufe0f Atbalsta uz akni tend\u0113tas \u0101das l\u012bdzsvaru<br data-start=\"1795\" data-end=\"1798\" \/>\u2714\ufe0f Piem\u0113rots ikdienas lieto\u0161anai<\/p>\n","protected":false},"featured_media":91896,"template":"","meta":[],"pwb-brand":[1201],"product_brand":[],"product_cat":[741,737,743,747],"product_tag":[],"giftcard-category":[],"class_list":{"0":"post-73894","1":"product","2":"type-product","3":"status-publish","4":"has-post-thumbnail","6":"pwb-brand-cantabria-labs-lv","7":"product_cat-izsitumi","8":"product_cat-mitrinasana","9":"product_cat-paplasinatas-poras","10":"product_cat-taukainai-adai","12":"first","13":"instock","14":"taxable","15":"shipping-taxable","16":"purchasable","17":"product-type-simple"},"acf":[],"brands":[{"id":1201,"name":"Cantabria Labs","slug":"cantabria-labs-lv"}],"_links":{"self":[{"href":"https:\/\/skinstudio.ee\/lv\/wp-json\/wp\/v2\/product\/73894","targetHints":{"allow":["GET"]}}],"collection":[{"href":"https:\/\/skinstudio.ee\/lv\/wp-json\/wp\/v2\/product"}],"about":[{"href":"https:\/\/skinstudio.ee\/lv\/wp-json\/wp\/v2\/types\/product"}],"version-history":[{"count":1,"href":"https:\/\/skinstudio.ee\/lv\/wp-json\/wp\/v2\/product\/73894\/revisions"}],"predecessor-version":[{"id":73895,"href":"https:\/\/skinstudio.ee\/lv\/wp-json\/wp\/v2\/product\/73894\/revisions\/73895"}],"wp:featuredmedia":[{"embeddable":true,"href":"https:\/\/skinstudio.ee\/lv\/wp-json\/wp\/v2\/media\/91896"}],"wp:attachment":[{"href":"https:\/\/skinstudio.ee\/lv\/wp-json\/wp\/v2\/media?parent=73894"}],"wp:term":[{"taxonomy":"pwb-brand","embeddable":true,"href":"https:\/\/skinstudio.ee\/lv\/wp-json\/wp\/v2\/pwb-brand?post=73894"},{"taxonomy":"product_brand","embeddable":true,"href":"https:\/\/skinstudio.ee\/lv\/wp-json\/wp\/v2\/product_brand?post=73894"},{"taxonomy":"product_cat","embeddable":true,"href":"https:\/\/skinstudio.ee\/lv\/wp-json\/wp\/v2\/product_cat?post=73894"},{"taxonomy":"product_tag","embeddable":true,"href":"https:\/\/skinstudio.ee\/lv\/wp-json\/wp\/v2\/product_tag?post=73894"},{"taxonomy":"giftcard-category","embeddable":true,"href":"https:\/\/skinstudio.ee\/lv\/wp-json\/wp\/v2\/giftcard-category?post=73894"}],"curies":[{"name":"wp","href":"https:\/\/api.w.org\/{rel}","templated":true}]}}