{"id":73927,"date":"2026-01-14T13:29:39","date_gmt":"2026-01-14T13:29:39","guid":{"rendered":"https:\/\/skinstudio.ee\/?post_type=product&#038;p=73927"},"modified":"2026-01-21T13:57:22","modified_gmt":"2026-01-21T13:57:22","slug":"azelac-lotion","status":"publish","type":"product","link":"https:\/\/skinstudio.ee\/lv\/catalog\/sesderma-lv\/azelac-lotion\/","title":{"rendered":"AZELAC Lotion"},"content":{"rendered":"<p data-start=\"153\" data-end=\"453\">AZELAC Lotion no Sesderma ir intens\u012bvs losjons regul\u0101rai \u0101das kop\u0161anai, ja \u0101dai ir tendence uz nevienm\u0113r\u012bgu tekst\u016bru, aizsprostot\u0101m por\u0101m un iekaisuma elementiem. Tas pal\u012bdz uztur\u0113t \u0101du l\u012bdzsvarot\u0101k\u0101 un kopt\u0101k\u0101 st\u0101vokl\u012b, uzlabojot t\u0101s kop\u0113jo izskatu un t\u012br\u012bbas saj\u016btu bez lip\u012bguma un smaguma saj\u016btas.<\/p>\n<p data-start=\"455\" data-end=\"693\">L\u012bdzekli ir \u0113rti lietot ne tikai sejai, bet ar\u012b \u0137ermenim, mugurai, dekolt\u0113 zonai un p\u0113c sk\u016b\u0161an\u0101s. Losjons viegli kl\u0101jas uz \u0101das, \u0101tri ies\u016bcas un nerada diskomfortu. Regul\u0101ri lietojot, \u0101da k\u013c\u016bst glud\u0101ka, t\u012br\u0101ka un vienm\u0113r\u012bg\u0101ka p\u0113c saj\u016bt\u0101m.<\/p>\n<p data-start=\"695\" data-end=\"728\"><strong data-start=\"695\" data-end=\"728\">Galveno sast\u0101vda\u013cu iedarb\u012bba:<\/strong><\/p>\n<p data-start=\"730\" data-end=\"1064\"><strong data-start=\"730\" data-end=\"746\">Azelaic Acid<\/strong> &#8211; pal\u012bdz izl\u012bdzin\u0101t \u0101das toni, mazin\u0101t aps\u0101rtuma izpausmes un uztur\u0113t mier\u012bg\u0101ku \u0101das st\u0101vokli.<br data-start=\"841\" data-end=\"844\" \/><strong data-start=\"844\" data-end=\"862\">Salicylic Acid<\/strong> &#8211; veicina poru att\u012br\u012b\u0161anu un \u0101das virsmas atjauno\u0161anos, samazinot noslieci uz izsitumiem.<br data-start=\"952\" data-end=\"955\" \/><strong data-start=\"955\" data-end=\"975\">Propylene Glycol<\/strong> &#8211; uzlabo formulas sadal\u012b\u0161anos uz \u0101das un pal\u012bdz saglab\u0101t komforta saj\u016btu p\u0113c uzkl\u0101\u0161anas.<\/p>\n<p data-start=\"1066\" data-end=\"1281\">L\u012bdzeklis ir piem\u0113rots taukainai, kombin\u0113tai un problem\u0101tiskai \u0101dai, k\u0101 ar\u012b \u0101dai ar noslieci uz izsitumiem, aizsprostot\u0101m por\u0101m un ieaugu\u0161iem mati\u0146iem. Var lietot gan sejai, gan \u0137ermenim, tostarp p\u0113c sk\u016b\u0161an\u0101s zon\u0101s.<\/p>\n<p data-start=\"1283\" data-end=\"1306\"><strong data-start=\"1283\" data-end=\"1295\">Tilpums:<\/strong> <strong data-start=\"1296\" data-end=\"1306\">100 ml<\/strong><\/p>\n","protected":false},"excerpt":{"rendered":"<p data-start=\"1456\" data-end=\"1483\">Losjons problem\u0101tiskai \u0101dai<\/p>\n<h2 data-start=\"1485\" data-end=\"1522\"><strong data-start=\"1485\" data-end=\"1522\">\u012apa\u0161\u012bbas Sesderma &#8211; AZELAC Lotion<\/strong><\/h2>\n<p data-start=\"1524\" data-end=\"1714\">\u2714\ufe0f Izl\u012bdzina \u0101das tekst\u016bru un toni<br data-start=\"1558\" data-end=\"1561\" \/>\u2714\ufe0f Samazina lieko sebumu un sp\u012bdumu<br data-start=\"1596\" data-end=\"1599\" \/>\u2714\ufe0f Att\u012bra poras un mazina aizsprostojumus<br data-start=\"1640\" data-end=\"1643\" \/>\u2714\ufe0f Pal\u012bdz mazin\u0101t iekaisuma elementus<br data-start=\"1680\" data-end=\"1683\" \/>\u2714\ufe0f Padara \u0101das virsmu glud\u0101ku<\/p>\n","protected":false},"featured_media":73920,"template":"","meta":[],"pwb-brand":[1262],"product_brand":[],"product_cat":[741,743,723,747],"product_tag":[],"giftcard-category":[],"class_list":{"0":"post-73927","1":"product","2":"type-product","3":"status-publish","4":"has-post-thumbnail","6":"pwb-brand-sesderma-lv","7":"product_cat-izsitumi","8":"product_cat-paplasinatas-poras","9":"product_cat-serumi","10":"product_cat-taukainai-adai","12":"first","13":"instock","14":"sale","15":"taxable","16":"shipping-taxable","17":"purchasable","18":"product-type-simple"},"acf":[],"brands":[{"id":1262,"name":"Sesderma","slug":"sesderma-lv"}],"_links":{"self":[{"href":"https:\/\/skinstudio.ee\/lv\/wp-json\/wp\/v2\/product\/73927","targetHints":{"allow":["GET"]}}],"collection":[{"href":"https:\/\/skinstudio.ee\/lv\/wp-json\/wp\/v2\/product"}],"about":[{"href":"https:\/\/skinstudio.ee\/lv\/wp-json\/wp\/v2\/types\/product"}],"version-history":[{"count":1,"href":"https:\/\/skinstudio.ee\/lv\/wp-json\/wp\/v2\/product\/73927\/revisions"}],"predecessor-version":[{"id":73928,"href":"https:\/\/skinstudio.ee\/lv\/wp-json\/wp\/v2\/product\/73927\/revisions\/73928"}],"wp:featuredmedia":[{"embeddable":true,"href":"https:\/\/skinstudio.ee\/lv\/wp-json\/wp\/v2\/media\/73920"}],"wp:attachment":[{"href":"https:\/\/skinstudio.ee\/lv\/wp-json\/wp\/v2\/media?parent=73927"}],"wp:term":[{"taxonomy":"pwb-brand","embeddable":true,"href":"https:\/\/skinstudio.ee\/lv\/wp-json\/wp\/v2\/pwb-brand?post=73927"},{"taxonomy":"product_brand","embeddable":true,"href":"https:\/\/skinstudio.ee\/lv\/wp-json\/wp\/v2\/product_brand?post=73927"},{"taxonomy":"product_cat","embeddable":true,"href":"https:\/\/skinstudio.ee\/lv\/wp-json\/wp\/v2\/product_cat?post=73927"},{"taxonomy":"product_tag","embeddable":true,"href":"https:\/\/skinstudio.ee\/lv\/wp-json\/wp\/v2\/product_tag?post=73927"},{"taxonomy":"giftcard-category","embeddable":true,"href":"https:\/\/skinstudio.ee\/lv\/wp-json\/wp\/v2\/giftcard-category?post=73927"}],"curies":[{"name":"wp","href":"https:\/\/api.w.org\/{rel}","templated":true}]}}