{"id":73942,"date":"2026-01-14T15:15:51","date_gmt":"2026-01-14T15:15:51","guid":{"rendered":"https:\/\/skinstudio.ee\/?post_type=product&#038;p=73942"},"modified":"2026-01-21T13:57:22","modified_gmt":"2026-01-21T13:57:22","slug":"azelac-moisturizing-cream","status":"publish","type":"product","link":"https:\/\/skinstudio.ee\/lv\/catalog\/sesderma-lv\/azelac-moisturizing-cream\/","title":{"rendered":"AZELAC Moisturizing Cream"},"content":{"rendered":"<p data-start=\"267\" data-end=\"566\">AZELAC Moisturizing Cream no Sesderma ir mitrino\u0161s kr\u0113ms regul\u0101rai \u0101das kop\u0161anai, ja \u0101dai ir nosliece uz aps\u0101rtumu, nevienm\u0113r\u012bgu toni un paaugstin\u0101tu jut\u012bbu. Tas pal\u012bdz uztur\u0113t \u0101du mier\u012bg\u0101k\u0101 un l\u012bdzsvarot\u0101k\u0101 st\u0101vokl\u012b, uzlabojot visp\u0101r\u0113jo komforta saj\u016btu un izskatu bez smaguma vai taukainas saj\u016btas.<\/p>\n<p data-start=\"568\" data-end=\"817\">Kr\u0113ms pat\u012bkami kl\u0101jas uz \u0101das, \u0101tri ies\u016bcas un ir piem\u0113rots ikdienas lieto\u0161anai. Regul\u0101ri lietojot, \u0101da k\u013c\u016bst maig\u0101ka, glud\u0101ka un elast\u012bg\u0101ka, bet sejas kr\u0101sa izskat\u0101s svaig\u0101ka un vienm\u0113r\u012bg\u0101ka. \u0100das tekst\u016bra pak\u0101peniski k\u013c\u016bst kopt\u0101ka un vienm\u0113r\u012bg\u0101ka.<\/p>\n<p data-start=\"819\" data-end=\"852\"><strong data-start=\"819\" data-end=\"852\">Galveno komponentu iedarb\u012bba:<\/strong><\/p>\n<p data-start=\"854\" data-end=\"1188\"><strong data-start=\"854\" data-end=\"870\">Azelaic Acid<\/strong> &#8211; pal\u012bdz samazin\u0101t aps\u0101rtuma redzam\u012bbu un uztur\u0113t mier\u012bg\u0101ku, vienm\u0113r\u012bg\u0101ku \u0101das toni.<br data-start=\"955\" data-end=\"958\" \/><strong data-start=\"958\" data-end=\"977\">Hyaluronic Acid<\/strong> &#8211; nodro\u0161ina intens\u012bvu mitrin\u0101\u0161anu un pal\u012bdz saglab\u0101t \u0101das elast\u012bbu un komforta saj\u016btu.<br data-start=\"1064\" data-end=\"1067\" \/><strong data-start=\"1067\" data-end=\"1091\">Milk Thistle Extract<\/strong> &#8211; nodro\u0161ina antioksidantu aizsardz\u012bbu un pal\u012bdz atbalst\u012bt \u0101du ikdienas vides ietekmes apst\u0101k\u013cos.<\/p>\n<p data-start=\"1190\" data-end=\"1373\">Kr\u0113ms ir piem\u0113rots jut\u012bgai, kombin\u0113tai un problem\u0101tiskai \u0101dai, k\u0101 ar\u012b \u0101dai ar noslieci uz aps\u0101rtumu un nevienm\u0113r\u012bgu toni. Var lietot k\u0101 ikdienas kop\u0161anas da\u013cu gan no r\u012bta, gan vakar\u0101.<\/p>\n<p data-start=\"1375\" data-end=\"1397\"><strong data-start=\"1375\" data-end=\"1387\">Tilpums:<\/strong> <strong data-start=\"1388\" data-end=\"1397\">50 ml<\/strong><\/p>\n","protected":false},"excerpt":{"rendered":"<p data-start=\"1534\" data-end=\"1565\">Mitrino\u0161s kr\u0113ms ar azela\u012bnsk\u0101bi<\/p>\n<h2 data-start=\"1567\" data-end=\"1616\"><strong data-start=\"1567\" data-end=\"1616\">\u012apa\u0161\u012bbas Sesderma &#8211; AZELAC Moisturizing Cream<\/strong><\/h2>\n<p data-start=\"1618\" data-end=\"1827\">\u2714\ufe0f \u0100tri nomierina \u0101du un mazina diskomfortu<br data-start=\"1661\" data-end=\"1664\" \/>\u2714\ufe0f Man\u0101mi samazina aps\u0101rtumu un jut\u012bgumu<br data-start=\"1704\" data-end=\"1707\" \/>\u2714\ufe0f Padara \u0101du maigu un gludu<br data-start=\"1735\" data-end=\"1738\" \/>\u2714\ufe0f Pal\u012bdz saglab\u0101t vienm\u0113r\u012bgu un svaigu toni<br data-start=\"1782\" data-end=\"1785\" \/>\u2714\ufe0f Uzlabo \u0101das visp\u0101r\u0113jo komforta saj\u016btu<\/p>\n","protected":false},"featured_media":73935,"template":"","meta":[],"pwb-brand":[1262],"product_brand":[],"product_cat":[741,745,737],"product_tag":[],"giftcard-category":[],"class_list":{"0":"post-73942","1":"product","2":"type-product","3":"status-publish","4":"has-post-thumbnail","6":"pwb-brand-sesderma-lv","7":"product_cat-izsitumi","8":"product_cat-jutigai-adai","9":"product_cat-mitrinasana","11":"first","12":"instock","13":"sale","14":"taxable","15":"shipping-taxable","16":"purchasable","17":"product-type-simple"},"acf":[],"brands":[{"id":1262,"name":"Sesderma","slug":"sesderma-lv"}],"_links":{"self":[{"href":"https:\/\/skinstudio.ee\/lv\/wp-json\/wp\/v2\/product\/73942","targetHints":{"allow":["GET"]}}],"collection":[{"href":"https:\/\/skinstudio.ee\/lv\/wp-json\/wp\/v2\/product"}],"about":[{"href":"https:\/\/skinstudio.ee\/lv\/wp-json\/wp\/v2\/types\/product"}],"version-history":[{"count":1,"href":"https:\/\/skinstudio.ee\/lv\/wp-json\/wp\/v2\/product\/73942\/revisions"}],"predecessor-version":[{"id":73943,"href":"https:\/\/skinstudio.ee\/lv\/wp-json\/wp\/v2\/product\/73942\/revisions\/73943"}],"wp:featuredmedia":[{"embeddable":true,"href":"https:\/\/skinstudio.ee\/lv\/wp-json\/wp\/v2\/media\/73935"}],"wp:attachment":[{"href":"https:\/\/skinstudio.ee\/lv\/wp-json\/wp\/v2\/media?parent=73942"}],"wp:term":[{"taxonomy":"pwb-brand","embeddable":true,"href":"https:\/\/skinstudio.ee\/lv\/wp-json\/wp\/v2\/pwb-brand?post=73942"},{"taxonomy":"product_brand","embeddable":true,"href":"https:\/\/skinstudio.ee\/lv\/wp-json\/wp\/v2\/product_brand?post=73942"},{"taxonomy":"product_cat","embeddable":true,"href":"https:\/\/skinstudio.ee\/lv\/wp-json\/wp\/v2\/product_cat?post=73942"},{"taxonomy":"product_tag","embeddable":true,"href":"https:\/\/skinstudio.ee\/lv\/wp-json\/wp\/v2\/product_tag?post=73942"},{"taxonomy":"giftcard-category","embeddable":true,"href":"https:\/\/skinstudio.ee\/lv\/wp-json\/wp\/v2\/giftcard-category?post=73942"}],"curies":[{"name":"wp","href":"https:\/\/api.w.org\/{rel}","templated":true}]}}