{"id":73957,"date":"2026-01-14T15:28:27","date_gmt":"2026-01-14T15:28:27","guid":{"rendered":"https:\/\/skinstudio.ee\/?post_type=product&#038;p=73957"},"modified":"2026-01-21T13:57:22","modified_gmt":"2026-01-21T13:57:22","slug":"azelac-moisturizing-gel","status":"publish","type":"product","link":"https:\/\/skinstudio.ee\/lv\/catalog\/sesderma\/azelac-moisturizing-gel\/","title":{"rendered":"AZELAC Moisturizing Gel"},"content":{"rendered":"<p data-start=\"186\" data-end=\"472\">AZELAC Moisturizing Gel no Sesderma ir viegls mitrino\u0161s gels regul\u0101rai \u0101das kop\u0161anai, ja \u0101dai ir nosliece uz aps\u0101rtumu, izsitumiem un nevienm\u0113r\u012bgu toni. Tas pal\u012bdz uztur\u0113t \u0101du mier\u012bg\u0101k\u0101 un l\u012bdzsvarot\u0101k\u0101 st\u0101vokl\u012b, mazinot diskomforta saj\u016btu, kas bie\u017ei pavada jut\u012bgu un problem\u0101tisku \u0101du.<\/p>\n<p data-start=\"474\" data-end=\"699\">G\u0113la tekst\u016bra \u0101tri ies\u016bcas, neatst\u0101j lip\u012bgu saj\u016btu un ir piem\u0113rota ikdienas lieto\u0161anai, tostarp zem grima. Regul\u0101ri lietojot, \u0101da k\u013c\u016bst svaig\u0101ka, glud\u0101ka un komfortabl\u0101ka, bet t\u0101s visp\u0101r\u0113jais st\u0101voklis &#8211; stabil\u0101ks un kopt\u0101ks.<\/p>\n<p data-start=\"701\" data-end=\"734\"><strong data-start=\"701\" data-end=\"734\">Galveno komponentu iedarb\u012bba:<\/strong><\/p>\n<p data-start=\"736\" data-end=\"1010\"><strong data-start=\"736\" data-end=\"752\">Azelaic Acid<\/strong> &#8211; pal\u012bdz mazin\u0101t aps\u0101rtumu un uztur\u0113t vienm\u0113r\u012bg\u0101ku, mier\u012bg\u0101ku \u0101das toni.<br data-start=\"825\" data-end=\"828\" \/><strong data-start=\"828\" data-end=\"843\">Niacinamide<\/strong> &#8211; pal\u012bdz stiprin\u0101t \u0101das aizsargbarjeru un uzlabot \u0101das kop\u0113jo st\u0101vokli.<br data-start=\"915\" data-end=\"918\" \/><strong data-start=\"918\" data-end=\"940\">Sodium Hyaluronate<\/strong> &#8211; mitrina \u0101du un pal\u012bdz saglab\u0101t komforta saj\u016btu visas dienas garum\u0101.<\/p>\n<p data-start=\"1012\" data-end=\"1197\">Gels ir piem\u0113rots taukainai, kombin\u0113tai un problem\u0101tiskai \u0101dai, k\u0101 ar\u012b \u0101dai ar noslieci uz aps\u0101rtumu, izsitumiem un paaugstin\u0101tu jut\u012bbu. Var lietot gan r\u012bta, gan vakara kop\u0161anas rut\u012bn\u0101.<\/p>\n<p data-start=\"1199\" data-end=\"1221\"><strong data-start=\"1199\" data-end=\"1211\">Tilpums:<\/strong> <strong data-start=\"1212\" data-end=\"1221\">50 ml<\/strong><\/p>\n","protected":false},"excerpt":{"rendered":"<p data-start=\"1349\" data-end=\"1379\">Mitrino\u0161s gels ar azela\u012bnsk\u0101bi<\/p>\n<h2 data-start=\"1381\" data-end=\"1428\"><strong data-start=\"1381\" data-end=\"1428\">\u012apa\u0161\u012bbas Sesderma &#8211; AZELAC Moisturizing Gel<\/strong><\/h2>\n<p data-start=\"1430\" data-end=\"1659\">\u2714\ufe0f Nomierina aps\u0101rtumu un mazina \u0101das kairin\u0101jumu<br data-start=\"1479\" data-end=\"1482\" \/>\u2714\ufe0f Regul\u0113 sebumu un nov\u0113r\u0161 poru aizsprosto\u0161anos<br data-start=\"1529\" data-end=\"1532\" \/>\u2714\ufe0f Atbalsta \u0101das elast\u012bbu un mazina noveco\u0161an\u0101s paz\u012bmes<br data-start=\"1587\" data-end=\"1590\" \/>\u2714\ufe0f Mitrina un izl\u012bdzina \u0101das toni<br data-start=\"1623\" data-end=\"1626\" \/>\u2714\ufe0f Stiprina \u0101das aizsargbarjeru<\/p>\n","protected":false},"featured_media":73950,"template":"","meta":[],"pwb-brand":[1262],"product_brand":[],"product_cat":[741,737,749,747],"product_tag":[],"giftcard-category":[],"class_list":{"0":"post-73957","1":"product","2":"type-product","3":"status-publish","4":"has-post-thumbnail","6":"pwb-brand-sesderma","7":"product_cat-izsitumi","8":"product_cat-mitrinasana","9":"product_cat-novecojosa-ada","10":"product_cat-taukainai-adai","12":"first","13":"instock","14":"sale","15":"taxable","16":"shipping-taxable","17":"purchasable","18":"product-type-simple"},"acf":[],"brands":[{"id":1262,"name":"Sesderma","slug":"sesderma"}],"_links":{"self":[{"href":"https:\/\/skinstudio.ee\/lv\/wp-json\/wp\/v2\/product\/73957","targetHints":{"allow":["GET"]}}],"collection":[{"href":"https:\/\/skinstudio.ee\/lv\/wp-json\/wp\/v2\/product"}],"about":[{"href":"https:\/\/skinstudio.ee\/lv\/wp-json\/wp\/v2\/types\/product"}],"version-history":[{"count":2,"href":"https:\/\/skinstudio.ee\/lv\/wp-json\/wp\/v2\/product\/73957\/revisions"}],"predecessor-version":[{"id":73959,"href":"https:\/\/skinstudio.ee\/lv\/wp-json\/wp\/v2\/product\/73957\/revisions\/73959"}],"wp:featuredmedia":[{"embeddable":true,"href":"https:\/\/skinstudio.ee\/lv\/wp-json\/wp\/v2\/media\/73950"}],"wp:attachment":[{"href":"https:\/\/skinstudio.ee\/lv\/wp-json\/wp\/v2\/media?parent=73957"}],"wp:term":[{"taxonomy":"pwb-brand","embeddable":true,"href":"https:\/\/skinstudio.ee\/lv\/wp-json\/wp\/v2\/pwb-brand?post=73957"},{"taxonomy":"product_brand","embeddable":true,"href":"https:\/\/skinstudio.ee\/lv\/wp-json\/wp\/v2\/product_brand?post=73957"},{"taxonomy":"product_cat","embeddable":true,"href":"https:\/\/skinstudio.ee\/lv\/wp-json\/wp\/v2\/product_cat?post=73957"},{"taxonomy":"product_tag","embeddable":true,"href":"https:\/\/skinstudio.ee\/lv\/wp-json\/wp\/v2\/product_tag?post=73957"},{"taxonomy":"giftcard-category","embeddable":true,"href":"https:\/\/skinstudio.ee\/lv\/wp-json\/wp\/v2\/giftcard-category?post=73957"}],"curies":[{"name":"wp","href":"https:\/\/api.w.org\/{rel}","templated":true}]}}