{"id":73974,"date":"2026-01-14T15:46:34","date_gmt":"2026-01-14T15:46:34","guid":{"rendered":"https:\/\/skinstudio.ee\/?post_type=product&#038;p=73974"},"modified":"2026-01-21T13:57:22","modified_gmt":"2026-01-21T13:57:22","slug":"azelac-ru-ampoules-depigmenting-booster","status":"publish","type":"product","link":"https:\/\/skinstudio.ee\/lv\/catalog\/sesderma-lv\/azelac-ru-ampoules-depigmenting-booster\/","title":{"rendered":"AZELAC RU Ampoules Depigmenting Booster"},"content":{"rendered":"<p data-start=\"181\" data-end=\"492\">AZELAC RU Ampoules Depigmenting Booster no Sesderma ir koncentr\u0113ta depigment\u0113jo\u0161a kop\u0161ana ampulu form\u0101t\u0101, kas paredz\u0113ta darbam ar nevienm\u0113r\u012bgu \u0101das toni un redzamu pigment\u0101ciju. Formula ir v\u0113rsta uz pak\u0101penisku \u0101das to\u0146a uzlabo\u0161anu un kop\u0113j\u0101 \u0101das skaidruma atjauno\u0161anu, nep\u0101rslogojot \u0101du un neradot diskomfortu.<\/p>\n<p data-start=\"494\" data-end=\"727\">Ampulas viegli kl\u0101jas uz \u0101das, \u0101tri ies\u016bcas un ir piem\u0113rotas gan intens\u012bviem kursiem, gan regul\u0101rai kop\u0161anas rut\u012bnai. Regul\u0101ri lietojot, \u0101da izskat\u0101s svaig\u0101ka, vienm\u0113r\u012bg\u0101ka un kopt\u0101ka, bet sejas kr\u0101sa k\u013c\u016bst skaidr\u0101ka un viendab\u012bg\u0101ka.<\/p>\n<p data-start=\"729\" data-end=\"762\"><strong data-start=\"729\" data-end=\"762\">Galveno komponentu iedarb\u012bba:<\/strong><\/p>\n<p data-start=\"764\" data-end=\"1058\"><strong data-start=\"764\" data-end=\"783\">Tranexamic Acid<\/strong> &#8211; pal\u012bdz mazin\u0101t pigment\u0101cijas redzam\u012bbu un uztur\u0113t vienm\u0113r\u012bg\u0101ku \u0101das toni.<br data-start=\"859\" data-end=\"862\" \/><strong data-start=\"862\" data-end=\"878\">Azelaic Acid<\/strong> &#8211; pal\u012bdz kori\u0123\u0113t \u0101das toni un uzlabot \u0101das visp\u0101r\u0113jo st\u0101vokli.<br data-start=\"941\" data-end=\"944\" \/><strong data-start=\"944\" data-end=\"965\">4-Butylresorcinol<\/strong> &#8211; iedarbojas uz nevienm\u0113r\u012bgas pigment\u0101cijas zon\u0101m un pal\u012bdz pan\u0101kt vienm\u0113r\u012bg\u0101ku sejas kr\u0101su.<\/p>\n<p data-start=\"1060\" data-end=\"1239\">Piem\u0113rots visiem \u0101das tipiem, tostarp \u0101dai ar noslieci uz pigment\u0101ciju, nevienm\u0113r\u012bgu toni un saules rad\u012bt\u0101m izmai\u0146\u0101m. Var lietot gan kursa veid\u0101, gan k\u0101 da\u013cu no ikdienas kop\u0161anas.<\/p>\n<p data-start=\"1241\" data-end=\"1269\"><strong data-start=\"1241\" data-end=\"1253\">Tilpums:<\/strong> <strong data-start=\"1254\" data-end=\"1269\">10 x 1.5 ml<\/strong><\/p>\n","protected":false},"excerpt":{"rendered":"<p data-start=\"1371\" data-end=\"1400\">Depigment\u0113jo\u0161as ampulas sejai<\/p>\n<h2 data-start=\"1402\" data-end=\"1465\"><strong data-start=\"1402\" data-end=\"1465\">\u012apa\u0161\u012bbas Sesderma &#8211; AZELAC RU Ampoules Depigmenting Booster<\/strong><\/h2>\n<p data-start=\"1467\" data-end=\"1678\">\u2714\ufe0f Pal\u012bdz izl\u012bdzin\u0101t \u0101das kop\u0113jo toni<br data-start=\"1504\" data-end=\"1507\" \/>\u2714\ufe0f Iedarbojas uz redzamiem pigmenta plankumiem<br data-start=\"1553\" data-end=\"1556\" \/>\u2714\ufe0f Pal\u012bdz nov\u0113rst jaunu plankumu veido\u0161anos<br data-start=\"1599\" data-end=\"1602\" \/>\u2714\ufe0f Padara \u0101du svaig\u0101ku un skaidr\u0101ku<br data-start=\"1637\" data-end=\"1640\" \/>\u2714\ufe0f Atbalsta vienm\u0113r\u012bg\u0101ku sejas kr\u0101su<\/p>\n","protected":false},"featured_media":73966,"template":"","meta":[],"pwb-brand":[1262],"product_brand":[],"product_cat":[749,751,723],"product_tag":[],"giftcard-category":[],"class_list":{"0":"post-73974","1":"product","2":"type-product","3":"status-publish","4":"has-post-thumbnail","6":"pwb-brand-sesderma-lv","7":"product_cat-novecojosa-ada","8":"product_cat-pigmentacija-lv","9":"product_cat-serumi","11":"first","12":"instock","13":"sale","14":"taxable","15":"shipping-taxable","16":"purchasable","17":"product-type-simple"},"acf":[],"brands":[{"id":1262,"name":"Sesderma","slug":"sesderma-lv"}],"_links":{"self":[{"href":"https:\/\/skinstudio.ee\/lv\/wp-json\/wp\/v2\/product\/73974","targetHints":{"allow":["GET"]}}],"collection":[{"href":"https:\/\/skinstudio.ee\/lv\/wp-json\/wp\/v2\/product"}],"about":[{"href":"https:\/\/skinstudio.ee\/lv\/wp-json\/wp\/v2\/types\/product"}],"version-history":[{"count":1,"href":"https:\/\/skinstudio.ee\/lv\/wp-json\/wp\/v2\/product\/73974\/revisions"}],"predecessor-version":[{"id":73975,"href":"https:\/\/skinstudio.ee\/lv\/wp-json\/wp\/v2\/product\/73974\/revisions\/73975"}],"wp:featuredmedia":[{"embeddable":true,"href":"https:\/\/skinstudio.ee\/lv\/wp-json\/wp\/v2\/media\/73966"}],"wp:attachment":[{"href":"https:\/\/skinstudio.ee\/lv\/wp-json\/wp\/v2\/media?parent=73974"}],"wp:term":[{"taxonomy":"pwb-brand","embeddable":true,"href":"https:\/\/skinstudio.ee\/lv\/wp-json\/wp\/v2\/pwb-brand?post=73974"},{"taxonomy":"product_brand","embeddable":true,"href":"https:\/\/skinstudio.ee\/lv\/wp-json\/wp\/v2\/product_brand?post=73974"},{"taxonomy":"product_cat","embeddable":true,"href":"https:\/\/skinstudio.ee\/lv\/wp-json\/wp\/v2\/product_cat?post=73974"},{"taxonomy":"product_tag","embeddable":true,"href":"https:\/\/skinstudio.ee\/lv\/wp-json\/wp\/v2\/product_tag?post=73974"},{"taxonomy":"giftcard-category","embeddable":true,"href":"https:\/\/skinstudio.ee\/lv\/wp-json\/wp\/v2\/giftcard-category?post=73974"}],"curies":[{"name":"wp","href":"https:\/\/api.w.org\/{rel}","templated":true}]}}