{"id":73990,"date":"2026-01-14T15:59:44","date_gmt":"2026-01-14T15:59:44","guid":{"rendered":"https:\/\/skinstudio.ee\/?post_type=product&#038;p=73990"},"modified":"2026-01-21T13:57:22","modified_gmt":"2026-01-21T13:57:22","slug":"azelac-ru-gel-cream","status":"publish","type":"product","link":"https:\/\/skinstudio.ee\/lv\/catalog\/sesderma-lv\/azelac-ru-gel-cream\/","title":{"rendered":"AZELAC RU Gel Cream"},"content":{"rendered":"<p data-start=\"149\" data-end=\"451\">AZELAC RU Gel Cream no Sesderma ir \u017eelejkr\u0113ms regul\u0101rai \u0101das kop\u0161anai, ja \u0101dai ir nevienm\u0113r\u012bgs tonis, pigment\u0101cija un fotonoveco\u0161an\u0101s paz\u012bmes. Formula ir v\u0113rsta uz pak\u0101penisku \u0101das to\u0146a uzlabo\u0161anu un visp\u0101r\u0113j\u0101 \u0101das st\u0101vok\u013ca pilnveido\u0161anu, pal\u012bdzot \u0101dai izskat\u012bties kopt\u0101kai, svaig\u0101kai un vienm\u0113r\u012bg\u0101kai.<\/p>\n<p data-start=\"453\" data-end=\"696\">Viegl\u0101 \u017eelejkr\u0113ma tekst\u016bra pat\u012bkami kl\u0101jas uz \u0101das, \u0101tri ies\u016bcas un nep\u0101rslogo \u0101du, t\u0101p\u0113c ir piem\u0113rota ikdienas lieto\u0161anai, tostarp kombin\u0113tai un taukainai \u0101dai. Regul\u0101ri lietojot, \u0101da k\u013c\u016bst glud\u0101ka, tvirt\u0101ka un izskat\u0101s vienm\u0113r\u012bg\u0101ka p\u0113c to\u0146a.<\/p>\n<p data-start=\"698\" data-end=\"731\"><strong data-start=\"698\" data-end=\"731\">Galveno komponentu iedarb\u012bba:<\/strong><\/p>\n<p data-start=\"733\" data-end=\"1024\"><strong data-start=\"733\" data-end=\"752\">Tranexamic Acid<\/strong> &#8211; pal\u012bdz mazin\u0101t pigment\u0101cijas redzam\u012bbu un uztur\u0113t vienm\u0113r\u012bg\u0101ku \u0101das toni.<br data-start=\"828\" data-end=\"831\" \/><strong data-start=\"831\" data-end=\"847\">Azelaic Acid<\/strong> &#8211; pal\u012bdz kori\u0123\u0113t \u0101das toni un uzlabot \u0101das kop\u0113jo st\u0101vokli.<br data-start=\"907\" data-end=\"910\" \/><strong data-start=\"910\" data-end=\"931\">4-Butylresorcinol<\/strong> &#8211; iedarbojas uz nevienm\u0113r\u012bgas pigment\u0101cijas zon\u0101m un pal\u012bdz pan\u0101kt vienm\u0113r\u012bg\u0101ku sejas kr\u0101su.<\/p>\n<p data-start=\"1026\" data-end=\"1187\">Piem\u0113rots visiem \u0101das tipiem, tostarp \u0101dai ar pigment\u0101ciju, nevienm\u0113r\u012bgu toni un saules boj\u0101jumu paz\u012bm\u0113m. Var lietot visu gadu k\u0101 da\u013cu no ikdienas \u0101das kop\u0161anas.<\/p>\n<p data-start=\"1189\" data-end=\"1211\"><strong data-start=\"1189\" data-end=\"1201\">Tilpums:<\/strong> <strong data-start=\"1202\" data-end=\"1211\">50 ml<\/strong><\/p>\n","protected":false},"excerpt":{"rendered":"<p data-start=\"1404\" data-end=\"1430\">\u017delejkr\u0113ms ar azela\u012bnsk\u0101bi<\/p>\n<h2 data-start=\"1432\" data-end=\"1475\"><strong data-start=\"1432\" data-end=\"1475\">\u012apa\u0161\u012bbas Sesderma &#8211; AZELAC RU Gel Cream<\/strong><\/h2>\n<p data-start=\"1477\" data-end=\"1671\">\u2714\ufe0f Izl\u012bdzina \u0101das toni un pigment\u0101ciju<br data-start=\"1515\" data-end=\"1518\" \/>\u2714\ufe0f Pal\u012bdz nov\u0113rst jaunu plankumu veido\u0161anos<br data-start=\"1561\" data-end=\"1564\" \/>\u2714\ufe0f Atbalsta \u0101das tvirtumu un bl\u012bvumu<br data-start=\"1600\" data-end=\"1603\" \/>\u2714\ufe0f Mazina redzam\u0101s fotonoveco\u0161an\u0101s paz\u012bmes<br data-start=\"1645\" data-end=\"1648\" \/>\u2714\ufe0f Padara \u0101du glud\u0101ku<\/p>\n","protected":false},"featured_media":73982,"template":"","meta":[],"pwb-brand":[1262],"product_brand":[],"product_cat":[741,737,749,751],"product_tag":[],"giftcard-category":[],"class_list":{"0":"post-73990","1":"product","2":"type-product","3":"status-publish","4":"has-post-thumbnail","6":"pwb-brand-sesderma-lv","7":"product_cat-izsitumi","8":"product_cat-mitrinasana","9":"product_cat-novecojosa-ada","10":"product_cat-pigmentacija-lv","12":"first","13":"instock","14":"sale","15":"taxable","16":"shipping-taxable","17":"purchasable","18":"product-type-simple"},"acf":[],"brands":[{"id":1262,"name":"Sesderma","slug":"sesderma-lv"}],"_links":{"self":[{"href":"https:\/\/skinstudio.ee\/lv\/wp-json\/wp\/v2\/product\/73990","targetHints":{"allow":["GET"]}}],"collection":[{"href":"https:\/\/skinstudio.ee\/lv\/wp-json\/wp\/v2\/product"}],"about":[{"href":"https:\/\/skinstudio.ee\/lv\/wp-json\/wp\/v2\/types\/product"}],"version-history":[{"count":1,"href":"https:\/\/skinstudio.ee\/lv\/wp-json\/wp\/v2\/product\/73990\/revisions"}],"predecessor-version":[{"id":73991,"href":"https:\/\/skinstudio.ee\/lv\/wp-json\/wp\/v2\/product\/73990\/revisions\/73991"}],"wp:featuredmedia":[{"embeddable":true,"href":"https:\/\/skinstudio.ee\/lv\/wp-json\/wp\/v2\/media\/73982"}],"wp:attachment":[{"href":"https:\/\/skinstudio.ee\/lv\/wp-json\/wp\/v2\/media?parent=73990"}],"wp:term":[{"taxonomy":"pwb-brand","embeddable":true,"href":"https:\/\/skinstudio.ee\/lv\/wp-json\/wp\/v2\/pwb-brand?post=73990"},{"taxonomy":"product_brand","embeddable":true,"href":"https:\/\/skinstudio.ee\/lv\/wp-json\/wp\/v2\/product_brand?post=73990"},{"taxonomy":"product_cat","embeddable":true,"href":"https:\/\/skinstudio.ee\/lv\/wp-json\/wp\/v2\/product_cat?post=73990"},{"taxonomy":"product_tag","embeddable":true,"href":"https:\/\/skinstudio.ee\/lv\/wp-json\/wp\/v2\/product_tag?post=73990"},{"taxonomy":"giftcard-category","embeddable":true,"href":"https:\/\/skinstudio.ee\/lv\/wp-json\/wp\/v2\/giftcard-category?post=73990"}],"curies":[{"name":"wp","href":"https:\/\/api.w.org\/{rel}","templated":true}]}}