{"id":74005,"date":"2026-01-14T16:27:52","date_gmt":"2026-01-14T16:27:52","guid":{"rendered":"https:\/\/skinstudio.ee\/?post_type=product&#038;p=74005"},"modified":"2026-01-21T13:57:22","modified_gmt":"2026-01-21T13:57:22","slug":"azelac-ru-liposomal-serum","status":"publish","type":"product","link":"https:\/\/skinstudio.ee\/lv\/catalog\/sesderma-lv\/azelac-ru-liposomal-serum\/","title":{"rendered":"AZELAC RU Liposomal Serum"},"content":{"rendered":"<p data-start=\"178\" data-end=\"493\">AZELAC RU Liposomal Serum no Sesderma ir koncentr\u0113ts serums regul\u0101rai \u0101das kop\u0161anai, ja \u0101dai ir nevienm\u0113r\u012bgs tonis, pigment\u0101cija un saules rad\u012btu boj\u0101jumu paz\u012bmes. Formula ir v\u0113rsta uz pak\u0101penisku \u0101das kvalit\u0101tes uzlabo\u0161anu, pal\u012bdzot sejas kr\u0101sai izskat\u012bties vienm\u0113r\u012bg\u0101kai, svaig\u0101kai un kopt\u0101kai, nep\u0101rslogojot \u0101du.<\/p>\n<p data-start=\"495\" data-end=\"744\">Viegl\u0101 tekst\u016bra \u0101tri ies\u016bcas un labi iek\u013caujas gan intens\u012bvos kop\u0161anas kursos, gan ikdienas uzturo\u0161aj\u0101 rut\u012bn\u0101. Regul\u0101ri lietojot, \u0101da k\u013c\u016bst glud\u0101ka, tvirt\u0101ka un izskat\u0101s iev\u0113rojami vienm\u0113r\u012bg\u0101ka p\u0113c to\u0146a, bet kop\u0113jais izskats k\u013c\u016bst t\u012br\u0101ks un kopt\u0101ks.<\/p>\n<p data-start=\"746\" data-end=\"779\"><strong data-start=\"746\" data-end=\"779\">Galveno komponentu iedarb\u012bba:<\/strong><\/p>\n<p data-start=\"781\" data-end=\"1072\"><strong data-start=\"781\" data-end=\"800\">Tranexamic Acid<\/strong> &#8211; pal\u012bdz mazin\u0101t pigment\u0101cijas redzam\u012bbu un uztur\u0113t vienm\u0113r\u012bg\u0101ku \u0101das toni.<br data-start=\"876\" data-end=\"879\" \/><strong data-start=\"879\" data-end=\"895\">Azelaic Acid<\/strong> &#8211; pal\u012bdz kori\u0123\u0113t \u0101das toni un uzlabot \u0101das kop\u0113jo st\u0101vokli.<br data-start=\"955\" data-end=\"958\" \/><strong data-start=\"958\" data-end=\"979\">4-Butylresorcinol<\/strong> &#8211; iedarbojas uz nevienm\u0113r\u012bgas pigment\u0101cijas zon\u0101m un pal\u012bdz pan\u0101kt vienm\u0113r\u012bg\u0101ku sejas kr\u0101su.<\/p>\n<p data-start=\"1074\" data-end=\"1247\">Piem\u0113rots visiem \u0101das tipiem, tostarp \u0101dai ar noslieci uz pigment\u0101ciju, nevienm\u0113r\u012bgu toni un saules boj\u0101jumu paz\u012bm\u0113m. Var lietot visu gadu k\u0101 da\u013cu no ikdienas \u0101das kop\u0161anas.<\/p>\n<p data-start=\"1249\" data-end=\"1271\"><strong data-start=\"1249\" data-end=\"1261\">Tilpums:<\/strong> <strong data-start=\"1262\" data-end=\"1271\">30 ml<\/strong><\/p>\n","protected":false},"excerpt":{"rendered":"<p data-start=\"1395\" data-end=\"1417\">Serums ar azela\u012bnsk\u0101bi<\/p>\n<h2 data-start=\"1419\" data-end=\"1468\"><strong data-start=\"1419\" data-end=\"1468\">\u012apa\u0161\u012bbas Sesderma &#8211; AZELAC RU Liposomal Serum<\/strong><\/h2>\n<p data-start=\"1470\" data-end=\"1664\">\u2714\ufe0f Izl\u012bdzina \u0101das toni un pigment\u0101ciju<br data-start=\"1508\" data-end=\"1511\" \/>\u2714\ufe0f Pal\u012bdz nov\u0113rst jaunu plankumu veido\u0161anos<br data-start=\"1554\" data-end=\"1557\" \/>\u2714\ufe0f Atbalsta \u0101das tvirtumu un bl\u012bvumu<br data-start=\"1593\" data-end=\"1596\" \/>\u2714\ufe0f Mazina redzam\u0101s fotonoveco\u0161an\u0101s paz\u012bmes<br data-start=\"1638\" data-end=\"1641\" \/>\u2714\ufe0f Padara \u0101du glud\u0101ku<\/p>\n","protected":false},"featured_media":73998,"template":"","meta":[],"pwb-brand":[1262],"product_brand":[],"product_cat":[749,751,723],"product_tag":[],"giftcard-category":[],"class_list":{"0":"post-74005","1":"product","2":"type-product","3":"status-publish","4":"has-post-thumbnail","6":"pwb-brand-sesderma-lv","7":"product_cat-novecojosa-ada","8":"product_cat-pigmentacija-lv","9":"product_cat-serumi","11":"first","12":"instock","13":"sale","14":"taxable","15":"shipping-taxable","16":"purchasable","17":"product-type-simple"},"acf":[],"brands":[{"id":1262,"name":"Sesderma","slug":"sesderma-lv"}],"_links":{"self":[{"href":"https:\/\/skinstudio.ee\/lv\/wp-json\/wp\/v2\/product\/74005","targetHints":{"allow":["GET"]}}],"collection":[{"href":"https:\/\/skinstudio.ee\/lv\/wp-json\/wp\/v2\/product"}],"about":[{"href":"https:\/\/skinstudio.ee\/lv\/wp-json\/wp\/v2\/types\/product"}],"version-history":[{"count":1,"href":"https:\/\/skinstudio.ee\/lv\/wp-json\/wp\/v2\/product\/74005\/revisions"}],"predecessor-version":[{"id":74006,"href":"https:\/\/skinstudio.ee\/lv\/wp-json\/wp\/v2\/product\/74005\/revisions\/74006"}],"wp:featuredmedia":[{"embeddable":true,"href":"https:\/\/skinstudio.ee\/lv\/wp-json\/wp\/v2\/media\/73998"}],"wp:attachment":[{"href":"https:\/\/skinstudio.ee\/lv\/wp-json\/wp\/v2\/media?parent=74005"}],"wp:term":[{"taxonomy":"pwb-brand","embeddable":true,"href":"https:\/\/skinstudio.ee\/lv\/wp-json\/wp\/v2\/pwb-brand?post=74005"},{"taxonomy":"product_brand","embeddable":true,"href":"https:\/\/skinstudio.ee\/lv\/wp-json\/wp\/v2\/product_brand?post=74005"},{"taxonomy":"product_cat","embeddable":true,"href":"https:\/\/skinstudio.ee\/lv\/wp-json\/wp\/v2\/product_cat?post=74005"},{"taxonomy":"product_tag","embeddable":true,"href":"https:\/\/skinstudio.ee\/lv\/wp-json\/wp\/v2\/product_tag?post=74005"},{"taxonomy":"giftcard-category","embeddable":true,"href":"https:\/\/skinstudio.ee\/lv\/wp-json\/wp\/v2\/giftcard-category?post=74005"}],"curies":[{"name":"wp","href":"https:\/\/api.w.org\/{rel}","templated":true}]}}