{"id":74025,"date":"2026-01-15T08:54:36","date_gmt":"2026-01-15T08:54:36","guid":{"rendered":"https:\/\/skinstudio.ee\/?post_type=product&#038;p=74025"},"modified":"2026-01-21T13:57:22","modified_gmt":"2026-01-21T13:57:22","slug":"azelac-ru-luminous-fluid-cream-spf50","status":"publish","type":"product","link":"https:\/\/skinstudio.ee\/lv\/catalog\/sesderma-lv\/azelac-ru-luminous-fluid-cream-spf50\/","title":{"rendered":"AZELAC RU Luminous Fluid Cream SPF50"},"content":{"rendered":"<p data-start=\"198\" data-end=\"549\">AZELAC RU Luminous Fluid Cream SPF50 no Sesderma ir aizsarg\u0101jo\u0161s fluidkr\u0113ms ikdienas \u0101das kop\u0161anai, ja \u0101dai ir pigment\u0101cija, nevienm\u0113r\u012bgs tonis un nosliece uz saules rad\u012btiem boj\u0101jumiem. Formula apvieno to\u0146a kori\u0123\u0113jo\u0161u kop\u0161anu ar augsta l\u012bme\u0146a saules aizsardz\u012bbu, pal\u012bdzot \u0101dai saglab\u0101t vienm\u0113r\u012bg\u0101ku, kopt\u0101ku un aizsarg\u0101tu izskatu visas dienas garum\u0101.<\/p>\n<p data-start=\"551\" data-end=\"815\">Viegl\u0101 fluid\u0101 tekst\u016bra pat\u012bkami kl\u0101jas uz \u0101das, \u0101tri ies\u016bcas un neapgr\u016btina \u0101du, t\u0101p\u0113c ir piem\u0113rota ikdienas lieto\u0161anai visu gadu. Regul\u0101ri lietojot, \u0101da izskat\u0101s vienm\u0113r\u012bg\u0101ka p\u0113c to\u0146a, svaig\u0101ka un kopt\u0101ka, bet kop\u0113jais sejas izskats k\u013c\u016bst t\u012br\u0101ks un l\u012bdzsvarot\u0101ks.<\/p>\n<p data-start=\"817\" data-end=\"850\"><strong data-start=\"817\" data-end=\"850\">Galveno komponentu iedarb\u012bba:<\/strong><\/p>\n<p data-start=\"852\" data-end=\"1143\"><strong data-start=\"852\" data-end=\"871\">Tranexamic Acid<\/strong> &#8211; pal\u012bdz mazin\u0101t pigment\u0101cijas redzam\u012bbu un uztur\u0113t vienm\u0113r\u012bg\u0101ku \u0101das toni.<br data-start=\"947\" data-end=\"950\" \/><strong data-start=\"950\" data-end=\"966\">Azelaic Acid<\/strong> &#8211; pal\u012bdz kori\u0123\u0113t \u0101das toni un uzlabot \u0101das kop\u0113jo st\u0101vokli.<br data-start=\"1026\" data-end=\"1029\" \/><strong data-start=\"1029\" data-end=\"1050\">4-Butylresorcinol<\/strong> &#8211; iedarbojas uz nevienm\u0113r\u012bgas pigment\u0101cijas zon\u0101m un pal\u012bdz pan\u0101kt vienm\u0113r\u012bg\u0101ku sejas kr\u0101su.<\/p>\n<p data-start=\"1145\" data-end=\"1309\">Piem\u0113rots visiem \u0101das tipiem, tostarp \u0101dai ar pigment\u0101ciju, nevienm\u0113r\u012bgu toni un saules boj\u0101jumu paz\u012bm\u0113m. Var lietot ikdien\u0101 un visu gadu k\u0101 dienas aizsargl\u012bdzekli.<\/p>\n<p data-start=\"1311\" data-end=\"1333\"><strong data-start=\"1311\" data-end=\"1323\">Tilpums:<\/strong> <strong data-start=\"1324\" data-end=\"1333\">50 ml<\/strong><\/p>\n","protected":false},"excerpt":{"rendered":"<p data-start=\"1505\" data-end=\"1540\">Fluidkr\u0113ms ar azela\u012bnsk\u0101bi un SPF50<\/p>\n<h2 data-start=\"1542\" data-end=\"1602\"><strong data-start=\"1542\" data-end=\"1602\">\u012apa\u0161\u012bbas Sesderma &#8211; AZELAC RU Luminous Fluid Cream SPF50<\/strong><\/h2>\n<p data-start=\"1604\" data-end=\"1816\">\u2714\ufe0f Izl\u012bdzina \u0101das toni un mazina pigment\u0101ciju<br data-start=\"1649\" data-end=\"1652\" \/>\u2714\ufe0f Pal\u012bdz nov\u0113rst jaunu plankumu veido\u0161anos<br data-start=\"1695\" data-end=\"1698\" \/>\u2714\ufe0f Nodro\u0161ina augsta l\u012bme\u0146a saules aizsardz\u012bbu<br data-start=\"1743\" data-end=\"1746\" \/>\u2714\ufe0f Padara \u0101du glud\u0101ku un svaig\u0101ku<br data-start=\"1779\" data-end=\"1782\" \/>\u2714\ufe0f Piem\u0113rots ikdienas lieto\u0161anai<\/p>\n","protected":false},"featured_media":74018,"template":"","meta":[],"pwb-brand":[1262],"product_brand":[],"product_cat":[737,749,751,731],"product_tag":[],"giftcard-category":[],"class_list":{"0":"post-74025","1":"product","2":"type-product","3":"status-publish","4":"has-post-thumbnail","6":"pwb-brand-sesderma-lv","7":"product_cat-mitrinasana","8":"product_cat-novecojosa-ada","9":"product_cat-pigmentacija-lv","10":"product_cat-spf-aizsardziba","12":"first","13":"instock","14":"sale","15":"taxable","16":"shipping-taxable","17":"purchasable","18":"product-type-simple"},"acf":[],"brands":[{"id":1262,"name":"Sesderma","slug":"sesderma-lv"}],"_links":{"self":[{"href":"https:\/\/skinstudio.ee\/lv\/wp-json\/wp\/v2\/product\/74025","targetHints":{"allow":["GET"]}}],"collection":[{"href":"https:\/\/skinstudio.ee\/lv\/wp-json\/wp\/v2\/product"}],"about":[{"href":"https:\/\/skinstudio.ee\/lv\/wp-json\/wp\/v2\/types\/product"}],"version-history":[{"count":1,"href":"https:\/\/skinstudio.ee\/lv\/wp-json\/wp\/v2\/product\/74025\/revisions"}],"predecessor-version":[{"id":74026,"href":"https:\/\/skinstudio.ee\/lv\/wp-json\/wp\/v2\/product\/74025\/revisions\/74026"}],"wp:featuredmedia":[{"embeddable":true,"href":"https:\/\/skinstudio.ee\/lv\/wp-json\/wp\/v2\/media\/74018"}],"wp:attachment":[{"href":"https:\/\/skinstudio.ee\/lv\/wp-json\/wp\/v2\/media?parent=74025"}],"wp:term":[{"taxonomy":"pwb-brand","embeddable":true,"href":"https:\/\/skinstudio.ee\/lv\/wp-json\/wp\/v2\/pwb-brand?post=74025"},{"taxonomy":"product_brand","embeddable":true,"href":"https:\/\/skinstudio.ee\/lv\/wp-json\/wp\/v2\/product_brand?post=74025"},{"taxonomy":"product_cat","embeddable":true,"href":"https:\/\/skinstudio.ee\/lv\/wp-json\/wp\/v2\/product_cat?post=74025"},{"taxonomy":"product_tag","embeddable":true,"href":"https:\/\/skinstudio.ee\/lv\/wp-json\/wp\/v2\/product_tag?post=74025"},{"taxonomy":"giftcard-category","embeddable":true,"href":"https:\/\/skinstudio.ee\/lv\/wp-json\/wp\/v2\/giftcard-category?post=74025"}],"curies":[{"name":"wp","href":"https:\/\/api.w.org\/{rel}","templated":true}]}}