{"id":74041,"date":"2026-01-15T09:01:29","date_gmt":"2026-01-15T09:01:29","guid":{"rendered":"https:\/\/skinstudio.ee\/?post_type=product&#038;p=74041"},"modified":"2026-01-21T13:57:22","modified_gmt":"2026-01-21T13:57:22","slug":"c-vit-5-liposomal-serum","status":"publish","type":"product","link":"https:\/\/skinstudio.ee\/lv\/catalog\/sesderma\/c-vit-5-liposomal-serum\/","title":{"rendered":"C-VIT 5 Liposomal Serum"},"content":{"rendered":"<p data-start=\"195\" data-end=\"478\">C-VIT 5 Liposomal Serum no Sesderma ir koncentr\u0113ts liposom\u0101ls serums regul\u0101rai \u0101das kop\u0161anai bl\u0101vai, noguru\u0161ai \u0101dai un \u0101dai ar pirmaj\u0101m noveco\u0161an\u0101s paz\u012bm\u0113m. Formula ir v\u0113rsta uz visp\u0101r\u0113j\u0101s \u0101das kvalit\u0101tes uzlabo\u0161anu, pal\u012bdzot sejas kr\u0101sai izskat\u012bties svaig\u0101kai, gai\u0161\u0101kai un kopt\u0101kai.<\/p>\n<p data-start=\"480\" data-end=\"721\">Viegl\u0101 tekst\u016bra \u0101tri ies\u016bcas un ir pat\u012bkama uz \u0101das, padarot serumu piem\u0113rotu gan kursa veid\u0101, gan ikdienas lieto\u0161anai. Regul\u0101ri lietojot, \u0101da izskat\u0101s vienm\u0113r\u012bg\u0101ka, lab\u0101k mitrin\u0101ta un tvirt\u0101ka, bet sejas kr\u0101sa k\u013c\u016bst starojo\u0161\u0101ka un svaig\u0101ka.<\/p>\n<p data-start=\"723\" data-end=\"756\"><strong data-start=\"723\" data-end=\"756\">Galveno komponentu iedarb\u012bba:<\/strong><\/p>\n<p data-start=\"758\" data-end=\"1055\"><strong data-start=\"758\" data-end=\"779\">Vitamin C Complex<\/strong> &#8211; pal\u012bdz uzlabot \u0101das mirdzumu, atbalsta vienm\u0113r\u012bg\u0101ku \u0101das toni un pie\u0161\u0137ir sejai starojo\u0161\u0101ku izskatu.<br data-start=\"881\" data-end=\"884\" \/><strong data-start=\"884\" data-end=\"913\">Centella Asiatica Extract<\/strong> &#8211; pal\u012bdz uztur\u0113t \u0101das tvirtumu un glud\u0101ku \u0101das tekst\u016bru.<br data-start=\"970\" data-end=\"973\" \/><strong data-start=\"973\" data-end=\"995\">Sodium Hyaluronate<\/strong> &#8211; intens\u012bvi mitrina \u0101du un pal\u012bdz saglab\u0101t komforta saj\u016btu.<\/p>\n<p data-start=\"1057\" data-end=\"1231\">Piem\u0113rots visiem \u0101das tipiem, tostarp \u0101dai ar bl\u0101vu toni, noguruma paz\u012bm\u0113m un pirmaj\u0101m noveco\u0161an\u0101s paz\u012bm\u0113m. Var lietot gan kursa veid\u0101, gan k\u0101 da\u013cu no ikdienas \u0101das kop\u0161anas.<\/p>\n<p data-start=\"1233\" data-end=\"1255\"><strong data-start=\"1233\" data-end=\"1245\">Tilpums:<\/strong> <strong data-start=\"1246\" data-end=\"1255\">30 ml<\/strong><\/p>\n","protected":false},"excerpt":{"rendered":"<p data-start=\"1397\" data-end=\"1417\">Serums ar C vitam\u012bnu<\/p>\n<h2 data-start=\"1419\" data-end=\"1466\"><strong data-start=\"1419\" data-end=\"1466\">\u012apa\u0161\u012bbas Sesderma &#8211; C-VIT 5 Liposomal Serum<\/strong><\/h2>\n<p data-start=\"1468\" data-end=\"1665\">\u2714\ufe0f Padara \u0101du redzami starojo\u0161\u0101ku<br data-start=\"1501\" data-end=\"1504\" \/>\u2714\ufe0f Atgrie\u017e sejai svaigumu un ener\u0123iju<br data-start=\"1541\" data-end=\"1544\" \/>\u2714\ufe0f Izl\u012bdzina \u0101das toni un uzlabo sejas kr\u0101su<br data-start=\"1588\" data-end=\"1591\" \/>\u2714\ufe0f Padara \u0101du tvirt\u0101ku un glud\u0101ku<br data-start=\"1624\" data-end=\"1627\" \/>\u2714\ufe0f Intens\u012bvi mitrina un m\u012bkstina \u0101du<\/p>\n","protected":false},"featured_media":74033,"template":"","meta":[],"pwb-brand":[1262],"product_brand":[],"product_cat":[729,749,723],"product_tag":[],"giftcard-category":[],"class_list":{"0":"post-74041","1":"product","2":"type-product","3":"status-publish","4":"has-post-thumbnail","6":"pwb-brand-sesderma","7":"product_cat-c-vitamins","8":"product_cat-novecojosa-ada","9":"product_cat-serumi","11":"first","12":"instock","13":"sale","14":"taxable","15":"shipping-taxable","16":"purchasable","17":"product-type-simple"},"acf":[],"brands":[{"id":1262,"name":"Sesderma","slug":"sesderma"}],"_links":{"self":[{"href":"https:\/\/skinstudio.ee\/lv\/wp-json\/wp\/v2\/product\/74041","targetHints":{"allow":["GET"]}}],"collection":[{"href":"https:\/\/skinstudio.ee\/lv\/wp-json\/wp\/v2\/product"}],"about":[{"href":"https:\/\/skinstudio.ee\/lv\/wp-json\/wp\/v2\/types\/product"}],"version-history":[{"count":1,"href":"https:\/\/skinstudio.ee\/lv\/wp-json\/wp\/v2\/product\/74041\/revisions"}],"predecessor-version":[{"id":74042,"href":"https:\/\/skinstudio.ee\/lv\/wp-json\/wp\/v2\/product\/74041\/revisions\/74042"}],"wp:featuredmedia":[{"embeddable":true,"href":"https:\/\/skinstudio.ee\/lv\/wp-json\/wp\/v2\/media\/74033"}],"wp:attachment":[{"href":"https:\/\/skinstudio.ee\/lv\/wp-json\/wp\/v2\/media?parent=74041"}],"wp:term":[{"taxonomy":"pwb-brand","embeddable":true,"href":"https:\/\/skinstudio.ee\/lv\/wp-json\/wp\/v2\/pwb-brand?post=74041"},{"taxonomy":"product_brand","embeddable":true,"href":"https:\/\/skinstudio.ee\/lv\/wp-json\/wp\/v2\/product_brand?post=74041"},{"taxonomy":"product_cat","embeddable":true,"href":"https:\/\/skinstudio.ee\/lv\/wp-json\/wp\/v2\/product_cat?post=74041"},{"taxonomy":"product_tag","embeddable":true,"href":"https:\/\/skinstudio.ee\/lv\/wp-json\/wp\/v2\/product_tag?post=74041"},{"taxonomy":"giftcard-category","embeddable":true,"href":"https:\/\/skinstudio.ee\/lv\/wp-json\/wp\/v2\/giftcard-category?post=74041"}],"curies":[{"name":"wp","href":"https:\/\/api.w.org\/{rel}","templated":true}]}}